{"id":954,"date":"2023-03-19T14:19:18","date_gmt":"2023-03-19T13:19:18","guid":{"rendered":"https:\/\/peixateriafite.com\/?post_type=product&#038;p=954"},"modified":"2023-04-20T08:53:09","modified_gmt":"2023-04-20T07:53:09","slug":"bogavante-nacional-azul","status":"publish","type":"product","link":"https:\/\/peixateriafite.com\/index.php\/product\/bogavante-nacional-azul\/","title":{"rendered":"Bogavante Nacional Vivo (azul) 500gr"},"content":{"rendered":"<p>El bogavante nacional es un marisco de gran calidad y sabor excepcional. Este crust\u00e1ceo se distingue del bogavante canadiense por su origen, ya que es capturado en las costas espa\u00f1olas, lo que garantiza su frescura y calidad.<\/p>\n<p>El bogavante nacional es uno de los mariscos m\u00e1s valorados en la gastronom\u00eda espa\u00f1ola debido a su exquisito sabor y textura. Su carne es tierna y jugosa, con un sabor intenso y caracter\u00edstico que lo convierte en uno de los manjares del marisco nacional.<\/p>\n<p>La carne del bogavante nacional es rica en prote\u00ednas, baja en grasas y una fuente de vitaminas y minerales esenciales, como el hierro y el zinc. Estos nutrientes son importantes para mantener una buena salud y un sistema inmunol\u00f3gico fuerte.<\/p>\n<p>A diferencia del bogavante canadiense, el bogavante nacional es de mayor calidad debido a que es capturado en aguas m\u00e1s limpias , lo que le confiere un sabor y textura superior. Adem\u00e1s, el bogavante nacional es m\u00e1s exquisito que el bogavante canadiense, ya que es del mediterraneo.<\/p>\n<p>En nuestra tienda online, nos aseguramos de ofrecerte solo el bogavante nacional m\u00e1s fresco y de la mejor calidad. Haz tu pedido ahora y disfruta de una experiencia gastron\u00f3mica \u00fanica e inolvidable con este exquisito marisco. \u00a1Te garantizamos que no te arrepentir\u00e1s!<\/p>\n","protected":false},"excerpt":{"rendered":"<p>Bogavante nacional (azul)<\/p>\n","protected":false},"featured_media":4418,"comment_status":"open","ping_status":"closed","template":"","meta":[],"product_brand":[],"product_cat":[41],"product_tag":[151,157,158,156,159,153,162,163,164],"class_list":{"0":"post-954","1":"product","2":"type-product","3":"status-publish","4":"has-post-thumbnail","6":"product_cat-mariscos","7":"product_tag-bogavante","8":"product_tag-bogavante-azul","9":"product_tag-bogavante-de-calidad","10":"product_tag-bogavante-nacional","11":"product_tag-llam","12":"product_tag-llamantol","13":"product_tag-llamantol-blau","14":"product_tag-llamantol-nacional","15":"product_tag-llamantol-pais","17":"first","18":"instock","19":"taxable","20":"shipping-taxable","21":"purchasable","22":"product-type-variable"},"jetpack_sharing_enabled":true,"_links":{"self":[{"href":"https:\/\/peixateriafite.com\/index.php\/wp-json\/wp\/v2\/product\/954","targetHints":{"allow":["GET"]}}],"collection":[{"href":"https:\/\/peixateriafite.com\/index.php\/wp-json\/wp\/v2\/product"}],"about":[{"href":"https:\/\/peixateriafite.com\/index.php\/wp-json\/wp\/v2\/types\/product"}],"replies":[{"embeddable":true,"href":"https:\/\/peixateriafite.com\/index.php\/wp-json\/wp\/v2\/comments?post=954"}],"wp:featuredmedia":[{"embeddable":true,"href":"https:\/\/peixateriafite.com\/index.php\/wp-json\/wp\/v2\/media\/4418"}],"wp:attachment":[{"href":"https:\/\/peixateriafite.com\/index.php\/wp-json\/wp\/v2\/media?parent=954"}],"wp:term":[{"taxonomy":"product_brand","embeddable":true,"href":"https:\/\/peixateriafite.com\/index.php\/wp-json\/wp\/v2\/product_brand?post=954"},{"taxonomy":"product_cat","embeddable":true,"href":"https:\/\/peixateriafite.com\/index.php\/wp-json\/wp\/v2\/product_cat?post=954"},{"taxonomy":"product_tag","embeddable":true,"href":"https:\/\/peixateriafite.com\/index.php\/wp-json\/wp\/v2\/product_tag?post=954"}],"curies":[{"name":"wp","href":"https:\/\/api.w.org\/{rel}","templated":true}]}}