{"id":949,"date":"2023-03-19T13:30:56","date_gmt":"2023-03-19T12:30:56","guid":{"rendered":"https:\/\/peixateriafite.com\/?post_type=product&#038;p=949"},"modified":"2023-11-20T18:10:43","modified_gmt":"2023-11-20T17:10:43","slug":"mejillon-del-delta-del-ebro-temporada","status":"publish","type":"product","link":"https:\/\/peixateriafite.com\/index.php\/product\/mejillon-del-delta-del-ebro-temporada\/","title":{"rendered":"Mejill\u00f3n del Delta del Ebro (temporada) 500gr"},"content":{"rendered":"<div class=\"group w-full text-gray-800 dark:text-gray-100 border-b border-black\/10 dark:border-gray-900\/50 bg-gray-50 dark:bg-[#444654]\">\n<div class=\"text-base gap-4 md:gap-6 md:max-w-2xl lg:max-w-2xl xl:max-w-3xl p-4 md:py-6 flex lg:px-0 m-auto\">\n<div class=\"relative flex w-[calc(100%-50px)] flex-col gap-1 md:gap-3 lg:w-[calc(100%-115px)]\">\n<div class=\"flex flex-grow flex-col gap-3\">\n<div class=\"min-h-[20px] flex flex-col items-start gap-4 whitespace-pre-wrap\">\n<div class=\"markdown prose w-full break-words dark:prose-invert light\">\n<p>El mejill\u00f3n del Delta del Ebro es un marisco de temporada que se cr\u00eda en las aguas fr\u00edas y cristalinas del delta del r\u00edo Ebro, en el noreste de Espa\u00f1a. Debido a las condiciones \u00fanicas de su h\u00e1bitat, el mejill\u00f3n del Delta del Ebro se caracteriza por su sabor intenso y su textura firme y jugosa.<\/p>\n<p>En nuestra tienda online, nos aseguramos de ofrecerte solo el mejill\u00f3n del Delta del Ebro de temporada, seleccionado cuidadosamente por expertos para garantizar que recibas solo lo mejor.<\/p>\n<p>El mejill\u00f3n del Delta del Ebro es un alimento altamente nutritivo, rico en prote\u00ednas de alta calidad, bajo en grasas saturadas y una importante fuente de minerales como el hierro, el calcio y el zinc, que son esenciales para una buena salud.<\/p>\n<p><strong>La temporada del mejill\u00f3n del Delta del Ebro comienza a finales del verano y se extiende hasta principios de primavera<\/strong>. Durante esta \u00e9poca, el mejill\u00f3n alcanza su m\u00e1ximo esplendor en sabor y textura, convirti\u00e9ndose en un aut\u00e9ntico manjar del mar.<\/p>\n<p>El mejill\u00f3n del Delta del Ebro se puede preparar de muchas maneras, ya sea al vapor, a la plancha, en salsa, relleno, entre otros platos. Su sabor \u00fanico y su textura firme lo convierten en un ingrediente imprescindible para los amantes de la buena cocina.<\/p>\n<p>No te conformes con cualquier mejill\u00f3n, haz tu pedido ahora y disfruta del mejill\u00f3n del Delta del Ebro de temporada. Te garantizamos que no te arrepentir\u00e1s y que descubrir\u00e1s por qu\u00e9 es uno de los mariscos m\u00e1s apreciados por los paladares m\u00e1s exigentes. \u00a1No esperes m\u00e1s para disfrutar de este exquisito manjar del mar!<\/p>\n<\/div>\n<\/div>\n<\/div>\n<div class=\"flex justify-between\">\n<div class=\"text-gray-400 flex self-end lg:self-center justify-center mt-2 gap-3 md:gap-4 lg:gap-1 lg:absolute lg:top-0 lg:translate-x-full lg:right-0 lg:mt-0 lg:pl-2 visible\"><\/div>\n<\/div>\n<\/div>\n<\/div>\n<\/div>\n","protected":false},"excerpt":{"rendered":"<p>Mejill\u00f3n del Delta del Ebro<\/p>\n<p><strong>La temporada del mejill\u00f3n del Delta del Ebro comienza a finales del verano y se extiende hasta principios de primavera.<\/strong><\/p>\n","protected":false},"featured_media":4429,"comment_status":"open","ping_status":"closed","template":"","meta":[],"product_brand":[],"product_cat":[41],"product_tag":[137,124,138,134,135,136],"class_list":{"0":"post-949","1":"product","2":"type-product","3":"status-publish","4":"has-post-thumbnail","6":"product_cat-mariscos","7":"product_tag-caja-madera","8":"product_tag-mejillon","9":"product_tag-mejillon-caja-de-madera","10":"product_tag-mejillon-calidad","11":"product_tag-mejillon-delta","12":"product_tag-mejillon-rovellon","14":"first","15":"outofstock","16":"taxable","17":"shipping-taxable","18":"product-type-variable"},"jetpack_sharing_enabled":true,"_links":{"self":[{"href":"https:\/\/peixateriafite.com\/index.php\/wp-json\/wp\/v2\/product\/949","targetHints":{"allow":["GET"]}}],"collection":[{"href":"https:\/\/peixateriafite.com\/index.php\/wp-json\/wp\/v2\/product"}],"about":[{"href":"https:\/\/peixateriafite.com\/index.php\/wp-json\/wp\/v2\/types\/product"}],"replies":[{"embeddable":true,"href":"https:\/\/peixateriafite.com\/index.php\/wp-json\/wp\/v2\/comments?post=949"}],"wp:featuredmedia":[{"embeddable":true,"href":"https:\/\/peixateriafite.com\/index.php\/wp-json\/wp\/v2\/media\/4429"}],"wp:attachment":[{"href":"https:\/\/peixateriafite.com\/index.php\/wp-json\/wp\/v2\/media?parent=949"}],"wp:term":[{"taxonomy":"product_brand","embeddable":true,"href":"https:\/\/peixateriafite.com\/index.php\/wp-json\/wp\/v2\/product_brand?post=949"},{"taxonomy":"product_cat","embeddable":true,"href":"https:\/\/peixateriafite.com\/index.php\/wp-json\/wp\/v2\/product_cat?post=949"},{"taxonomy":"product_tag","embeddable":true,"href":"https:\/\/peixateriafite.com\/index.php\/wp-json\/wp\/v2\/product_tag?post=949"}],"curies":[{"name":"wp","href":"https:\/\/api.w.org\/{rel}","templated":true}]}}