{"id":947,"date":"2023-03-19T13:24:58","date_gmt":"2023-03-19T12:24:58","guid":{"rendered":"https:\/\/peixateriafite.com\/?post_type=product&#038;p=947"},"modified":"2023-04-14T14:58:25","modified_gmt":"2023-04-14T13:58:25","slug":"mejillon-gallego-calidad-superior","status":"publish","type":"product","link":"https:\/\/peixateriafite.com\/index.php\/product\/mejillon-gallego-calidad-superior\/","title":{"rendered":"Mejillon Gallego calidad Superior 500gr"},"content":{"rendered":"<p>El mejill\u00f3n gallego es considerado uno de los mejores mariscos del mundo, y no es para menos. Este molusco se cr\u00eda en las aguas fr\u00edas y cristalinas de la costa de Galicia, en el noroeste de Espa\u00f1a, lo que le confiere su sabor intenso y su textura firme y jugosa.<\/p>\n<p>En nuestra tienda online, nos aseguramos de ofrecerte solo el mejill\u00f3n gallego de calidad superior, seleccionado cuidadosamente por expertos para garantizar que recibas solo lo mejor.<\/p>\n<p>Adem\u00e1s de su exquisito sabor, el mejill\u00f3n gallego es un alimento altamente nutritivo. Es rico en prote\u00ednas de alta calidad, bajo en grasas saturadas y una importante fuente de minerales como el hierro, el calcio y el zinc, que son esenciales para una buena salud.<\/p>\n<p>El mejill\u00f3n gallego se puede preparar de muchas maneras, ya sea al vapor, a la plancha, en salsa, relleno, entre otros platos. Su sabor \u00fanico y su textura firme lo convierten en un ingrediente imprescindible para los amantes de la buena cocina.<\/p>\n<p>No te conformes con cualquier mejill\u00f3n, haz tu pedido ahora y disfruta del mejill\u00f3n gallego de calidad superior. Te garantizamos que no te arrepentir\u00e1s y que descubrir\u00e1s por qu\u00e9 es uno de los mariscos m\u00e1s apreciados por los paladares m\u00e1s exigentes. \u00a1No esperes m\u00e1s para disfrutar de este exquisito manjar del mar!<\/p>\n","protected":false},"excerpt":{"rendered":"<p>mejillon gallego<\/p>\n","protected":false},"featured_media":2526,"comment_status":"open","ping_status":"closed","template":"","meta":[],"product_brand":[],"product_cat":[41],"product_tag":[55,130,124,126,129,125,127,128],"class_list":{"0":"post-947","1":"product","2":"type-product","3":"status-publish","4":"has-post-thumbnail","6":"product_cat-mariscos","7":"product_tag-galicia","8":"product_tag-gallegos","9":"product_tag-mejillon","10":"product_tag-mejillon-gallego","11":"product_tag-mejillones","12":"product_tag-musclo","13":"product_tag-musclo-galleg","14":"product_tag-musclos","16":"first","17":"instock","18":"taxable","19":"shipping-taxable","20":"purchasable","21":"product-type-variable"},"jetpack_sharing_enabled":true,"_links":{"self":[{"href":"https:\/\/peixateriafite.com\/index.php\/wp-json\/wp\/v2\/product\/947","targetHints":{"allow":["GET"]}}],"collection":[{"href":"https:\/\/peixateriafite.com\/index.php\/wp-json\/wp\/v2\/product"}],"about":[{"href":"https:\/\/peixateriafite.com\/index.php\/wp-json\/wp\/v2\/types\/product"}],"replies":[{"embeddable":true,"href":"https:\/\/peixateriafite.com\/index.php\/wp-json\/wp\/v2\/comments?post=947"}],"wp:featuredmedia":[{"embeddable":true,"href":"https:\/\/peixateriafite.com\/index.php\/wp-json\/wp\/v2\/media\/2526"}],"wp:attachment":[{"href":"https:\/\/peixateriafite.com\/index.php\/wp-json\/wp\/v2\/media?parent=947"}],"wp:term":[{"taxonomy":"product_brand","embeddable":true,"href":"https:\/\/peixateriafite.com\/index.php\/wp-json\/wp\/v2\/product_brand?post=947"},{"taxonomy":"product_cat","embeddable":true,"href":"https:\/\/peixateriafite.com\/index.php\/wp-json\/wp\/v2\/product_cat?post=947"},{"taxonomy":"product_tag","embeddable":true,"href":"https:\/\/peixateriafite.com\/index.php\/wp-json\/wp\/v2\/product_tag?post=947"}],"curies":[{"name":"wp","href":"https:\/\/api.w.org\/{rel}","templated":true}]}}