{"id":946,"date":"2023-03-19T13:21:51","date_gmt":"2023-03-19T12:21:51","guid":{"rendered":"https:\/\/peixateriafite.com\/?post_type=product&#038;p=946"},"modified":"2023-04-14T15:02:15","modified_gmt":"2023-04-14T14:02:15","slug":"calamarcito-pequeno-mediano-de-playa","status":"publish","type":"product","link":"https:\/\/peixateriafite.com\/index.php\/product\/calamarcito-pequeno-mediano-de-playa\/","title":{"rendered":"Calamar playa peque\u00f1o 500gr"},"content":{"rendered":"<p>El calamar de playa es un marisco que se caracteriza por su carne tierna y suave, as\u00ed como por su sabor inigualable. Este cefal\u00f3podo se encuentra en las aguas cristalinas del Mediterr\u00e1neo, donde se alimenta de una dieta variada y saludable, lo que contribuye a su alto valor nutricional.<\/p>\n<p>En nuestra tienda online, nos aseguramos de ofrecerte solo el calamar de playa m\u00e1s fresco y de la mejor calidad. Cada una de nuestras piezas es cuidadosamente seleccionada para garantizar que recibas solo lo mejor.<\/p>\n<p>Adem\u00e1s de su exquisito sabor, el calamar de playa es un alimento altamente nutritivo. Es una fuente rica de prote\u00ednas de alta calidad, baja en grasas saturadas y una importante fuente de minerales como el hierro, el calcio y el zinc, que son esenciales para una buena salud.<\/p>\n<p>El calamar de playa es un ingrediente muy vers\u00e1til en la cocina. Se puede preparar de muchas maneras, ya sea a la plancha, a la parrilla, en salsa, relleno, entre otros platos. Su sabor y textura \u00fanicos lo convierten en un ingrediente imprescindible para los amantes de la buena cocina.<\/p>\n<p>No te conformes con cualquier calamar, haz tu pedido ahora y disfruta del calamar de playa m\u00e1s fresco y sabroso del Mediterr\u00e1neo. Te garantizamos que no te arrepentir\u00e1s y que descubrir\u00e1s por qu\u00e9 es uno de los mariscos m\u00e1s apreciados por los amantes de la buena comida. \u00a1No esperes m\u00e1s para disfrutar de este exquisito manjar del mar!<\/p>\n","protected":false},"excerpt":{"rendered":"<p>calamarcito de playa<\/p>\n<p>&nbsp;<\/p>\n","protected":false},"featured_media":4440,"comment_status":"open","ping_status":"closed","template":"","meta":[],"product_brand":[],"product_cat":[40],"product_tag":[113,120,121,123,122],"class_list":{"0":"post-946","1":"product","2":"type-product","3":"status-publish","4":"has-post-thumbnail","6":"product_cat-molusco-fresco","7":"product_tag-calamar-playa","8":"product_tag-calamarcito","9":"product_tag-calamarcito-playa","10":"product_tag-chipiron","11":"product_tag-chipiron-playa","13":"first","14":"instock","15":"taxable","16":"shipping-taxable","17":"purchasable","18":"product-type-variable"},"jetpack_sharing_enabled":true,"_links":{"self":[{"href":"https:\/\/peixateriafite.com\/index.php\/wp-json\/wp\/v2\/product\/946","targetHints":{"allow":["GET"]}}],"collection":[{"href":"https:\/\/peixateriafite.com\/index.php\/wp-json\/wp\/v2\/product"}],"about":[{"href":"https:\/\/peixateriafite.com\/index.php\/wp-json\/wp\/v2\/types\/product"}],"replies":[{"embeddable":true,"href":"https:\/\/peixateriafite.com\/index.php\/wp-json\/wp\/v2\/comments?post=946"}],"wp:featuredmedia":[{"embeddable":true,"href":"https:\/\/peixateriafite.com\/index.php\/wp-json\/wp\/v2\/media\/4440"}],"wp:attachment":[{"href":"https:\/\/peixateriafite.com\/index.php\/wp-json\/wp\/v2\/media?parent=946"}],"wp:term":[{"taxonomy":"product_brand","embeddable":true,"href":"https:\/\/peixateriafite.com\/index.php\/wp-json\/wp\/v2\/product_brand?post=946"},{"taxonomy":"product_cat","embeddable":true,"href":"https:\/\/peixateriafite.com\/index.php\/wp-json\/wp\/v2\/product_cat?post=946"},{"taxonomy":"product_tag","embeddable":true,"href":"https:\/\/peixateriafite.com\/index.php\/wp-json\/wp\/v2\/product_tag?post=946"}],"curies":[{"name":"wp","href":"https:\/\/api.w.org\/{rel}","templated":true}]}}