{"id":924,"date":"2023-03-19T12:33:07","date_gmt":"2023-03-19T11:33:07","guid":{"rendered":"https:\/\/peixateriafite.com\/?post_type=product&#038;p=924"},"modified":"2023-11-04T16:12:33","modified_gmt":"2023-11-04T15:12:33","slug":"rodaballo-salvaje-del-mediterraneo","status":"publish","type":"product","link":"https:\/\/peixateriafite.com\/index.php\/product\/rodaballo-salvaje-del-mediterraneo\/","title":{"rendered":"Rodaballo Salvaje (piezas de 1,5 kg)"},"content":{"rendered":"<p>El rodaballo salvaje del Mediterr\u00e1neo es un tesoro gastron\u00f3mico que no puedes dejar de probar. Con su carne suave y delicada, este pescado es una delicia para los paladares m\u00e1s exigentes. Su sabor intenso y fresco te transportar\u00e1 a las aguas cristalinas de la costa mediterr\u00e1nea.<\/p>\n<p>Pero el rodaballo salvaje del Mediterr\u00e1neo no solo es delicioso, tambi\u00e9n es nutritivo. Este pescado es rico en \u00e1cidos grasos omega-3, que son esenciales para el correcto funcionamiento del cerebro y del sistema cardiovascular. Adem\u00e1s, es una excelente fuente de prote\u00ednas de alta calidad, vitaminas y minerales.<\/p>\n<p>Pero eso no es todo, el rodaballo salvaje del Mediterr\u00e1neo tambi\u00e9n es beneficioso para la salud. Su consumo regular ayuda a reducir el riesgo de enfermedades cardiovasculares, mejora la salud de la piel y el cabello, y fortalece el sistema inmunol\u00f3gico.<\/p>\n<p>En nuestra tienda online, nos aseguramos de ofrecerte solo el mejor rodaballo salvaje del Mediterr\u00e1neo. Capturado de manera sostenible y con una calidad insuperable, cada uno de nuestros productos es cuidadosamente seleccionado para garantizar que recibas solo lo mejor.<\/p>\n<p>No esperes m\u00e1s para disfrutar del sabor y los beneficios del rodaballo salvaje del Mediterr\u00e1neo. \u00a1Haz tu pedido ahora y descubre por qu\u00e9 este pescado es uno de los favoritos de los amantes de la buena cocina!<\/p>\n","protected":false},"excerpt":{"rendered":"<p>rodaballo salvaje del mediterr\u00e1neo pieza de 1,5 kg<\/p>\n","protected":false},"featured_media":6145,"comment_status":"open","ping_status":"closed","template":"","meta":[],"product_brand":[],"product_cat":[38],"product_tag":[97,84,90,95,94,96],"class_list":{"0":"post-924","1":"product","2":"type-product","3":"status-publish","4":"has-post-thumbnail","6":"product_cat-pescadoblanco","7":"product_tag-peix-blanc","8":"product_tag-pescado-blanco","9":"product_tag-rodaballo","10":"product_tag-rodaballo-mediterraneo","11":"product_tag-rodaballo-salvaje","12":"product_tag-turbot-salvatge","14":"first","15":"instock","16":"taxable","17":"shipping-taxable","18":"purchasable","19":"product-type-variable"},"jetpack_sharing_enabled":true,"_links":{"self":[{"href":"https:\/\/peixateriafite.com\/index.php\/wp-json\/wp\/v2\/product\/924","targetHints":{"allow":["GET"]}}],"collection":[{"href":"https:\/\/peixateriafite.com\/index.php\/wp-json\/wp\/v2\/product"}],"about":[{"href":"https:\/\/peixateriafite.com\/index.php\/wp-json\/wp\/v2\/types\/product"}],"replies":[{"embeddable":true,"href":"https:\/\/peixateriafite.com\/index.php\/wp-json\/wp\/v2\/comments?post=924"}],"wp:featuredmedia":[{"embeddable":true,"href":"https:\/\/peixateriafite.com\/index.php\/wp-json\/wp\/v2\/media\/6145"}],"wp:attachment":[{"href":"https:\/\/peixateriafite.com\/index.php\/wp-json\/wp\/v2\/media?parent=924"}],"wp:term":[{"taxonomy":"product_brand","embeddable":true,"href":"https:\/\/peixateriafite.com\/index.php\/wp-json\/wp\/v2\/product_brand?post=924"},{"taxonomy":"product_cat","embeddable":true,"href":"https:\/\/peixateriafite.com\/index.php\/wp-json\/wp\/v2\/product_cat?post=924"},{"taxonomy":"product_tag","embeddable":true,"href":"https:\/\/peixateriafite.com\/index.php\/wp-json\/wp\/v2\/product_tag?post=924"}],"curies":[{"name":"wp","href":"https:\/\/api.w.org\/{rel}","templated":true}]}}