{"id":917,"date":"2023-03-19T12:26:54","date_gmt":"2023-03-19T11:26:54","guid":{"rendered":"https:\/\/peixateriafite.com\/?post_type=product&#038;p=917"},"modified":"2023-04-14T14:48:32","modified_gmt":"2023-04-14T13:48:32","slug":"bacalao-fresco-en-supremas-200gr","status":"publish","type":"product","link":"https:\/\/peixateriafite.com\/index.php\/product\/bacalao-fresco-en-supremas-200gr\/","title":{"rendered":"Filete de bacalao 250gr"},"content":{"rendered":"<p>Te presentamos nuestro lomo de bacalao fresco de Islandia, un pescado blanco y delicioso que es uno de los favoritos de los amantes del mar. Cada pieza de nuestro bacalao es cuidadosamente seleccionada de las aguas m\u00e1s puras de Islandia, para garantizar que puedas disfrutar de un pescado fresco y delicioso en cada bocado.<\/p>\n<p>El lomo de bacalao fresco de Islandia es un pescado blanco y suave, con un sabor delicado y una textura \u00fanica que te encantar\u00e1. Adem\u00e1s, es una fuente rica en prote\u00ednas de alta calidad, \u00e1cidos grasos Omega-3 y vitaminas y minerales esenciales para tu salud.<\/p>\n<p>Nuestros expertos pescadores capturan el bacalao fresco de Islandia de manera sostenible y responsable, lo que garantiza que puedas disfrutar de un pescado fresco y saludable, sin comprometer la salud del ecosistema marino. Adem\u00e1s, nuestro proceso de envasado al vac\u00edo permite que el bacalao llegue a tu hogar en perfectas condiciones, conservando todo su sabor y frescura.<\/p>\n<p>Comer lomo de bacalao fresco de Islandia es beneficioso para tu salud de muchas maneras. Adem\u00e1s de ser rica en prote\u00ednas, este pescado contiene altas cantidades de \u00e1cidos grasos Omega-3, que ayudan a reducir la inflamaci\u00f3n en el cuerpo y reducen el riesgo de enfermedades cardiovasculares. Tambi\u00e9n es una excelente fuente de vitamina D y selenio, nutrientes esenciales para la salud de los huesos, el sistema inmunol\u00f3gico y la tiroides.<\/p>\n<p>No pierdas la oportunidad de probar nuestro delicioso lomo de bacalao fresco de Islandia. Haz tu pedido ahora y disfruta de un pescado fresco y saludable en tu mesa. \u00a1Te encantar\u00e1!<\/p>\n","protected":false},"excerpt":{"rendered":"<p>supremas de filete de bacalao<\/p>\n","protected":false},"featured_media":2551,"comment_status":"open","ping_status":"closed","template":"","meta":[],"product_brand":[],"product_cat":[38],"product_tag":[85,88,86,87,89,84],"class_list":{"0":"post-917","1":"product","2":"type-product","3":"status-publish","4":"has-post-thumbnail","6":"product_cat-pescadoblanco","7":"product_tag-bacalao","8":"product_tag-bacalao-en-lomos","9":"product_tag-bacalao-fresco","10":"product_tag-bacalao-islandia","11":"product_tag-islandia","12":"product_tag-pescado-blanco","14":"first","15":"instock","16":"taxable","17":"shipping-taxable","18":"purchasable","19":"product-type-variable"},"jetpack_sharing_enabled":true,"_links":{"self":[{"href":"https:\/\/peixateriafite.com\/index.php\/wp-json\/wp\/v2\/product\/917","targetHints":{"allow":["GET"]}}],"collection":[{"href":"https:\/\/peixateriafite.com\/index.php\/wp-json\/wp\/v2\/product"}],"about":[{"href":"https:\/\/peixateriafite.com\/index.php\/wp-json\/wp\/v2\/types\/product"}],"replies":[{"embeddable":true,"href":"https:\/\/peixateriafite.com\/index.php\/wp-json\/wp\/v2\/comments?post=917"}],"wp:featuredmedia":[{"embeddable":true,"href":"https:\/\/peixateriafite.com\/index.php\/wp-json\/wp\/v2\/media\/2551"}],"wp:attachment":[{"href":"https:\/\/peixateriafite.com\/index.php\/wp-json\/wp\/v2\/media?parent=917"}],"wp:term":[{"taxonomy":"product_brand","embeddable":true,"href":"https:\/\/peixateriafite.com\/index.php\/wp-json\/wp\/v2\/product_brand?post=917"},{"taxonomy":"product_cat","embeddable":true,"href":"https:\/\/peixateriafite.com\/index.php\/wp-json\/wp\/v2\/product_cat?post=917"},{"taxonomy":"product_tag","embeddable":true,"href":"https:\/\/peixateriafite.com\/index.php\/wp-json\/wp\/v2\/product_tag?post=917"}],"curies":[{"name":"wp","href":"https:\/\/api.w.org\/{rel}","templated":true}]}}