{"id":912,"date":"2023-03-19T12:02:54","date_gmt":"2023-03-19T11:02:54","guid":{"rendered":"https:\/\/peixateriafite.com\/?post_type=product&#038;p=912"},"modified":"2023-04-14T15:00:50","modified_gmt":"2023-04-14T14:00:50","slug":"boqueron-del-mediterraneo","status":"publish","type":"product","link":"https:\/\/peixateriafite.com\/index.php\/product\/boqueron-del-mediterraneo\/","title":{"rendered":"Boquer\u00f3n de costa 500gr"},"content":{"rendered":"<div class=\"flex-1 overflow-hidden\">\n<div class=\"react-scroll-to-bottom--css-iaomo-79elbk h-full dark:bg-gray-800\">\n<div class=\"react-scroll-to-bottom--css-iaomo-1n7m0yu\">\n<div class=\"flex flex-col items-center text-sm dark:bg-gray-800\">\n<div class=\"group w-full text-gray-800 dark:text-gray-100 border-b border-black\/10 dark:border-gray-900\/50 bg-gray-50 dark:bg-[#444654]\">\n<div class=\"text-base gap-4 md:gap-6 md:max-w-2xl lg:max-w-2xl xl:max-w-3xl p-4 md:py-6 flex lg:px-0 m-auto\">\n<div class=\"relative flex w-[calc(100%-50px)] flex-col gap-1 md:gap-3 lg:w-[calc(100%-115px)]\">\n<div class=\"flex flex-grow flex-col gap-3\">\n<div class=\"min-h-[20px] flex flex-col items-start gap-4 whitespace-pre-wrap\">\n<div class=\"markdown prose w-full break-words dark:prose-invert light\">\n<p>Te presentamos nuestro boquer\u00f3n del Mediterr\u00e1neo, un pescado peque\u00f1o pero sabroso que es uno de los tesoros culinarios de esta regi\u00f3n. Cada pieza de nuestro boquer\u00f3n es\u00a0 seleccionado de las aguas m\u00e1s puras del Mediterr\u00e1neo, para garantizar que puedas disfrutar de un pescado fresco y delicioso en cada bocado.<\/p>\n<p>El boquer\u00f3n del Mediterr\u00e1neo es un pescado rico en sabor y textura, con un sabor intenso y \u00fanico que te encantar\u00e1. Adem\u00e1s, es una fuente rica en prote\u00ednas de alta calidad, \u00e1cidos grasos Omega-3 y vitaminas y minerales esenciales para tu salud.<\/p>\n<p>Comer boquer\u00f3n del Mediterr\u00e1neo es beneficioso para tu salud de muchas maneras. Adem\u00e1s de ser rica en prote\u00ednas, este pescado contiene altas cantidades de \u00e1cidos grasos Omega-3, que ayudan a reducir la inflamaci\u00f3n en el cuerpo y reducen el riesgo de enfermedades cardiovasculares. Tambi\u00e9n es una excelente fuente de calcio, hierro y vitamina B12, nutrientes esenciales para la salud de los huesos, el sistema nervioso y el sistema inmunol\u00f3gico.<\/p>\n<p>No pierdas la oportunidad de probar nuestro delicioso boquer\u00f3n del Mediterr\u00e1neo. Haz tu pedido ahora y disfruta de un pescado fresco y saludable en tu mesa. \u00a1Te encantar\u00e1!<\/p>\n<\/div>\n<\/div>\n<\/div>\n<div class=\"flex justify-between\">\n<div class=\"text-gray-400 flex self-end lg:self-center justify-center mt-2 gap-3 md:gap-4 lg:gap-1 lg:absolute lg:top-0 lg:translate-x-full lg:right-0 lg:mt-0 lg:pl-2 visible\"><\/div>\n<\/div>\n<\/div>\n<\/div>\n<\/div>\n<div class=\"w-full h-32 md:h-48 flex-shrink-0\"><\/div>\n<\/div>\n<p>&nbsp;<\/p>\n<\/div>\n<\/div>\n<\/div>\n<div class=\"absolute bottom-0 left-0 w-full border-t md:border-t-0 dark:border-white\/20 md:border-transparent md:dark:border-transparent md:bg-vert-light-gradient bg-white dark:bg-gray-800 md:!bg-transparent dark:md:bg-vert-dark-gradient pt-2\">\n<form class=\"stretch mx-2 flex flex-row gap-3 last:mb-2 md:mx-4 md:last:mb-6 lg:mx-auto lg:max-w-3xl\">\n<div class=\"relative flex h-full flex-1 md:flex-col\">\n<div class=\"flex ml-1 md:w-full md:m-auto md:mb-2 gap-0 md:gap-2 justify-center\">\n<div class=\"flex w-full items-center justify-center gap-2\">Regenerate response<\/div>\n<\/div>\n<\/div>\n<\/form>\n<\/div>\n","protected":false},"excerpt":{"rendered":"<p>boqueron del mediterraneo<\/p>\n","protected":false},"featured_media":703,"comment_status":"open","ping_status":"closed","template":"","meta":[],"product_brand":[],"product_cat":[15],"product_tag":[78,77,76,45,48,79],"class_list":{"0":"post-912","1":"product","2":"type-product","3":"status-publish","4":"has-post-thumbnail","6":"product_cat-pescadoazul","7":"product_tag-anchoa","8":"product_tag-boqueron","9":"product_tag-boqueron-mediterraneo","10":"product_tag-mediterraneo","11":"product_tag-pescado-azul","12":"product_tag-seito","14":"first","15":"instock","16":"taxable","17":"shipping-taxable","18":"purchasable","19":"product-type-variable"},"jetpack_sharing_enabled":true,"_links":{"self":[{"href":"https:\/\/peixateriafite.com\/index.php\/wp-json\/wp\/v2\/product\/912","targetHints":{"allow":["GET"]}}],"collection":[{"href":"https:\/\/peixateriafite.com\/index.php\/wp-json\/wp\/v2\/product"}],"about":[{"href":"https:\/\/peixateriafite.com\/index.php\/wp-json\/wp\/v2\/types\/product"}],"replies":[{"embeddable":true,"href":"https:\/\/peixateriafite.com\/index.php\/wp-json\/wp\/v2\/comments?post=912"}],"wp:featuredmedia":[{"embeddable":true,"href":"https:\/\/peixateriafite.com\/index.php\/wp-json\/wp\/v2\/media\/703"}],"wp:attachment":[{"href":"https:\/\/peixateriafite.com\/index.php\/wp-json\/wp\/v2\/media?parent=912"}],"wp:term":[{"taxonomy":"product_brand","embeddable":true,"href":"https:\/\/peixateriafite.com\/index.php\/wp-json\/wp\/v2\/product_brand?post=912"},{"taxonomy":"product_cat","embeddable":true,"href":"https:\/\/peixateriafite.com\/index.php\/wp-json\/wp\/v2\/product_cat?post=912"},{"taxonomy":"product_tag","embeddable":true,"href":"https:\/\/peixateriafite.com\/index.php\/wp-json\/wp\/v2\/product_tag?post=912"}],"curies":[{"name":"wp","href":"https:\/\/api.w.org\/{rel}","templated":true}]}}