{"id":911,"date":"2023-03-19T11:59:05","date_gmt":"2023-03-19T10:59:05","guid":{"rendered":"https:\/\/peixateriafite.com\/?post_type=product&#038;p=911"},"modified":"2023-04-14T15:00:58","modified_gmt":"2023-04-14T14:00:58","slug":"caballa-del-mediterraneo-pieza-entera","status":"publish","type":"product","link":"https:\/\/peixateriafite.com\/index.php\/product\/caballa-del-mediterraneo-pieza-entera\/","title":{"rendered":"Caballa de playa 500gr"},"content":{"rendered":"<p>nuestra selecci\u00f3n de caballa salvaje, el pescado m\u00e1s sabroso y saludable que puedas imaginar. Cada pieza de nuestro pescado es cuidadosamente seleccionada de las aguas m\u00e1s puras del Mediterr\u00e1neo, para garantizar que puedas disfrutar de un pescado fresco y delicioso en cada bocado.<\/p>\n<p>La caballa salvaje es un pescado rico en sabor y textura, con un sabor intenso y \u00fanico que te encantar\u00e1. Adem\u00e1s, es una fuente rica en prote\u00ednas de alta calidad, \u00e1cidos grasos Omega-3 y vitaminas y minerales esenciales para tu salud.<\/p>\n<p>Nuestros expertos pescadores capturan la caballa salvaje de manera sostenible y responsable, lo que garantiza que puedas disfrutar de un pescado fresco y saludable, sin comprometer la salud del ecosistema marino. Adem\u00e1s, nuestro proceso de envasado al vac\u00edo permite que la caballa llegue a tu hogar en perfectas condiciones, conservando todo su sabor y frescura.<\/p>\n<p>Comer caballa salvaje es beneficioso para tu salud de muchas maneras. Adem\u00e1s de ser rica en prote\u00ednas, este pescado contiene altas cantidades de \u00e1cidos grasos Omega-3, que ayudan a reducir la inflamaci\u00f3n en el cuerpo y reducen el riesgo de enfermedades cardiovasculares. Tambi\u00e9n es una excelente fuente de vitamina D y calcio, dos nutrientes esenciales para la salud de los huesos y el sistema inmunol\u00f3gico.<\/p>\n<p>No pierdas la oportunidad de probar nuestra deliciosa caballa del Mediterr\u00e1neo. Haz tu pedido ahora y disfruta de un pescado fresco y y de calidad en tu mesa. \u00a1Te encantar\u00e1!<\/p>\n","protected":false},"excerpt":{"rendered":"<p>Caballa del Mediterr\u00e1neo (pieza entera)<\/p>\n","protected":false},"featured_media":4247,"comment_status":"open","ping_status":"closed","template":"","meta":[],"product_brand":[],"product_cat":[15],"product_tag":[70,71,72,45,74,48,73,75],"class_list":{"0":"post-911","1":"product","2":"type-product","3":"status-publish","4":"has-post-thumbnail","6":"product_cat-pescadoazul","7":"product_tag-caballa","8":"product_tag-caballa-mediterraneo","9":"product_tag-caballa-salvaje","10":"product_tag-mediterraneo","11":"product_tag-pescado","12":"product_tag-pescado-azul","13":"product_tag-verat","14":"product_tag-verat-mediterrani","16":"first","17":"instock","18":"taxable","19":"shipping-taxable","20":"purchasable","21":"product-type-variable"},"jetpack_sharing_enabled":true,"_links":{"self":[{"href":"https:\/\/peixateriafite.com\/index.php\/wp-json\/wp\/v2\/product\/911","targetHints":{"allow":["GET"]}}],"collection":[{"href":"https:\/\/peixateriafite.com\/index.php\/wp-json\/wp\/v2\/product"}],"about":[{"href":"https:\/\/peixateriafite.com\/index.php\/wp-json\/wp\/v2\/types\/product"}],"replies":[{"embeddable":true,"href":"https:\/\/peixateriafite.com\/index.php\/wp-json\/wp\/v2\/comments?post=911"}],"wp:featuredmedia":[{"embeddable":true,"href":"https:\/\/peixateriafite.com\/index.php\/wp-json\/wp\/v2\/media\/4247"}],"wp:attachment":[{"href":"https:\/\/peixateriafite.com\/index.php\/wp-json\/wp\/v2\/media?parent=911"}],"wp:term":[{"taxonomy":"product_brand","embeddable":true,"href":"https:\/\/peixateriafite.com\/index.php\/wp-json\/wp\/v2\/product_brand?post=911"},{"taxonomy":"product_cat","embeddable":true,"href":"https:\/\/peixateriafite.com\/index.php\/wp-json\/wp\/v2\/product_cat?post=911"},{"taxonomy":"product_tag","embeddable":true,"href":"https:\/\/peixateriafite.com\/index.php\/wp-json\/wp\/v2\/product_tag?post=911"}],"curies":[{"name":"wp","href":"https:\/\/api.w.org\/{rel}","templated":true}]}}