{"id":908,"date":"2023-03-19T10:53:36","date_gmt":"2023-03-19T09:53:36","guid":{"rendered":"https:\/\/peixateriafite.com\/?post_type=product&#038;p=908"},"modified":"2023-04-19T18:06:40","modified_gmt":"2023-04-19T17:06:40","slug":"lubina-xxx-gramos","status":"publish","type":"product","link":"https:\/\/peixateriafite.com\/index.php\/product\/lubina-xxx-gramos\/","title":{"rendered":"Lubina Estero 400\/600 gr"},"content":{"rendered":"<p>Si est\u00e1s buscando una opci\u00f3n de alta calidad para tu pr\u00f3xima comida, te presentamos nuestras lubinas frescas. Con su carne firme y su sabor delicado, estas lubinas son una elecci\u00f3n ideal para aquellos que buscan disfrutar de una experiencia gastron\u00f3mica \u00fanica.<\/p>\n<p>En nuestra tienda online encontrar\u00e1s lubinas de la mejor calidad, capturadas en las aguas m\u00e1s puras y frescas. Cada ejemplar es seleccionado cuidadosamente para asegurarnos de que llegue a tu mesa en las mejores condiciones.<\/p>\n<p>La lubina es una excelente fuente de prote\u00ednas y omega-3, lo que la convierte en una opci\u00f3n saludable para aquellos que buscan cuidar su alimentaci\u00f3n. Adem\u00e1s, su carne firme y delicada se presta a una gran variedad de recetas y preparaciones, desde la parrilla hasta el horno o el ceviche.<\/p>\n<p>En nuestra tienda online, encontrar\u00e1s lubinas frescas y listas para ser cocinadas, perfectas para aportar un toque de sabor a tus ensaladas o entrantes.<\/p>\n<p>No lo pienses m\u00e1s y a\u00f1ade nuestras lubinas a tu carrito de compras. Disfruta de la calidad y frescura que te ofrecemos en cada uno de nuestros productos y convi\u00e9rtete en un amante del buen pescado. \u00a1Haz tu pedido ahora y disfruta de una experiencia gastron\u00f3mica \u00fanica!<\/p>\n","protected":false},"excerpt":{"rendered":"<p>lubina de estero<\/p>\n","protected":false},"featured_media":6111,"comment_status":"open","ping_status":"closed","template":"","meta":[],"product_brand":[],"product_cat":[38],"product_tag":[61,62,63,64,84],"class_list":{"0":"post-908","1":"product","2":"type-product","3":"status-publish","4":"has-post-thumbnail","6":"product_cat-pescadoblanco","7":"product_tag-lubina","8":"product_tag-lubina-estero","9":"product_tag-lubina-piscifactoria","10":"product_tag-lubinasalvaje","11":"product_tag-pescado-blanco","13":"first","14":"instock","15":"taxable","16":"shipping-taxable","17":"purchasable","18":"product-type-variable"},"jetpack_sharing_enabled":true,"_links":{"self":[{"href":"https:\/\/peixateriafite.com\/index.php\/wp-json\/wp\/v2\/product\/908","targetHints":{"allow":["GET"]}}],"collection":[{"href":"https:\/\/peixateriafite.com\/index.php\/wp-json\/wp\/v2\/product"}],"about":[{"href":"https:\/\/peixateriafite.com\/index.php\/wp-json\/wp\/v2\/types\/product"}],"replies":[{"embeddable":true,"href":"https:\/\/peixateriafite.com\/index.php\/wp-json\/wp\/v2\/comments?post=908"}],"wp:featuredmedia":[{"embeddable":true,"href":"https:\/\/peixateriafite.com\/index.php\/wp-json\/wp\/v2\/media\/6111"}],"wp:attachment":[{"href":"https:\/\/peixateriafite.com\/index.php\/wp-json\/wp\/v2\/media?parent=908"}],"wp:term":[{"taxonomy":"product_brand","embeddable":true,"href":"https:\/\/peixateriafite.com\/index.php\/wp-json\/wp\/v2\/product_brand?post=908"},{"taxonomy":"product_cat","embeddable":true,"href":"https:\/\/peixateriafite.com\/index.php\/wp-json\/wp\/v2\/product_cat?post=908"},{"taxonomy":"product_tag","embeddable":true,"href":"https:\/\/peixateriafite.com\/index.php\/wp-json\/wp\/v2\/product_tag?post=908"}],"curies":[{"name":"wp","href":"https:\/\/api.w.org\/{rel}","templated":true}]}}