{"id":6171,"date":"2023-04-20T08:41:51","date_gmt":"2023-04-20T07:41:51","guid":{"rendered":"https:\/\/peixateriafite.com\/?post_type=product&#038;p=6171"},"modified":"2023-04-20T08:46:40","modified_gmt":"2023-04-20T07:46:40","slug":"gamba-roja-de-huelva-pelada-500-gr-congelada","status":"publish","type":"product","link":"https:\/\/peixateriafite.com\/index.php\/product\/gamba-roja-de-huelva-pelada-500-gr-congelada\/","title":{"rendered":"Gamba Roja de Huelva Pelada 500 gr Congelada"},"content":{"rendered":"<p>La gamba \u00a0de Huelva es una de las joyas del marisco espa\u00f1ol. Procedente de las costas del sur de Espa\u00f1a, este marisco es conocido por su sabor espectacular y su textura suave y jugosa. En nuestra tienda online, nos aseguramos de ofrecerte solo la gamba de Huelva m\u00e1s fresca y de la mejor calidad.<\/p>\n<p>La gamba de Huelva se caracteriza por su tama\u00f1o y su sabor \u00fanico. Es una gamba de gran tama\u00f1o, con un sabor\u00a0 delicado, que se debe a la calidad de sus aguas y a su alimentaci\u00f3n natural en su h\u00e1bitat natural.<\/p>\n<p>Adem\u00e1s de su delicioso sabor, la gamba de Huelva es una fuente de nutrientes esenciales. Es rica en prote\u00ednas de alta calidad, baja en grasas y una excelente fuente de minerales y vitaminas como el hierro, el calcio y la vitamina B12, que son importantes para mantener una buena salud.<\/p>\n<p>La gamba de Huelva se puede preparar de muchas maneras, ya sea a la plancha, cocida, al vapor, en guisos, paellas, entre otros platos. Su sabor espectacular y su textura suave la convierten en un ingrediente muy apreciado por los amantes del marisco.<\/p>\n<p>No te pierdas la oportunidad de probar la gamba de Huelva, un marisco de gran calidad y sabor espectacular. Haz tu pedido ahora y disfruta de una experiencia gastron\u00f3mica \u00fanica e inolvidable. \u00a1Te garantizamos que no te arrepentir\u00e1s!<\/p>\n","protected":false},"excerpt":{"rendered":"<p>Gamba de Huelva Pelada Congelada<\/p>\n","protected":false},"featured_media":6155,"comment_status":"open","ping_status":"closed","template":"","meta":[],"product_brand":[],"product_cat":[196,41],"product_tag":[139,141,140,144,143,142,391],"class_list":{"0":"post-6171","1":"product","2":"type-product","3":"status-publish","4":"has-post-thumbnail","6":"product_cat-congelados","7":"product_cat-mariscos","8":"product_tag-gamba","9":"product_tag-gamba-de-huelva","10":"product_tag-gamba-fresca","11":"product_tag-gamba-para-la-plancha","12":"product_tag-gamba-para-recetas","13":"product_tag-gamba-roja","14":"product_tag-pelada","16":"first","17":"instock","18":"taxable","19":"shipping-taxable","20":"purchasable","21":"product-type-variable"},"jetpack_sharing_enabled":true,"_links":{"self":[{"href":"https:\/\/peixateriafite.com\/index.php\/wp-json\/wp\/v2\/product\/6171","targetHints":{"allow":["GET"]}}],"collection":[{"href":"https:\/\/peixateriafite.com\/index.php\/wp-json\/wp\/v2\/product"}],"about":[{"href":"https:\/\/peixateriafite.com\/index.php\/wp-json\/wp\/v2\/types\/product"}],"replies":[{"embeddable":true,"href":"https:\/\/peixateriafite.com\/index.php\/wp-json\/wp\/v2\/comments?post=6171"}],"wp:featuredmedia":[{"embeddable":true,"href":"https:\/\/peixateriafite.com\/index.php\/wp-json\/wp\/v2\/media\/6155"}],"wp:attachment":[{"href":"https:\/\/peixateriafite.com\/index.php\/wp-json\/wp\/v2\/media?parent=6171"}],"wp:term":[{"taxonomy":"product_brand","embeddable":true,"href":"https:\/\/peixateriafite.com\/index.php\/wp-json\/wp\/v2\/product_brand?post=6171"},{"taxonomy":"product_cat","embeddable":true,"href":"https:\/\/peixateriafite.com\/index.php\/wp-json\/wp\/v2\/product_cat?post=6171"},{"taxonomy":"product_tag","embeddable":true,"href":"https:\/\/peixateriafite.com\/index.php\/wp-json\/wp\/v2\/product_tag?post=6171"}],"curies":[{"name":"wp","href":"https:\/\/api.w.org\/{rel}","templated":true}]}}