{"id":5403,"date":"2023-04-13T18:33:08","date_gmt":"2023-04-13T17:33:08","guid":{"rendered":"https:\/\/peixateriafite.com\/?post_type=product&#038;p=5403"},"modified":"2023-04-14T14:31:59","modified_gmt":"2023-04-14T13:31:59","slug":"colita-de-rape-400-600-gr","status":"publish","type":"product","link":"https:\/\/peixateriafite.com\/index.php\/product\/colita-de-rape-400-600-gr\/","title":{"rendered":"Colita de Rape 400\/600 gr"},"content":{"rendered":"<p>La colita de rape es un producto delicioso y vers\u00e1til que es ideal para preparar en m\u00faltiples recetas culinarias. Nuestras colas de rape son cuidadosamente seleccionadas y preparadas para que puedas disfrutar de una carne blanca y firme, con un sabor suave y delicado que es valorado por los paladares m\u00e1s exigentes.<\/p>\n<p>En nuestra tienda online, ofrecemos colitas de rape frescas y sin cabeza, perfectas para aquellos que buscan una opci\u00f3n m\u00e1s pr\u00e1ctica y f\u00e1cil de preparar. La colita de rape es una excelente fuente de prote\u00ednas de alta calidad y bajo contenido en grasas saturadas, lo que lo convierte en una opci\u00f3n saludable para cualquier dieta.<\/p>\n<p>Adem\u00e1s, la colita de rape es rica en nutrientes esenciales como las vitaminas B12, D y \u00e1cidos grasos omega-3, que son importantes para mantener una buena salud cardiovascular, cognitiva y \u00f3sea, y pueden ayudar a prevenir enfermedades cr\u00f3nicas como la osteoporosis y la diabetes.<\/p>\n<p>En nuestra tienda, nos enorgullece ofrecer productos de alta calidad obtenidos de manera \u00e9tica y responsable. Todas nuestras colitas de rape provienen de pesca sostenible y han sido cuidadosamente seleccionadas para garantizar la mejor calidad y sabor posible.<\/p>\n<p>\u00a1No esperes m\u00e1s para probar la colita de rape! Haz tu pedido ahora y te lo entregaremos en la comodidad de tu hogar para que puedas disfrutar de una experiencia gastron\u00f3mica \u00fanica y deliciosa.<\/p>\n","protected":false},"excerpt":{"rendered":"<p>La colita de rape es un producto delicioso y vers\u00e1til que es ideal para preparar en m\u00faltiples recetas culinarias. Nuestras colas de rape son cuidadosamente seleccionadas y preparadas para que puedas disfrutar de una carne blanca y firme, con un sabor suave y delicado que es valorado por los paladares m\u00e1s exigentes. En nuestra tienda [&hellip;]<\/p>\n","protected":false},"featured_media":2525,"comment_status":"open","ping_status":"closed","template":"","meta":[],"product_brand":[],"product_cat":[38],"product_tag":[84,177,178,173,283,266],"class_list":{"0":"post-5403","1":"product","2":"type-product","3":"status-publish","4":"has-post-thumbnail","6":"product_cat-pescadoblanco","7":"product_tag-pescado-blanco","8":"product_tag-plancha","9":"product_tag-rebozado","10":"product_tag-sin-cabeza","11":"product_tag-sin-espinas","12":"product_tag-sopa","14":"first","15":"instock","16":"taxable","17":"shipping-taxable","18":"purchasable","19":"product-type-variable"},"jetpack_sharing_enabled":true,"_links":{"self":[{"href":"https:\/\/peixateriafite.com\/index.php\/wp-json\/wp\/v2\/product\/5403","targetHints":{"allow":["GET"]}}],"collection":[{"href":"https:\/\/peixateriafite.com\/index.php\/wp-json\/wp\/v2\/product"}],"about":[{"href":"https:\/\/peixateriafite.com\/index.php\/wp-json\/wp\/v2\/types\/product"}],"replies":[{"embeddable":true,"href":"https:\/\/peixateriafite.com\/index.php\/wp-json\/wp\/v2\/comments?post=5403"}],"wp:featuredmedia":[{"embeddable":true,"href":"https:\/\/peixateriafite.com\/index.php\/wp-json\/wp\/v2\/media\/2525"}],"wp:attachment":[{"href":"https:\/\/peixateriafite.com\/index.php\/wp-json\/wp\/v2\/media?parent=5403"}],"wp:term":[{"taxonomy":"product_brand","embeddable":true,"href":"https:\/\/peixateriafite.com\/index.php\/wp-json\/wp\/v2\/product_brand?post=5403"},{"taxonomy":"product_cat","embeddable":true,"href":"https:\/\/peixateriafite.com\/index.php\/wp-json\/wp\/v2\/product_cat?post=5403"},{"taxonomy":"product_tag","embeddable":true,"href":"https:\/\/peixateriafite.com\/index.php\/wp-json\/wp\/v2\/product_tag?post=5403"}],"curies":[{"name":"wp","href":"https:\/\/api.w.org\/{rel}","templated":true}]}}