{"id":5234,"date":"2023-04-12T16:41:25","date_gmt":"2023-04-12T15:41:25","guid":{"rendered":"https:\/\/peixateriafite.com\/?post_type=product&#038;p=5234"},"modified":"2023-04-12T16:47:27","modified_gmt":"2023-04-12T15:47:27","slug":"sepia-fresca-800gr-1kg","status":"publish","type":"product","link":"https:\/\/peixateriafite.com\/index.php\/product\/sepia-fresca-800gr-1kg\/","title":{"rendered":"Sepia Fresca 800gr\/1kg"},"content":{"rendered":"<p>La sepia fresca del Mediterr\u00e1neo es una de las m\u00e1s deliciosas y apreciadas por los amantes de los mariscos. Este cefal\u00f3podo se distingue por su textura tierna y su sabor inigualable, que se debe en gran medida a su frescura y a su captura en las aguas cristalinas del Mediterr\u00e1neo.<\/p>\n<p>En nuestra tienda online, nos aseguramos de ofrecerte solo la sepia m\u00e1s fresca y sabrosa del Mediterr\u00e1neo. Cada una de nuestras piezas es cuidadosamente seleccionada para garantizar que recibas solo lo mejor.<\/p>\n<p>Pero no solo se trata de su sabor, la sepia fresca del Mediterr\u00e1neo tambi\u00e9n es un alimento altamente nutritivo. Es rica en prote\u00ednas de alta calidad, baja en grasas saturadas y una fuente importante de minerales como el hierro, el calcio y el zinc, que son esenciales para mantener una buena salud.<\/p>\n<p>Adem\u00e1s, la sepia fresca del Mediterr\u00e1neo es un alimento muy vers\u00e1til en la cocina. Se puede preparar de muchas maneras, ya sea a la plancha, a la parrilla, en salsa, en arroces y paellas, entre otros platos. Su sabor \u00fanico y su textura tierna y suave la convierten en un ingrediente imprescindible para los amantes de la buena cocina.<\/p>\n<p>No te conformes con cualquier sepia, haz tu pedido ahora y disfruta de la sepia m\u00e1s fresca y sabrosa del Mediterr\u00e1neo. Te garantizamos que no te arrepentir\u00e1s y que descubrir\u00e1s por qu\u00e9 es considerada la mejor de todas las sepias. \u00a1No esperes m\u00e1s para disfrutar de este exquisito manjar del mar!<\/p>\n","protected":false},"excerpt":{"rendered":"<p>sepia fresca de ente 800 gr i 1 kg del mediterraneo<\/p>\n","protected":false},"featured_media":4419,"comment_status":"open","ping_status":"closed","template":"","meta":[],"product_brand":[],"product_cat":[40],"product_tag":[112,111,110,107,109,108],"class_list":{"0":"post-5234","1":"product","2":"type-product","3":"status-publish","4":"has-post-thumbnail","6":"product_cat-molusco-fresco","7":"product_tag-sepia","8":"product_tag-sepia-bruta","9":"product_tag-sepia-del-mediterraneo","10":"product_tag-sepia-fresca","11":"product_tag-sepia-sucia","12":"product_tag-sepia-viva","14":"first","15":"instock","16":"taxable","17":"shipping-taxable","18":"purchasable","19":"product-type-variable"},"jetpack_sharing_enabled":true,"_links":{"self":[{"href":"https:\/\/peixateriafite.com\/index.php\/wp-json\/wp\/v2\/product\/5234","targetHints":{"allow":["GET"]}}],"collection":[{"href":"https:\/\/peixateriafite.com\/index.php\/wp-json\/wp\/v2\/product"}],"about":[{"href":"https:\/\/peixateriafite.com\/index.php\/wp-json\/wp\/v2\/types\/product"}],"replies":[{"embeddable":true,"href":"https:\/\/peixateriafite.com\/index.php\/wp-json\/wp\/v2\/comments?post=5234"}],"wp:featuredmedia":[{"embeddable":true,"href":"https:\/\/peixateriafite.com\/index.php\/wp-json\/wp\/v2\/media\/4419"}],"wp:attachment":[{"href":"https:\/\/peixateriafite.com\/index.php\/wp-json\/wp\/v2\/media?parent=5234"}],"wp:term":[{"taxonomy":"product_brand","embeddable":true,"href":"https:\/\/peixateriafite.com\/index.php\/wp-json\/wp\/v2\/product_brand?post=5234"},{"taxonomy":"product_cat","embeddable":true,"href":"https:\/\/peixateriafite.com\/index.php\/wp-json\/wp\/v2\/product_cat?post=5234"},{"taxonomy":"product_tag","embeddable":true,"href":"https:\/\/peixateriafite.com\/index.php\/wp-json\/wp\/v2\/product_tag?post=5234"}],"curies":[{"name":"wp","href":"https:\/\/api.w.org\/{rel}","templated":true}]}}