{"id":5044,"date":"2023-04-10T21:31:11","date_gmt":"2023-04-10T20:31:11","guid":{"rendered":"https:\/\/peixateriafite.com\/?post_type=product&#038;p=5044"},"modified":"2023-04-18T13:19:43","modified_gmt":"2023-04-18T12:19:43","slug":"besugo-800gr-1kg","status":"publish","type":"product","link":"https:\/\/peixateriafite.com\/index.php\/product\/besugo-800gr-1kg\/","title":{"rendered":"Besugo 800gr\/1kg"},"content":{"rendered":"<p>El besugo es una especie de pez perciformede la familia de los esp\u00e1ridos, com\u00fan en el litoral atl\u00e1ntico europeo y en la zona occidental del mar Mediterr\u00e1neo.<\/p>\n<p>Tiene un aspecto t\u00edpico de esp\u00e1rido, forma ovalada, con cuerpo alto y muy comprimido lateralmente. Cabeza corta y redondeada, boca peque\u00f1a y ojos muy grandes. El dorso es rojizo pardusco y los costados, plateados. Todas las aletas son de color rosa &#8211; rojizo. Se distingue de los dem\u00e1s esp\u00e1ridos por una mancha difusa negra situada en el nacimiento de la l\u00ednea lateral que lo cruza, encima de la base de la aleta pectoral. Tambi\u00e9n se conoce como besugo de la pinta, por las manchas negras sobre las axilas de sus aletas pectorales. Los ejemplares j\u00f3venes son de colorido m\u00e1s p\u00e1lido y a veces carecen de la mancha oscura. Su talla m\u00ednima es de 25 cm. y puede llegar a 60 cm. Pesa de 1 a\u00a0 6 kilos, aunque lo m\u00e1s frecuente es que sea de unos 5 kilos, y su longitud va de 20 a 40 cent\u00edmetros.<\/p>\n<p>Se captura tanto con red de pesca como con palangre. Su carne, blanca, es excelente y muy apreciada, sobre todo en Espa\u00f1a e Italia.<\/p>\n<p>Dentro de los pescados blancos, el besugo es uno de los m\u00e1s magros con unos 2 g<br \/>\nde grasa por cada 100 g de porci\u00f3n comestible. Esto significa que su valor cal\u00f3rico es<br \/>\nmoderado, lo que lo convierte en un alimento adecuado para personas que tienen<br \/>\nsobrepeso u obesidad. Al igual que el resto de los pescados, el besugo se considera<br \/>\nuna buena fuente de prote\u00ednas de alto valor biol\u00f3gico, adem\u00e1s de contener otros<br \/>\nnutrientes como vitaminas y minerales.<br \/>\nEntre las vitaminas destaca la presencia de vitamina B12 y en menor medida, de<br \/>\nniacina o vitamina B3. Estas vitaminas permiten el aprovechamiento de los nutrientes<br \/>\nenerg\u00e9ticos e intervienen en numerosos procesos de gran importancia funcional.<br \/>\nEn cuanto a su contenido en minerales, los m\u00e1s destacados son: en primer lugar,<br \/>\nel selenio, del que una raci\u00f3n de besugo aporta casi el 80% de las ingestas diarias<br \/>\nrecomendadas para este mineral; el f\u00f3sforo, un 33%; y en aportes pr\u00f3ximos al 10%<br \/>\nde las ingestas recomendadas, el potasio, hierro y magnesio. Todos los elementos<br \/>\nminerales desempe\u00f1an funciones beneficiosas en el organismo. El selenio es uno de<\/p>\n<p>los antioxidantes de nuestra dieta. El f\u00f3sforo es el segundo mineral m\u00e1s abundante del<br \/>\norganismo: casi el 85% se encuentra combinado con el calcio en huesos y dientes,<br \/>\nforma parte de todas las c\u00e9lulas y es constituyente del material gen\u00e9tico (ADN y ARN),<br \/>\nde algunos hidratos de carbono y prote\u00ednas, es necesario para la activaci\u00f3n de muchas<br \/>\nenzimas y de las vitaminas del grupo B, y participa en el metabolismo energ\u00e9tico. El<br \/>\npotasio es un mineral necesario para el sistema nervioso y la actividad muscular e<br \/>\ninterviene en el equilibrio del agua dentro y fuera de la c\u00e9lula. El hierro es necesario<br \/>\npara la formaci\u00f3n de la hemoglobina, y su aporte adecuado previene la anemia<br \/>\nferrop\u00e9nica. Y por \u00faltimo, el magnesio se relaciona con el funcionamiento del intestino,<br \/>\nlos nervios y los m\u00fasculos, adem\u00e1s de formar parte de huesos y dientes. Tambi\u00e9n mejora<br \/>\nla inmunidad y posee un suave efecto laxante.<br \/>\nPor su contenido en purinas, no es aconsejable para quienes padecen hiperuricemia<\/p>\n","protected":false},"excerpt":{"rendered":"<p>besugo salvaje<\/p>\n","protected":false},"featured_media":6101,"comment_status":"open","ping_status":"closed","template":"","meta":[],"product_brand":[],"product_cat":[38],"product_tag":[473,233,45],"class_list":{"0":"post-5044","1":"product","2":"type-product","3":"status-publish","4":"has-post-thumbnail","6":"product_cat-pescadoblanco","7":"product_tag-besugo","8":"product_tag-mar","9":"product_tag-mediterraneo","11":"first","12":"instock","13":"taxable","14":"shipping-taxable","15":"purchasable","16":"product-type-variable"},"jetpack_sharing_enabled":true,"_links":{"self":[{"href":"https:\/\/peixateriafite.com\/index.php\/wp-json\/wp\/v2\/product\/5044","targetHints":{"allow":["GET"]}}],"collection":[{"href":"https:\/\/peixateriafite.com\/index.php\/wp-json\/wp\/v2\/product"}],"about":[{"href":"https:\/\/peixateriafite.com\/index.php\/wp-json\/wp\/v2\/types\/product"}],"replies":[{"embeddable":true,"href":"https:\/\/peixateriafite.com\/index.php\/wp-json\/wp\/v2\/comments?post=5044"}],"wp:featuredmedia":[{"embeddable":true,"href":"https:\/\/peixateriafite.com\/index.php\/wp-json\/wp\/v2\/media\/6101"}],"wp:attachment":[{"href":"https:\/\/peixateriafite.com\/index.php\/wp-json\/wp\/v2\/media?parent=5044"}],"wp:term":[{"taxonomy":"product_brand","embeddable":true,"href":"https:\/\/peixateriafite.com\/index.php\/wp-json\/wp\/v2\/product_brand?post=5044"},{"taxonomy":"product_cat","embeddable":true,"href":"https:\/\/peixateriafite.com\/index.php\/wp-json\/wp\/v2\/product_cat?post=5044"},{"taxonomy":"product_tag","embeddable":true,"href":"https:\/\/peixateriafite.com\/index.php\/wp-json\/wp\/v2\/product_tag?post=5044"}],"curies":[{"name":"wp","href":"https:\/\/api.w.org\/{rel}","templated":true}]}}