{"id":5035,"date":"2023-04-10T19:40:20","date_gmt":"2023-04-10T18:40:20","guid":{"rendered":"https:\/\/peixateriafite.com\/?post_type=product&#038;p=5035"},"modified":"2023-11-27T18:21:14","modified_gmt":"2023-11-27T17:21:14","slug":"ostra-gallega-especial-caja-de-12-unidaedes","status":"publish","type":"product","link":"https:\/\/peixateriafite.com\/index.php\/product\/ostra-gallega-especial-caja-de-12-unidaedes\/","title":{"rendered":"Ostra Gallega especial (caja de 12 unidades)"},"content":{"rendered":"<p>Las ostras son invertebrados del grupo de los moluscos. Hay diferentes especies y tama\u00f1os y no las tenemos que confundir con la ostra arrizada o ostr\u00f3n. Nuestras ostras son planas (Ostrea edulis). Nosotros te ofrecemos 12 unidades de la especial que tienen un tama\u00f1o de 7.5 cm aprox.<\/p>\n<p>Las ostras viven adheridas a las rocas, aunque en la actualidad, la mayor\u00eda de ostras que comemos son cultivadas. Se alimenta de fitoplancton y materia org\u00e1nica filtrando agua.<\/p>\n<p>Considerada uno de los mariscos comestibles m\u00e1s apreciados, porque s\u00f3n deliciosas.<\/p>\n<p><strong>La manera m\u00e1s habitual de consumirlas son vivas y en crudo y con unas gotas de lim\u00f3n<\/strong>.<\/p>\n<p>100g aportan:<\/p>\n<p>63Kcal<\/p>\n<p>9.6 gr prote\u00ednas<\/p>\n<p>&nbsp;<\/p>\n","protected":false},"excerpt":{"rendered":"<p>caja de 12 unidades de ostra gallega especial<\/p>\n","protected":false},"featured_media":3542,"comment_status":"open","ping_status":"closed","template":"","meta":[],"product_brand":[],"product_cat":[41],"product_tag":[407,226,456,472,359,55,202,225,432,360],"class_list":{"0":"post-5035","1":"product","2":"type-product","3":"status-publish","4":"has-post-thumbnail","6":"product_cat-mariscos","7":"product_tag-amigos","8":"product_tag-aperitivo","9":"product_tag-cava","10":"product_tag-especial","11":"product_tag-familia","12":"product_tag-galicia","13":"product_tag-gallega","14":"product_tag-navidad","15":"product_tag-ostra","16":"product_tag-reunion","18":"first","19":"instock","20":"taxable","21":"shipping-taxable","22":"purchasable","23":"product-type-simple"},"jetpack_sharing_enabled":true,"_links":{"self":[{"href":"https:\/\/peixateriafite.com\/index.php\/wp-json\/wp\/v2\/product\/5035","targetHints":{"allow":["GET"]}}],"collection":[{"href":"https:\/\/peixateriafite.com\/index.php\/wp-json\/wp\/v2\/product"}],"about":[{"href":"https:\/\/peixateriafite.com\/index.php\/wp-json\/wp\/v2\/types\/product"}],"replies":[{"embeddable":true,"href":"https:\/\/peixateriafite.com\/index.php\/wp-json\/wp\/v2\/comments?post=5035"}],"wp:featuredmedia":[{"embeddable":true,"href":"https:\/\/peixateriafite.com\/index.php\/wp-json\/wp\/v2\/media\/3542"}],"wp:attachment":[{"href":"https:\/\/peixateriafite.com\/index.php\/wp-json\/wp\/v2\/media?parent=5035"}],"wp:term":[{"taxonomy":"product_brand","embeddable":true,"href":"https:\/\/peixateriafite.com\/index.php\/wp-json\/wp\/v2\/product_brand?post=5035"},{"taxonomy":"product_cat","embeddable":true,"href":"https:\/\/peixateriafite.com\/index.php\/wp-json\/wp\/v2\/product_cat?post=5035"},{"taxonomy":"product_tag","embeddable":true,"href":"https:\/\/peixateriafite.com\/index.php\/wp-json\/wp\/v2\/product_tag?post=5035"}],"curies":[{"name":"wp","href":"https:\/\/api.w.org\/{rel}","templated":true}]}}