{"id":4530,"date":"2023-04-05T17:23:45","date_gmt":"2023-04-05T16:23:45","guid":{"rendered":"https:\/\/peixateriafite.com\/?post_type=product&#038;p=4530"},"modified":"2023-04-20T08:19:16","modified_gmt":"2023-04-20T07:19:16","slug":"atun-yellowfin","status":"publish","type":"product","link":"https:\/\/peixateriafite.com\/index.php\/product\/atun-yellowfin\/","title":{"rendered":"At\u00fan yellowfin 250gr"},"content":{"rendered":"<p>El\u00a0<b>at\u00fan Yellowfin<\/b>\u00a0es una especie de\u00a0<b>at\u00fan<\/b>\u00a0que habita las aguas pel\u00e1gicas de los oc\u00e9anos tropicales y subtropicales de todo el mundo. Su dorso presenta un color azul oscuro y su vientre es blanco plateado. La aleta dorsal presenta un brillante color amarillo por el que recibe su nombre.<\/p>\n<p>Por su parte,\u00a0<b>el<\/b>\u00a0At\u00fan Claro (Thunnus Albacares), caracterizado por su aleta amarilla (de ah\u00ed su nombre en ingl\u00e9s:\u00a0<b>Yellowfin Tuna<\/b>),\u00a0<b>es el<\/b>\u00a0tenido m\u00e1s capturado y, por ello,\u00a0<b>el<\/b> m\u00e1s utilizado para las conservas.<\/p>\n<p><b>Es un pez \u00f3seo, de la familia de los esc\u00f3mbridos.<\/b>\u00a0<b>Es un pescado azul, t\u00fanido, siendo el at\u00fan de mayor tama\u00f1o<\/b>. Est\u00e1 ampliamente distribuido por todo el Atl\u00e1ntico, el Mar Mediterr\u00e1neo y en el Mar Negro. Peso 6,4 kg.<\/p>\n<p><b>La carne del at\u00fan claro tiene un color entre bronceado claro y ros\u00e1ceo<\/b>. Su textura es suave y agradable y posee un sabor intenso. Adem\u00e1s, contiene menos grasa que el at\u00fan com\u00fan. La tonalidad del at\u00fan se distingue debido a que es m\u00e1s oscura.<\/p>\n<p>Tambi\u00e9n\u00a0<b>destaca la vitamina A que contribuye al mantenimiento de los tejidos y mucosas y al desarrollo del sistema nervioso<\/b>. Adem\u00e1s interviene en el crecimiento \u00f3seo y participa en la producci\u00f3n de encimas y hormonas en el h\u00edgado. En cuanto a minerales son relevantes el f\u00f3sforo y magnesio<\/p>\n<p>&nbsp;<\/p>\n<p>&nbsp;<\/p>\n<p>&nbsp;<\/p>\n","protected":false},"excerpt":{"rendered":"<p>El\u00a0<b>at\u00fan Yellowfin<\/b>\u00a0es una especie de\u00a0<b>at\u00fan<\/b><\/p>\n<p>Su dorso presenta un color azul oscuro y su vientre es blanco plateado. La aleta dorsal presenta un brillante color amarillo por el que recibe su nombre.<\/p>\n","protected":false},"featured_media":6118,"comment_status":"open","ping_status":"closed","template":"","meta":[],"product_brand":[],"product_cat":[15],"product_tag":[467,226,37,357,358,354,359,356,58,225,74,360,464,466],"class_list":{"0":"post-4530","1":"product","2":"type-product","3":"status-publish","4":"has-post-thumbnail","6":"product_cat-pescadoazul","7":"product_tag-aleta-amarilla","8":"product_tag-aperitivo","9":"product_tag-atun","10":"product_tag-cena","11":"product_tag-comida","12":"product_tag-crustaceos","13":"product_tag-familia","14":"product_tag-fiestas","15":"product_tag-marisco","16":"product_tag-navidad","17":"product_tag-pescado","18":"product_tag-reunion","19":"product_tag-rojo","20":"product_tag-sushi","22":"first","23":"instock","24":"taxable","25":"shipping-taxable","26":"purchasable","27":"product-type-variable"},"jetpack_sharing_enabled":true,"_links":{"self":[{"href":"https:\/\/peixateriafite.com\/index.php\/wp-json\/wp\/v2\/product\/4530","targetHints":{"allow":["GET"]}}],"collection":[{"href":"https:\/\/peixateriafite.com\/index.php\/wp-json\/wp\/v2\/product"}],"about":[{"href":"https:\/\/peixateriafite.com\/index.php\/wp-json\/wp\/v2\/types\/product"}],"replies":[{"embeddable":true,"href":"https:\/\/peixateriafite.com\/index.php\/wp-json\/wp\/v2\/comments?post=4530"}],"wp:featuredmedia":[{"embeddable":true,"href":"https:\/\/peixateriafite.com\/index.php\/wp-json\/wp\/v2\/media\/6118"}],"wp:attachment":[{"href":"https:\/\/peixateriafite.com\/index.php\/wp-json\/wp\/v2\/media?parent=4530"}],"wp:term":[{"taxonomy":"product_brand","embeddable":true,"href":"https:\/\/peixateriafite.com\/index.php\/wp-json\/wp\/v2\/product_brand?post=4530"},{"taxonomy":"product_cat","embeddable":true,"href":"https:\/\/peixateriafite.com\/index.php\/wp-json\/wp\/v2\/product_cat?post=4530"},{"taxonomy":"product_tag","embeddable":true,"href":"https:\/\/peixateriafite.com\/index.php\/wp-json\/wp\/v2\/product_tag?post=4530"}],"curies":[{"name":"wp","href":"https:\/\/api.w.org\/{rel}","templated":true}]}}