{"id":4478,"date":"2023-04-01T21:24:29","date_gmt":"2023-04-01T20:24:29","guid":{"rendered":"https:\/\/peixateriafite.com\/?post_type=product&#038;p=4478"},"modified":"2023-04-20T08:01:39","modified_gmt":"2023-04-20T07:01:39","slug":"almeja-japonica-mediana","status":"publish","type":"product","link":"https:\/\/peixateriafite.com\/index.php\/product\/almeja-japonica-mediana\/","title":{"rendered":"Almeja japonica Mediana 250gr"},"content":{"rendered":"<p>Si est\u00e1s buscando una opci\u00f3n exquisita y \u00fanica para tu pr\u00f3xima cena, te presentamos nuestras almejas jap\u00f3nicas. Con su sabor dulce y suave, estas almejas son una elecci\u00f3n ideal para aquellos que buscan una experiencia gastron\u00f3mica inolvidable.<\/p>\n<p>En nuestra tienda online, encontrar\u00e1s almejas jap\u00f3nicas de la mejor calidad, seleccionadas cuidadosamente y capturadas en las aguas m\u00e1s limpias y puras. Cada ejemplar es preparado y empaquetado con los m\u00e1s altos est\u00e1ndares de calidad, para asegurarnos de que llegue a tu mesa en las mejores condiciones.<\/p>\n<p>Las almejas jap\u00f3nicas son una excelente fuente de prote\u00ednas, vitaminas y minerales, y su bajo contenido en grasas las convierte en una opci\u00f3n saludable para cualquier tipo de dieta. Adem\u00e1s, su sabor delicado y su textura suave se presta a una gran variedad de recetas y preparaciones, desde la cl\u00e1sica sopa de almejas hasta la pasta con almejas o las almejas a la parrilla.<\/p>\n<p>No lo pienses m\u00e1s y a\u00f1ade nuestras almejas jap\u00f3nicas a tu carrito de compras. Disfruta de la calidad y frescura que te ofrecemos en cada uno de nuestros productos y convi\u00e9rtete en un amante del buen marisco. \u00a1Haz tu pedido ahora y disfruta de una experiencia gastron\u00f3mica inolvidable!<\/p>\n<p>&nbsp;<\/p>\n","protected":false},"excerpt":{"rendered":"<p>Almeja japonica cultivo de calidad.<\/p>\n","protected":false},"featured_media":6131,"comment_status":"open","ping_status":"closed","template":"","meta":[],"product_brand":[],"product_cat":[41],"product_tag":[57,47,320,202,58,59,319],"class_list":{"0":"post-4478","1":"product","2":"type-product","3":"status-publish","4":"has-post-thumbnail","6":"product_cat-mariscos","7":"product_tag-almeja","8":"product_tag-calidad","9":"product_tag-cloissa","10":"product_tag-gallega","11":"product_tag-marisco","12":"product_tag-mariscos","13":"product_tag-primera","15":"first","16":"instock","17":"taxable","18":"shipping-taxable","19":"purchasable","20":"product-type-variable"},"jetpack_sharing_enabled":true,"_links":{"self":[{"href":"https:\/\/peixateriafite.com\/index.php\/wp-json\/wp\/v2\/product\/4478","targetHints":{"allow":["GET"]}}],"collection":[{"href":"https:\/\/peixateriafite.com\/index.php\/wp-json\/wp\/v2\/product"}],"about":[{"href":"https:\/\/peixateriafite.com\/index.php\/wp-json\/wp\/v2\/types\/product"}],"replies":[{"embeddable":true,"href":"https:\/\/peixateriafite.com\/index.php\/wp-json\/wp\/v2\/comments?post=4478"}],"wp:featuredmedia":[{"embeddable":true,"href":"https:\/\/peixateriafite.com\/index.php\/wp-json\/wp\/v2\/media\/6131"}],"wp:attachment":[{"href":"https:\/\/peixateriafite.com\/index.php\/wp-json\/wp\/v2\/media?parent=4478"}],"wp:term":[{"taxonomy":"product_brand","embeddable":true,"href":"https:\/\/peixateriafite.com\/index.php\/wp-json\/wp\/v2\/product_brand?post=4478"},{"taxonomy":"product_cat","embeddable":true,"href":"https:\/\/peixateriafite.com\/index.php\/wp-json\/wp\/v2\/product_cat?post=4478"},{"taxonomy":"product_tag","embeddable":true,"href":"https:\/\/peixateriafite.com\/index.php\/wp-json\/wp\/v2\/product_tag?post=4478"}],"curies":[{"name":"wp","href":"https:\/\/api.w.org\/{rel}","templated":true}]}}