{"id":4348,"date":"2023-03-30T10:26:31","date_gmt":"2023-03-30T09:26:31","guid":{"rendered":"https:\/\/peixateriafite.com\/?post_type=product&#038;p=4348"},"modified":"2023-04-20T08:21:34","modified_gmt":"2023-04-20T07:21:34","slug":"bonito-15-kg","status":"publish","type":"product","link":"https:\/\/peixateriafite.com\/index.php\/product\/bonito-15-kg\/","title":{"rendered":"Bonito Mediterr\u00e1neo 1,5 kg"},"content":{"rendered":"<p>El bonito es un pez migratorio de cabeza grande y c\u00f3nica. Su cuerpo es fusiforme, robusto y panzudo, de color azul oscuro en el dorso, m\u00e1s claro y gris\u00e1ceo en los flancos y plateado en el vientre. Se diferencia fundamentalmente de otros t\u00fanidos en que las aletas pectorales son muy largas.<\/p>\n<p>En invierno vive en las profundidades del oc\u00e9ano Atl\u00e1ntico, en el tri\u00e1ngulo que forman las islas Canarias, Madeira y Azores, y es en los meses de verano cuando suben hacia el norte y se capturan en la llamada \u00abCampa\u00f1a Costera del Bonito\u00bb.<\/p>\n<p>En los meses que no hay capturas, generalmente entre Septiembre y Mayo, s\u00f3lo podemos ofrecer los lomos limpios y sin piel congelados, que hemos elaborado durante los meses de temporada. El peso de un lomo envasado al vac\u00edo est\u00e1 entre 1 y 1,5 kg aprox.<\/p>\n","protected":false},"excerpt":{"rendered":"<p>Bonito 1,5 kg<\/p>\n","protected":false},"featured_media":6122,"comment_status":"open","ping_status":"closed","template":"","meta":[],"product_brand":[],"product_cat":[15],"product_tag":[37,457,459,460,458],"class_list":{"0":"post-4348","1":"product","2":"type-product","3":"status-publish","4":"has-post-thumbnail","6":"product_cat-pescadoazul","7":"product_tag-atun","8":"product_tag-bonito","9":"product_tag-norte","10":"product_tag-pesacdo-azul","11":"product_tag-sur","13":"first","14":"instock","15":"taxable","16":"shipping-taxable","17":"purchasable","18":"product-type-variable"},"jetpack_sharing_enabled":true,"_links":{"self":[{"href":"https:\/\/peixateriafite.com\/index.php\/wp-json\/wp\/v2\/product\/4348","targetHints":{"allow":["GET"]}}],"collection":[{"href":"https:\/\/peixateriafite.com\/index.php\/wp-json\/wp\/v2\/product"}],"about":[{"href":"https:\/\/peixateriafite.com\/index.php\/wp-json\/wp\/v2\/types\/product"}],"replies":[{"embeddable":true,"href":"https:\/\/peixateriafite.com\/index.php\/wp-json\/wp\/v2\/comments?post=4348"}],"wp:featuredmedia":[{"embeddable":true,"href":"https:\/\/peixateriafite.com\/index.php\/wp-json\/wp\/v2\/media\/6122"}],"wp:attachment":[{"href":"https:\/\/peixateriafite.com\/index.php\/wp-json\/wp\/v2\/media?parent=4348"}],"wp:term":[{"taxonomy":"product_brand","embeddable":true,"href":"https:\/\/peixateriafite.com\/index.php\/wp-json\/wp\/v2\/product_brand?post=4348"},{"taxonomy":"product_cat","embeddable":true,"href":"https:\/\/peixateriafite.com\/index.php\/wp-json\/wp\/v2\/product_cat?post=4348"},{"taxonomy":"product_tag","embeddable":true,"href":"https:\/\/peixateriafite.com\/index.php\/wp-json\/wp\/v2\/product_tag?post=4348"}],"curies":[{"name":"wp","href":"https:\/\/api.w.org\/{rel}","templated":true}]}}