{"id":4252,"date":"2023-03-30T08:22:13","date_gmt":"2023-03-30T07:22:13","guid":{"rendered":"https:\/\/peixateriafite.com\/?post_type=product&#038;p=4252"},"modified":"2023-04-10T21:37:17","modified_gmt":"2023-04-10T20:37:17","slug":"ostras-amelie-fine-de-claire-6-unidades","status":"publish","type":"product","link":"https:\/\/peixateriafite.com\/index.php\/product\/ostras-amelie-fine-de-claire-6-unidades\/","title":{"rendered":"Ostras Am\u00e9lie Fine de Claire (6 unidades)"},"content":{"rendered":"<h4 class=\"tvproduct-content-title\">n\u00ba 2 Fine de Claire (6u)<\/h4>\n<p>Su textura suave con un intenso final y su volumen de carne, hace de esta ostra un producto perfecto para tomar con champagne.<\/p>\n<p>Am\u00e9lie es la marca especialista en la producci\u00f3n y comercializaci\u00f3n de ostras \u201cFine de Claire\u201d y \u201cSp\u00e9ciale Fine de Claire\u201d Marennes Ol\u00e9ron IGP de Alta Gama. Las ostras Am\u00e9lie est\u00e1n producidas y vendidas bajo la Denominaci\u00f3n de Origen Protegida Marennes Ol\u00e9ron, las \u00fanicas ostras en el mundo que tienen una apelaci\u00f3n Indicaci\u00f3n de Origen Protegida.<\/p>\n<p>son consideradas las mejores ostras del mundo, pues han ganado premios en todas las categor\u00edas de ostras en el concurso brit\u00e1nico Golden Fork<a href=\"http:\/\/www.huitresamelie.com\/ostras-3-estrellas-top-50-y-golden-fork-for-best-imported-food-de-los-great-taste-awards\/\">,<\/a>\u00a0tambi\u00e9n obtuvieron premio a la mejor ostra en Par\u00eds en el Concours G\u00e9n\u00e9ral Agricole.<\/p>\n<p>&nbsp;<\/p>\n","protected":false},"excerpt":{"rendered":"<p>Ostras Am\u00e9lie Fine de Claire (6 unidades)<\/p>\n","protected":false},"featured_media":5051,"comment_status":"open","ping_status":"closed","template":"","meta":[],"product_brand":[],"product_cat":[41],"product_tag":[471,453,454,456,455,58,432,433],"class_list":{"0":"post-4252","1":"product","2":"type-product","3":"status-publish","4":"has-post-thumbnail","6":"product_cat-mariscos","7":"product_tag-amelie","8":"product_tag-buena","9":"product_tag-buenisimas","10":"product_tag-cava","11":"product_tag-champagne","12":"product_tag-marisco","13":"product_tag-ostra","14":"product_tag-ostras","16":"first","17":"instock","18":"taxable","19":"shipping-taxable","20":"purchasable","21":"product-type-simple"},"jetpack_sharing_enabled":true,"_links":{"self":[{"href":"https:\/\/peixateriafite.com\/index.php\/wp-json\/wp\/v2\/product\/4252","targetHints":{"allow":["GET"]}}],"collection":[{"href":"https:\/\/peixateriafite.com\/index.php\/wp-json\/wp\/v2\/product"}],"about":[{"href":"https:\/\/peixateriafite.com\/index.php\/wp-json\/wp\/v2\/types\/product"}],"replies":[{"embeddable":true,"href":"https:\/\/peixateriafite.com\/index.php\/wp-json\/wp\/v2\/comments?post=4252"}],"wp:featuredmedia":[{"embeddable":true,"href":"https:\/\/peixateriafite.com\/index.php\/wp-json\/wp\/v2\/media\/5051"}],"wp:attachment":[{"href":"https:\/\/peixateriafite.com\/index.php\/wp-json\/wp\/v2\/media?parent=4252"}],"wp:term":[{"taxonomy":"product_brand","embeddable":true,"href":"https:\/\/peixateriafite.com\/index.php\/wp-json\/wp\/v2\/product_brand?post=4252"},{"taxonomy":"product_cat","embeddable":true,"href":"https:\/\/peixateriafite.com\/index.php\/wp-json\/wp\/v2\/product_cat?post=4252"},{"taxonomy":"product_tag","embeddable":true,"href":"https:\/\/peixateriafite.com\/index.php\/wp-json\/wp\/v2\/product_tag?post=4252"}],"curies":[{"name":"wp","href":"https:\/\/api.w.org\/{rel}","templated":true}]}}