{"id":4236,"date":"2023-03-29T22:24:35","date_gmt":"2023-03-29T21:24:35","guid":{"rendered":"https:\/\/peixateriafite.com\/?post_type=product&#038;p=4236"},"modified":"2023-04-20T07:48:52","modified_gmt":"2023-04-20T06:48:52","slug":"pulpo-roquero-3-kg-aprox","status":"publish","type":"product","link":"https:\/\/peixateriafite.com\/index.php\/product\/pulpo-roquero-3-kg-aprox\/","title":{"rendered":"Pulpo roquero 3 kg aprox"},"content":{"rendered":"<p>Es un\u00a0<b>molusco cefal\u00f3podo (Octopus vulgaris) y oct\u00f3podo<\/b>. Vive en fondos rocosos en las zonas litorales, entre rocas y piedras y a veces en guaridas. Habita a profundidades inferiores a 200 m. Los oct\u00f3podos son animales marinos de la familia de los moluscos cefal\u00f3podos que carecen de esqueleto: ni interno ni externo.<\/p>\n<p><strong>El pulpo es uno de los alimentos marinos m\u00e1s nutritivos y apreciados<\/strong>\u00a0por aquellos que disfrutan de la buena comida. Su nombre cient\u00edfico es octopus vulgaris o pulpo, s\u00ed, el pulpo roquero no es m\u00e1s que el pulpo com\u00fan.<\/p>\n<p>A pesar de ser el pulpo de toda la vida, su preparaci\u00f3n sigue siendo una exquisitez. Por lo general se prepara a la gallega, a la plancha o frito, de cualquier manera, encanta.\u00a0<strong>La carne del pulpo cuenta con propiedades \u00fanicas<\/strong>\u00a0que pueden ser muy beneficiosas para el organismo. Acomp\u00e1\u00f1anos a descubrir las mejores caracter\u00edsticas del pulpo roquero.<\/p>\n<p><strong>El pulpo es un alimento con un excelente valor nutricional<\/strong>\u00a0que aportar\u00e1 a nuestro cuerpo una cantidad enorme de nutrientes. Es un alimento bajo en grasas y colesterol, su aporte cal\u00f3rico es bajo y ofrece una buena cantidad de prote\u00ednas.<\/p>\n<p>El pulpo tambi\u00e9n hace un aporte importante de vitaminas A y E tambi\u00e9n contiene vitamina B12 excelente para el organismo. Tiene un buen contenido de potasio, el cual, como sabemos se opone al sodio, lo que es excelente para hipertensos.<\/p>\n<p>Las personas con hipertensi\u00f3n arterial pueden consumirlo tranquilamente siempre y cuando no se agreguen condimentos con alto contenido de sodio. Tiene una gran cantidad de omega 3 lo que tambi\u00e9n favorece al coraz\u00f3n. Contiene \u00e1cidos esenciales y grasas saludables.<\/p>\n<p>Algunos de los minerales que encontramos en el pulpo son:<\/p>\n<ul>\n<li><strong>Selenio<\/strong><\/li>\n<li><strong>Yodo<\/strong><\/li>\n<li><strong>Zinc<\/strong><\/li>\n<li><strong>Magnesio<\/strong><\/li>\n<li><strong>Calcio<\/strong><\/li>\n<li><strong>Hierro<\/strong><\/li>\n<li><strong>Cobre<\/strong><\/li>\n<li><strong>Manganeso<\/strong><\/li>\n<\/ul>\n","protected":false},"excerpt":{"rendered":"<p>pulpo roquero 3 kg<\/p>\n","protected":false},"featured_media":6138,"comment_status":"open","ping_status":"closed","template":"","meta":[],"product_brand":[],"product_cat":[40],"product_tag":[443,441,197,444,442],"class_list":{"0":"post-4236","1":"product","2":"type-product","3":"status-publish","4":"has-post-thumbnail","6":"product_cat-molusco-fresco","7":"product_tag-a-la-gallega","8":"product_tag-gallego","9":"product_tag-pulpo","10":"product_tag-pulpo-fresco","11":"product_tag-roquero","13":"first","14":"instock","15":"taxable","16":"shipping-taxable","17":"purchasable","18":"product-type-variable"},"jetpack_sharing_enabled":true,"_links":{"self":[{"href":"https:\/\/peixateriafite.com\/index.php\/wp-json\/wp\/v2\/product\/4236","targetHints":{"allow":["GET"]}}],"collection":[{"href":"https:\/\/peixateriafite.com\/index.php\/wp-json\/wp\/v2\/product"}],"about":[{"href":"https:\/\/peixateriafite.com\/index.php\/wp-json\/wp\/v2\/types\/product"}],"replies":[{"embeddable":true,"href":"https:\/\/peixateriafite.com\/index.php\/wp-json\/wp\/v2\/comments?post=4236"}],"wp:featuredmedia":[{"embeddable":true,"href":"https:\/\/peixateriafite.com\/index.php\/wp-json\/wp\/v2\/media\/6138"}],"wp:attachment":[{"href":"https:\/\/peixateriafite.com\/index.php\/wp-json\/wp\/v2\/media?parent=4236"}],"wp:term":[{"taxonomy":"product_brand","embeddable":true,"href":"https:\/\/peixateriafite.com\/index.php\/wp-json\/wp\/v2\/product_brand?post=4236"},{"taxonomy":"product_cat","embeddable":true,"href":"https:\/\/peixateriafite.com\/index.php\/wp-json\/wp\/v2\/product_cat?post=4236"},{"taxonomy":"product_tag","embeddable":true,"href":"https:\/\/peixateriafite.com\/index.php\/wp-json\/wp\/v2\/product_tag?post=4236"}],"curies":[{"name":"wp","href":"https:\/\/api.w.org\/{rel}","templated":true}]}}