{"id":4234,"date":"2023-03-29T22:16:39","date_gmt":"2023-03-29T21:16:39","guid":{"rendered":"https:\/\/peixateriafite.com\/?post_type=product&#038;p=4234"},"modified":"2023-04-14T14:50:22","modified_gmt":"2023-04-14T13:50:22","slug":"percebe-marroqui-talla-mg","status":"publish","type":"product","link":"https:\/\/peixateriafite.com\/index.php\/product\/percebe-marroqui-talla-mg\/","title":{"rendered":"Percebe marroqu\u00ed talla MG 500gr"},"content":{"rendered":"<p><strong>Percebe de Marruecos mediano\/grande<\/strong><\/p>\n<ul>\n<li>El percebe Marruecos mediano es un crust\u00e1ceo perteneciente a la familia de los Scalpellidae . Habita en las aguas Marroqu\u00eds y \u00c1frica noroccidental. Este singular crust\u00e1ceo vive adherido a las rocas ya que carece de extremidades con las que desplazarse. Por otro lado tampoco las necesita ya que se alimenta filtrando el agua de su alrededor.<\/li>\n<li>Su cuerpo se divide en dos partes:<\/li>\n<li>La cabeza, compuesta por unas placas calc\u00e1reas de color gris\u00e1ceo que recuerdan a una pezu\u00f1a y que se llama cirro.<\/li>\n<li>el cuerpo, de forma cil\u00edndrica y color marr\u00f3n cuya base se adhiere a la roca.<\/li>\n<\/ul>\n","protected":false},"excerpt":{"rendered":"<p>percebe marroq\u00ed MG<\/p>\n","protected":false},"featured_media":5117,"comment_status":"open","ping_status":"closed","template":"","meta":[],"product_brand":[],"product_cat":[41],"product_tag":[226,357,358,354,359,356,441,58,440,225,439,74,360],"class_list":{"0":"post-4234","1":"product","2":"type-product","3":"status-publish","4":"has-post-thumbnail","6":"product_cat-mariscos","7":"product_tag-aperitivo","8":"product_tag-cena","9":"product_tag-comida","10":"product_tag-crustaceos","11":"product_tag-familia","12":"product_tag-fiestas","13":"product_tag-gallego","14":"product_tag-marisco","15":"product_tag-marroqui","16":"product_tag-navidad","17":"product_tag-percebe","18":"product_tag-pescado","19":"product_tag-reunion","21":"first","22":"outofstock","23":"taxable","24":"shipping-taxable","25":"product-type-variable"},"jetpack_sharing_enabled":true,"_links":{"self":[{"href":"https:\/\/peixateriafite.com\/index.php\/wp-json\/wp\/v2\/product\/4234","targetHints":{"allow":["GET"]}}],"collection":[{"href":"https:\/\/peixateriafite.com\/index.php\/wp-json\/wp\/v2\/product"}],"about":[{"href":"https:\/\/peixateriafite.com\/index.php\/wp-json\/wp\/v2\/types\/product"}],"replies":[{"embeddable":true,"href":"https:\/\/peixateriafite.com\/index.php\/wp-json\/wp\/v2\/comments?post=4234"}],"wp:featuredmedia":[{"embeddable":true,"href":"https:\/\/peixateriafite.com\/index.php\/wp-json\/wp\/v2\/media\/5117"}],"wp:attachment":[{"href":"https:\/\/peixateriafite.com\/index.php\/wp-json\/wp\/v2\/media?parent=4234"}],"wp:term":[{"taxonomy":"product_brand","embeddable":true,"href":"https:\/\/peixateriafite.com\/index.php\/wp-json\/wp\/v2\/product_brand?post=4234"},{"taxonomy":"product_cat","embeddable":true,"href":"https:\/\/peixateriafite.com\/index.php\/wp-json\/wp\/v2\/product_cat?post=4234"},{"taxonomy":"product_tag","embeddable":true,"href":"https:\/\/peixateriafite.com\/index.php\/wp-json\/wp\/v2\/product_tag?post=4234"}],"curies":[{"name":"wp","href":"https:\/\/api.w.org\/{rel}","templated":true}]}}