{"id":4229,"date":"2023-03-29T22:09:10","date_gmt":"2023-03-29T21:09:10","guid":{"rendered":"https:\/\/peixateriafite.com\/?post_type=product&#038;p=4229"},"modified":"2023-04-14T14:50:45","modified_gmt":"2023-04-14T13:50:45","slug":"percebes-gallegos-medianos","status":"publish","type":"product","link":"https:\/\/peixateriafite.com\/index.php\/product\/percebes-gallegos-medianos\/","title":{"rendered":"Percebes Gallegos medianos 250gr"},"content":{"rendered":"<p>El percebe\u00a0<b>es un crust\u00e1ceo que posee una fuerte piel de color negro y una u\u00f1a formada por varias capas que lo protege<\/b>. Su aspecto particular lo hace muy f\u00e1cilmente distinguible, lo que lo ha ayudado a convertirse en el icono del marisco gallego.<\/p>\n<p>Los percebes gallegos son\u00a0<b>crust\u00e1ceos alargados que proliferan unidos a la roca, donde se alimentan de plancton y huevos de peces<\/b>. Predominan sobre todo en Espa\u00f1a, particularmente en la bella Costa da Morte gallega.<\/p>\n<p>Preferiblemente se cuece en agua marina y escasos minutos, como dicen en Galicia: \u201cAuga ferver percebes botar, auga ferver percebes quitar\u201d.\u00a0<b>Su parte comestible es la que forma el ped\u00fanculo, que para comerlo se separa a la altura de la u\u00f1a y se desprende su piel para disfrutar de un exquisito bocado de mar<\/b>.<\/p>\n<p>Este marisco tiene dos partes, el ped\u00fanculo, que guarda en su interior una carne muy sabrosa con un\u00a0<b>gran sabor a mar<\/b>\u00a0y la u\u00f1a, una especie de caparaz\u00f3n que se forma por varias piezas.<\/p>\n<div>\n<div class=\"dnXCYb\" tabindex=\"0\" role=\"button\" aria-controls=\"_aKckZNSiM4ifkdUPn_SLkAU_4\" aria-expanded=\"true\" data-hveid=\"CAMQAQ\">\n<div class=\"JlqpRe\"><span class=\"JCzEY ZwRhJd\">\u00bfQu\u00e9 beneficios tienen los percebes?<\/span><\/div>\n<div class=\"L3Ezfd\" data-ved=\"2ahUKEwjU9t3bhIL-AhWIT6QEHR_6AlIQuk56BAgDEAI\">Prote\u00ednas, calcio, yodo, magnesio, potasio, f\u00f3sforo, selenio, vitamina B12, B6, tiamina, riboflavina y niacina. Los <b>percebes<\/b>\u00a0\u2014a diferencia de otros mariscos\u2014 son alimentos sin grasa y con un contenido en colesterol mucho menor\u00a0<b>que<\/b> cualquiera de su grupo.<\/div>\n<div data-ved=\"2ahUKEwjU9t3bhIL-AhWIT6QEHR_6AlIQuk56BAgDEAI\">La temporada para el consumo del percebe fresco comprende los meses de\u00a0<b>marzo, junio, septiembre y diciembre<\/b>. Si atendemos a su procedencia, los del norte de Espa\u00f1a destacan porque son algo m\u00e1s grandes que los dem\u00e1s.<\/div>\n<\/div>\n<\/div>\n","protected":false},"excerpt":{"rendered":"<p>percebes gallegos medianos<\/p>\n","protected":false},"featured_media":4425,"comment_status":"open","ping_status":"closed","template":"","meta":[],"product_brand":[],"product_cat":[41],"product_tag":[357,358,354,437,356,438,130,401,58,225,436],"class_list":{"0":"post-4229","1":"product","2":"type-product","3":"status-publish","4":"has-post-thumbnail","6":"product_cat-mariscos","7":"product_tag-cena","8":"product_tag-comida","9":"product_tag-crustaceos","10":"product_tag-familiar","11":"product_tag-fiestas","12":"product_tag-fin-de-ano","13":"product_tag-gallegos","14":"product_tag-mariscada","15":"product_tag-marisco","16":"product_tag-navidad","17":"product_tag-percebes","19":"first","20":"instock","21":"taxable","22":"shipping-taxable","23":"purchasable","24":"product-type-variable"},"jetpack_sharing_enabled":true,"_links":{"self":[{"href":"https:\/\/peixateriafite.com\/index.php\/wp-json\/wp\/v2\/product\/4229","targetHints":{"allow":["GET"]}}],"collection":[{"href":"https:\/\/peixateriafite.com\/index.php\/wp-json\/wp\/v2\/product"}],"about":[{"href":"https:\/\/peixateriafite.com\/index.php\/wp-json\/wp\/v2\/types\/product"}],"replies":[{"embeddable":true,"href":"https:\/\/peixateriafite.com\/index.php\/wp-json\/wp\/v2\/comments?post=4229"}],"wp:featuredmedia":[{"embeddable":true,"href":"https:\/\/peixateriafite.com\/index.php\/wp-json\/wp\/v2\/media\/4425"}],"wp:attachment":[{"href":"https:\/\/peixateriafite.com\/index.php\/wp-json\/wp\/v2\/media?parent=4229"}],"wp:term":[{"taxonomy":"product_brand","embeddable":true,"href":"https:\/\/peixateriafite.com\/index.php\/wp-json\/wp\/v2\/product_brand?post=4229"},{"taxonomy":"product_cat","embeddable":true,"href":"https:\/\/peixateriafite.com\/index.php\/wp-json\/wp\/v2\/product_cat?post=4229"},{"taxonomy":"product_tag","embeddable":true,"href":"https:\/\/peixateriafite.com\/index.php\/wp-json\/wp\/v2\/product_tag?post=4229"}],"curies":[{"name":"wp","href":"https:\/\/api.w.org\/{rel}","templated":true}]}}