{"id":4226,"date":"2023-03-29T21:54:38","date_gmt":"2023-03-29T20:54:38","guid":{"rendered":"https:\/\/peixateriafite.com\/?post_type=product&#038;p=4226"},"modified":"2023-04-10T22:01:11","modified_gmt":"2023-04-10T21:01:11","slug":"ostron-frances-guillardeau-no2-12-piezas","status":"publish","type":"product","link":"https:\/\/peixateriafite.com\/index.php\/product\/ostron-frances-guillardeau-no2-12-piezas\/","title":{"rendered":"Ostr\u00f3n franc\u00e9s Guillardeau N\u00ba2 ( 12 piezas)"},"content":{"rendered":"<p>Las ostras Guillardeau est\u00e1n consideradas como las mejores del mundo. S\u00f3n sin\u00f3nimo de lujo y excelencia.<\/p>\n<p>Estas ostras se cultivan durante mas de 3 a\u00f1os y su \u00fanico secreto est\u00e1 en la salinidad del agua, las corrientes marinas, las mareas, el plancton y la profundidad del cultivo. Sin olvidar, claro est\u00e1, los cuidados cotidianos del equipo de Maison Gillardeau.<\/p>\n<p>Los calibres de las ostras van del 0 al 5, siendo 0 el tama\u00f1o mas grande y 5 el mas peque\u00f1o. Las ostras m\u00e1s grandes (las del tama\u00f1o 0 y 1) son ostras con mas de 4 a\u00f1os de crecimiento, mientras que las del calibre 2 y 3 son las que encontramos normalmente en nuestro mercado.<\/p>\n","protected":false},"excerpt":{"rendered":"<p>Ostr\u00f3n franc\u00e9s Guillardeau 12 piezas<\/p>\n","protected":false},"featured_media":5058,"comment_status":"open","ping_status":"closed","template":"","meta":[],"product_brand":[],"product_cat":[41],"product_tag":[226,357,358,354,359,356,434,401,58,225,432,433,74,360],"class_list":{"0":"post-4226","1":"product","2":"type-product","3":"status-publish","4":"has-post-thumbnail","6":"product_cat-mariscos","7":"product_tag-aperitivo","8":"product_tag-cena","9":"product_tag-comida","10":"product_tag-crustaceos","11":"product_tag-familia","12":"product_tag-fiestas","13":"product_tag-guillardeau","14":"product_tag-mariscada","15":"product_tag-marisco","16":"product_tag-navidad","17":"product_tag-ostra","18":"product_tag-ostras","19":"product_tag-pescado","20":"product_tag-reunion","22":"first","23":"instock","24":"taxable","25":"shipping-taxable","26":"purchasable","27":"product-type-simple"},"jetpack_sharing_enabled":true,"_links":{"self":[{"href":"https:\/\/peixateriafite.com\/index.php\/wp-json\/wp\/v2\/product\/4226","targetHints":{"allow":["GET"]}}],"collection":[{"href":"https:\/\/peixateriafite.com\/index.php\/wp-json\/wp\/v2\/product"}],"about":[{"href":"https:\/\/peixateriafite.com\/index.php\/wp-json\/wp\/v2\/types\/product"}],"replies":[{"embeddable":true,"href":"https:\/\/peixateriafite.com\/index.php\/wp-json\/wp\/v2\/comments?post=4226"}],"wp:featuredmedia":[{"embeddable":true,"href":"https:\/\/peixateriafite.com\/index.php\/wp-json\/wp\/v2\/media\/5058"}],"wp:attachment":[{"href":"https:\/\/peixateriafite.com\/index.php\/wp-json\/wp\/v2\/media?parent=4226"}],"wp:term":[{"taxonomy":"product_brand","embeddable":true,"href":"https:\/\/peixateriafite.com\/index.php\/wp-json\/wp\/v2\/product_brand?post=4226"},{"taxonomy":"product_cat","embeddable":true,"href":"https:\/\/peixateriafite.com\/index.php\/wp-json\/wp\/v2\/product_cat?post=4226"},{"taxonomy":"product_tag","embeddable":true,"href":"https:\/\/peixateriafite.com\/index.php\/wp-json\/wp\/v2\/product_tag?post=4226"}],"curies":[{"name":"wp","href":"https:\/\/api.w.org\/{rel}","templated":true}]}}