{"id":4192,"date":"2023-03-29T20:10:10","date_gmt":"2023-03-29T19:10:10","guid":{"rendered":"https:\/\/peixateriafite.com\/?post_type=product&#038;p=4192"},"modified":"2023-04-14T15:01:47","modified_gmt":"2023-04-14T14:01:47","slug":"chipiron-fresco-de-playa","status":"publish","type":"product","link":"https:\/\/peixateriafite.com\/index.php\/product\/chipiron-fresco-de-playa\/","title":{"rendered":"Chipir\u00f3n fresco de playa 500gr"},"content":{"rendered":"<p>Es uno de los cefal\u00f3podos m\u00e1s conocidos y populares de todas nuestras costas , siendo Espa\u00f1a uno de los pa\u00edses de mayor consumo del Mundo.<\/p>\n<p>Estos chipirones frescos son toda una delicia.<\/p>\n<p>Los vendemos en paquetes de 500gr.<\/p>\n<p>Para cocinarlos primero hay que quitarle el plastiquito que llevan, enharinarlos y freirlos. As\u00ed es como estan mas buenos aunque tambien los puedes hacer en arroces, fideu\u00e1s entre otros platos de gastronomia espa\u00f1ola.<\/p>\n<p>Son frescos y de playa un verdadero manjar que no te arrepentir\u00e1s de comprarlo.<\/p>\n","protected":false},"excerpt":{"rendered":"<p>Chipiron fresco de playa<\/p>\n","protected":false},"featured_media":5063,"comment_status":"open","ping_status":"closed","template":"","meta":[],"product_brand":[],"product_cat":[40],"product_tag":[244,117,123,245,415,282],"class_list":{"0":"post-4192","1":"product","2":"type-product","3":"status-publish","4":"has-post-thumbnail","6":"product_cat-molusco-fresco","7":"product_tag-arroz","8":"product_tag-calamar","9":"product_tag-chipiron","10":"product_tag-fideua","11":"product_tag-frito","12":"product_tag-pequeno","14":"first","15":"instock","16":"taxable","17":"shipping-taxable","18":"purchasable","19":"product-type-variable"},"jetpack_sharing_enabled":true,"_links":{"self":[{"href":"https:\/\/peixateriafite.com\/index.php\/wp-json\/wp\/v2\/product\/4192","targetHints":{"allow":["GET"]}}],"collection":[{"href":"https:\/\/peixateriafite.com\/index.php\/wp-json\/wp\/v2\/product"}],"about":[{"href":"https:\/\/peixateriafite.com\/index.php\/wp-json\/wp\/v2\/types\/product"}],"replies":[{"embeddable":true,"href":"https:\/\/peixateriafite.com\/index.php\/wp-json\/wp\/v2\/comments?post=4192"}],"wp:featuredmedia":[{"embeddable":true,"href":"https:\/\/peixateriafite.com\/index.php\/wp-json\/wp\/v2\/media\/5063"}],"wp:attachment":[{"href":"https:\/\/peixateriafite.com\/index.php\/wp-json\/wp\/v2\/media?parent=4192"}],"wp:term":[{"taxonomy":"product_brand","embeddable":true,"href":"https:\/\/peixateriafite.com\/index.php\/wp-json\/wp\/v2\/product_brand?post=4192"},{"taxonomy":"product_cat","embeddable":true,"href":"https:\/\/peixateriafite.com\/index.php\/wp-json\/wp\/v2\/product_cat?post=4192"},{"taxonomy":"product_tag","embeddable":true,"href":"https:\/\/peixateriafite.com\/index.php\/wp-json\/wp\/v2\/product_tag?post=4192"}],"curies":[{"name":"wp","href":"https:\/\/api.w.org\/{rel}","templated":true}]}}