{"id":4190,"date":"2023-03-29T20:04:34","date_gmt":"2023-03-29T19:04:34","guid":{"rendered":"https:\/\/peixateriafite.com\/?post_type=product&#038;p=4190"},"modified":"2023-04-20T08:03:54","modified_gmt":"2023-04-20T07:03:54","slug":"caracolillo-de-mar-bigaro","status":"publish","type":"product","link":"https:\/\/peixateriafite.com\/index.php\/product\/caracolillo-de-mar-bigaro\/","title":{"rendered":"Caracolillo de mar \/ Bigaro 1kg"},"content":{"rendered":"<p>Tambi\u00e9n conocidos como\u00a0<b><span tabindex=\"0\" role=\"tooltip\"><span class=\"c5aZPb\" tabindex=\"0\" role=\"button\" data-enable-toggle-animation=\"true\" data-extra-container-classes=\"ZLo7Eb\" data-hover-hide-delay=\"1000\" data-hover-open-delay=\"500\" data-send-open-event=\"true\" data-theme=\"0\" data-width=\"250\" data-ved=\"2ahUKEwiN1Nfl6IH-AhX27LsIHcnhCpsQmpgGegQIFhAD\"><span class=\"JPfdse\" data-bubble-link=\"\" data-segment-text=\"caracol de mar\">caracol de mar<\/span><\/span><\/span><\/b>,\u00a0<b>caracolillo<\/b>, son unos moluscos de concha robusta, con forma c\u00f3nica espiral, puntiaguda en un extremo. De color pardo negro. Su tama\u00f1o est\u00e1 entra los 3 o 6 mm. Se adhieren a las rocas que quedan sumergidas, en grietas que le sirven para protegerse del oleaje y las corrientes.<\/p>\n<p>Los b\u00edgaros son una variedad de moluscos gaster\u00f3podos comestibles que se pescan y se consumen habitualmente en nuestro pa\u00eds. Tambi\u00e9n son conocidos con el nombre de caracoles de mar, caracolillos y caramuxos.<\/p>\n<p data-mrf-recirculation=\"Article links\">Estos caracoles marinos tienen un tama\u00f1o o altura de entre 2 y 4 cm, y viven dentro de una\u00a0<strong>concha cuyo color puede variar del gris al negro, con vetas pardas o verdosas<\/strong>, que se caracteriza por su forma espiral que es algo puntiaguda en la parte superior.<\/p>\n<p data-mrf-recirculation=\"Article links\">Se trata de un\u00a0<strong>marisco de roca, ya que suele vivir agarrado a piedras sueltas y rocas<\/strong>, aguantando el agua necesaria para vivir dentro de su concha cuando baja la marea. Para ello tiene una especie de tapa -que no se come- con la que cierra la concha reteniendo el agua en su interior.<\/p>\n<p data-mrf-recirculation=\"Article links\">Este marisco, que\u00a0<strong>se alimenta exclusivamente de algas, tiene un delicioso sabor<\/strong>\u00a0y es entretenido de comer, normalmente como aperitivo o picoteo, una vez cocido y tras extraer su carne ayudados por un\u00a0<strong>alfiler<\/strong>. Los b\u00edgaros,\u00a0<strong>son moluscos saludables ya que nos aportan unas 20 kcal por cada 100 g de producto con solo 1g de grasa y sin contenido en az\u00facares<\/strong>. Son ricos en \u00e1cidos grasos saturados y poliinsaturados, y contienen vitamina A, vitaminas del grupo B, vitamina C y vitamina E, as\u00ed como minerales como el Calcio, F\u00f3sforo, Potasio, Hierro y Magnesio.<\/p>\n<p data-mrf-recirculation=\"Article links\">\u00a0<strong>los b\u00edgaros frescos est\u00e1n m\u00e1s sabrosos que los congelados<\/strong>, si has comprado m\u00e1s de los que te vas a comer, puedes congelarlos en una bolsa herm\u00e9tica, mejor en crudo. Cuando los quieras consumir, puedes\u00a0<strong>descongelarlos de forma lenta, pas\u00e1ndolos del congelador a la nevera<\/strong>\u00a0y al d\u00eda siguiente proceder a su cocci\u00f3n.<\/p>\n<p data-mrf-recirculation=\"Article links\">PARA COCINARLOS OS RECOMIENDO ESTA RECETA<\/p>\n<p data-mrf-recirculation=\"Article links\">Colocamos los b\u00edgaros en un colador y los ponemos bajo el chorro de agua, ya que hay que\u00a0<strong>lavarlos muy bien para eliminar todas sus impurezas<\/strong>. Despu\u00e9s, los colocamos en un bol grande con abundante agua y sal, y los dejamos dentro durante unos 15 minutos.<\/p>\n<p data-mrf-recirculation=\"Article links\">Ponemos una\u00a0<strong>cacerola grande con 3 litros de agua y 210 g de sal gruesa, y a\u00f1adimos unas hojas de laurel<\/strong>. La proporci\u00f3n habitual es 70 g de sal y una hoja de laurel por cada litro de agua. Calentamos y esperamos a que el agua hierva.<\/p>\n<p data-mrf-recirculation=\"Article links\">Mientras, lavamos otra vez los b\u00edgaros bajo el agua y los incorporamos a la cacerola, lo que har\u00e1 que el agua deje de cocer.\u00a0<strong>Cuando vuelva a hervir, contamos 5 minutos y sacamos los b\u00edgaros que ya estar\u00e1n en su punto<\/strong>, listos para comer, preferiblemente en caliente reci\u00e9n cocidos.<\/p>\n<p data-mrf-recirculation=\"Article links\">\n","protected":false},"excerpt":{"rendered":"<p>caracolillo de mar \/ bigaro<\/p>\n","protected":false},"featured_media":6126,"comment_status":"open","ping_status":"closed","template":"","meta":[],"product_brand":[],"product_cat":[41],"product_tag":[226,414,413,357,358,354,359,356,233,58,225,74,360],"class_list":{"0":"post-4190","1":"product","2":"type-product","3":"status-publish","4":"has-post-thumbnail","6":"product_cat-mariscos","7":"product_tag-aperitivo","8":"product_tag-bigaro","9":"product_tag-caracolillo","10":"product_tag-cena","11":"product_tag-comida","12":"product_tag-crustaceos","13":"product_tag-familia","14":"product_tag-fiestas","15":"product_tag-mar","16":"product_tag-marisco","17":"product_tag-navidad","18":"product_tag-pescado","19":"product_tag-reunion","21":"first","22":"instock","23":"taxable","24":"shipping-taxable","25":"purchasable","26":"product-type-variable"},"jetpack_sharing_enabled":true,"_links":{"self":[{"href":"https:\/\/peixateriafite.com\/index.php\/wp-json\/wp\/v2\/product\/4190","targetHints":{"allow":["GET"]}}],"collection":[{"href":"https:\/\/peixateriafite.com\/index.php\/wp-json\/wp\/v2\/product"}],"about":[{"href":"https:\/\/peixateriafite.com\/index.php\/wp-json\/wp\/v2\/types\/product"}],"replies":[{"embeddable":true,"href":"https:\/\/peixateriafite.com\/index.php\/wp-json\/wp\/v2\/comments?post=4190"}],"wp:featuredmedia":[{"embeddable":true,"href":"https:\/\/peixateriafite.com\/index.php\/wp-json\/wp\/v2\/media\/6126"}],"wp:attachment":[{"href":"https:\/\/peixateriafite.com\/index.php\/wp-json\/wp\/v2\/media?parent=4190"}],"wp:term":[{"taxonomy":"product_brand","embeddable":true,"href":"https:\/\/peixateriafite.com\/index.php\/wp-json\/wp\/v2\/product_brand?post=4190"},{"taxonomy":"product_cat","embeddable":true,"href":"https:\/\/peixateriafite.com\/index.php\/wp-json\/wp\/v2\/product_cat?post=4190"},{"taxonomy":"product_tag","embeddable":true,"href":"https:\/\/peixateriafite.com\/index.php\/wp-json\/wp\/v2\/product_tag?post=4190"}],"curies":[{"name":"wp","href":"https:\/\/api.w.org\/{rel}","templated":true}]}}