{"id":4172,"date":"2023-03-29T18:23:49","date_gmt":"2023-03-29T17:23:49","guid":{"rendered":"https:\/\/peixateriafite.com\/?post_type=product&#038;p=4172"},"modified":"2023-04-11T09:58:00","modified_gmt":"2023-04-11T08:58:00","slug":"canyut-navajilla-del-delta-del-ebro-12-unidades-manojo","status":"publish","type":"product","link":"https:\/\/peixateriafite.com\/index.php\/product\/canyut-navajilla-del-delta-del-ebro-12-unidades-manojo\/","title":{"rendered":"Canyut (navajilla del Delta del Ebro)                                            12 unidades manojo"},"content":{"rendered":"<p>El canyut del Delta es un molusco bivalvo alargado y un poco curvado que nos llega del Delta del Ebro como una excelente alternativa de proximidad a las famosas navajas gallegas. Se venden por manojos, siendo cada manojo el aperitivo ideal para dos personas.<\/p>\n<p>El canyut son navajas t\u00edpicas del Delta del Ebro. A diferencia de las gallegas, son mas peque\u00f1as, de color amarillento y de un sabor m\u00e1s intenso. Te recomendamos cocinarlas a la plancha sin m\u00e1s secreto para que posean todo su sabor.<\/p>\n<p><strong>Las Navajas o Canyuts del Delta<\/strong>, como se llaman en la zona del Delta del Ebro, es un bivalvo de carne abundante y muy sabroso. Comprar Canyuts del Delta es todo un acierto.<\/p>\n<p>&nbsp;<\/p>\n","protected":false},"excerpt":{"rendered":"<p>Manojos de 12 unidades<\/p>\n","protected":false},"featured_media":4173,"comment_status":"open","ping_status":"closed","template":"","meta":[],"product_brand":[],"product_cat":[41],"product_tag":[399,402,356,401,400,225],"class_list":{"0":"post-4172","1":"product","2":"type-product","3":"status-publish","4":"has-post-thumbnail","6":"product_cat-mariscos","7":"product_tag-canyut","8":"product_tag-delta-del-ebro","9":"product_tag-fiestas","10":"product_tag-mariscada","11":"product_tag-navaja","12":"product_tag-navidad","14":"first","15":"instock","16":"taxable","17":"shipping-taxable","18":"purchasable","19":"product-type-simple"},"jetpack_sharing_enabled":true,"_links":{"self":[{"href":"https:\/\/peixateriafite.com\/index.php\/wp-json\/wp\/v2\/product\/4172","targetHints":{"allow":["GET"]}}],"collection":[{"href":"https:\/\/peixateriafite.com\/index.php\/wp-json\/wp\/v2\/product"}],"about":[{"href":"https:\/\/peixateriafite.com\/index.php\/wp-json\/wp\/v2\/types\/product"}],"replies":[{"embeddable":true,"href":"https:\/\/peixateriafite.com\/index.php\/wp-json\/wp\/v2\/comments?post=4172"}],"wp:featuredmedia":[{"embeddable":true,"href":"https:\/\/peixateriafite.com\/index.php\/wp-json\/wp\/v2\/media\/4173"}],"wp:attachment":[{"href":"https:\/\/peixateriafite.com\/index.php\/wp-json\/wp\/v2\/media?parent=4172"}],"wp:term":[{"taxonomy":"product_brand","embeddable":true,"href":"https:\/\/peixateriafite.com\/index.php\/wp-json\/wp\/v2\/product_brand?post=4172"},{"taxonomy":"product_cat","embeddable":true,"href":"https:\/\/peixateriafite.com\/index.php\/wp-json\/wp\/v2\/product_cat?post=4172"},{"taxonomy":"product_tag","embeddable":true,"href":"https:\/\/peixateriafite.com\/index.php\/wp-json\/wp\/v2\/product_tag?post=4172"}],"curies":[{"name":"wp","href":"https:\/\/api.w.org\/{rel}","templated":true}]}}