{"id":4154,"date":"2023-03-29T15:17:31","date_gmt":"2023-03-29T14:17:31","guid":{"rendered":"https:\/\/peixateriafite.com\/?post_type=product&#038;p=4154"},"modified":"2023-04-09T16:16:59","modified_gmt":"2023-04-09T15:16:59","slug":"croquetas-de-merluza-y-langostino-salvaje-del-mediterraneo-caja-10-croquetas","status":"publish","type":"product","link":"https:\/\/peixateriafite.com\/index.php\/product\/croquetas-de-merluza-y-langostino-salvaje-del-mediterraneo-caja-10-croquetas\/","title":{"rendered":"Croquetas de merluza y langostino salvaje del mediterraneo  (caja de 10 croquetas)"},"content":{"rendered":"<p><b>Una vez descongeladas consumir en un plazo m\u00e1ximo de 24 horas y NO VOLVER A CONGELAR una vez descongelado<\/b>.<\/p>\n<p>Croquetas artesanales de merluza y langostino salvaje del mediterr\u00e1neo con trocitos de langostino en el interior, s\u00f3n sabrosas y deliciosas.<\/p>\n<p><strong>ingredientes<\/strong>:<\/p>\n<p>Leche,langostino,E222(penaeus kerathrus),merluza (merluccius capensis),harina, trigo, mantequilla, cebolla, aceite de oliva virgen extra,\u00a0 sal, pan, clara de huevo pasteurizada, y conservante E202.<\/p>\n<p><strong>Al\u00e9rgenos: Leche, Pescado, Crust\u00e1ceos, huevo, Gl\u00faten, Sulfitos<\/strong>.<\/p>\n<p>Puede contener trazas de otros pescados y crust\u00e1ceos.<\/p>\n<p>Valores nutricionales por 100 gr: Energia 198 kcal-822kj \/ Grasas 10gr (saturadas 2.3gr) \/ Hidratos de carbono 17,4 gr (az\u00facares 2,3 gr) \/ Proteinas 9 gr \/ Sal 1,4 gr<\/p>\n<p>Peso aproximado 350 gr<\/p>\n<p>Producto congelado<\/p>\n<p><strong>Guardar en el congelador a temperatura de conservaci\u00f3n a -18\u00baC<\/strong><\/p>\n<p>&nbsp;<\/p>\n<p>&nbsp;<\/p>\n","protected":false},"excerpt":{"rendered":"<p>Croquetas de Merluza y langostino salvaje del mediterraneo<\/p>\n","protected":false},"featured_media":4155,"comment_status":"open","ping_status":"closed","template":"","meta":[],"product_brand":[],"product_cat":[196],"product_tag":[226,357,358,392,354,359,356,372,58,45,225,74,360,204],"class_list":{"0":"post-4154","1":"product","2":"type-product","3":"status-publish","4":"has-post-thumbnail","6":"product_cat-congelados","7":"product_tag-aperitivo","8":"product_tag-cena","9":"product_tag-comida","10":"product_tag-croquetas","11":"product_tag-crustaceos","12":"product_tag-familia","13":"product_tag-fiestas","14":"product_tag-langostino","15":"product_tag-marisco","16":"product_tag-mediterraneo","17":"product_tag-navidad","18":"product_tag-pescado","19":"product_tag-reunion","20":"product_tag-salvaje","22":"first","23":"instock","24":"taxable","25":"shipping-taxable","26":"purchasable","27":"product-type-simple"},"jetpack_sharing_enabled":true,"_links":{"self":[{"href":"https:\/\/peixateriafite.com\/index.php\/wp-json\/wp\/v2\/product\/4154","targetHints":{"allow":["GET"]}}],"collection":[{"href":"https:\/\/peixateriafite.com\/index.php\/wp-json\/wp\/v2\/product"}],"about":[{"href":"https:\/\/peixateriafite.com\/index.php\/wp-json\/wp\/v2\/types\/product"}],"replies":[{"embeddable":true,"href":"https:\/\/peixateriafite.com\/index.php\/wp-json\/wp\/v2\/comments?post=4154"}],"wp:featuredmedia":[{"embeddable":true,"href":"https:\/\/peixateriafite.com\/index.php\/wp-json\/wp\/v2\/media\/4155"}],"wp:attachment":[{"href":"https:\/\/peixateriafite.com\/index.php\/wp-json\/wp\/v2\/media?parent=4154"}],"wp:term":[{"taxonomy":"product_brand","embeddable":true,"href":"https:\/\/peixateriafite.com\/index.php\/wp-json\/wp\/v2\/product_brand?post=4154"},{"taxonomy":"product_cat","embeddable":true,"href":"https:\/\/peixateriafite.com\/index.php\/wp-json\/wp\/v2\/product_cat?post=4154"},{"taxonomy":"product_tag","embeddable":true,"href":"https:\/\/peixateriafite.com\/index.php\/wp-json\/wp\/v2\/product_tag?post=4154"}],"curies":[{"name":"wp","href":"https:\/\/api.w.org\/{rel}","templated":true}]}}