{"id":4062,"date":"2023-03-27T21:55:02","date_gmt":"2023-03-27T20:55:02","guid":{"rendered":"https:\/\/peixateriafite.com\/?post_type=product&#038;p=4062"},"modified":"2023-11-06T19:32:02","modified_gmt":"2023-11-06T18:32:02","slug":"salmon-ahumado-benfumat-sobre-de-100-gr","status":"publish","type":"product","link":"https:\/\/peixateriafite.com\/index.php\/product\/salmon-ahumado-benfumat-sobre-de-100-gr\/","title":{"rendered":"Salmon ahumado \u00bbBENFUMAT\u00bb sobre de 100 gr"},"content":{"rendered":"<p>Salmon ahumado de gran calidad, exquisito en el paladar, pru\u00e9balo porque no te arrepentir\u00e1s es de lo m\u00e1s sabroso entre todos los salmones ahumados. \u00c9s simplemente delicioso.<\/p>\n","protected":false},"excerpt":{"rendered":"<p>salmon ahumado benfumat<\/p>\n","protected":false},"featured_media":3579,"comment_status":"open","ping_status":"closed","template":"","meta":[],"product_brand":[],"product_cat":[469,15],"product_tag":[380,378,377,47,383,381,379,382,65],"class_list":{"0":"post-4062","1":"product","2":"type-product","3":"status-publish","4":"has-post-thumbnail","6":"product_cat-elaborados","7":"product_cat-pescadoazul","8":"product_tag-ahumado","9":"product_tag-ben","10":"product_tag-benfumat","11":"product_tag-calidad","12":"product_tag-delicioso","13":"product_tag-exquisito","14":"product_tag-fumat","15":"product_tag-increible","16":"product_tag-salmon","18":"first","19":"instock","20":"taxable","21":"shipping-taxable","22":"purchasable","23":"product-type-simple"},"jetpack_sharing_enabled":true,"_links":{"self":[{"href":"https:\/\/peixateriafite.com\/index.php\/wp-json\/wp\/v2\/product\/4062","targetHints":{"allow":["GET"]}}],"collection":[{"href":"https:\/\/peixateriafite.com\/index.php\/wp-json\/wp\/v2\/product"}],"about":[{"href":"https:\/\/peixateriafite.com\/index.php\/wp-json\/wp\/v2\/types\/product"}],"replies":[{"embeddable":true,"href":"https:\/\/peixateriafite.com\/index.php\/wp-json\/wp\/v2\/comments?post=4062"}],"wp:featuredmedia":[{"embeddable":true,"href":"https:\/\/peixateriafite.com\/index.php\/wp-json\/wp\/v2\/media\/3579"}],"wp:attachment":[{"href":"https:\/\/peixateriafite.com\/index.php\/wp-json\/wp\/v2\/media?parent=4062"}],"wp:term":[{"taxonomy":"product_brand","embeddable":true,"href":"https:\/\/peixateriafite.com\/index.php\/wp-json\/wp\/v2\/product_brand?post=4062"},{"taxonomy":"product_cat","embeddable":true,"href":"https:\/\/peixateriafite.com\/index.php\/wp-json\/wp\/v2\/product_cat?post=4062"},{"taxonomy":"product_tag","embeddable":true,"href":"https:\/\/peixateriafite.com\/index.php\/wp-json\/wp\/v2\/product_tag?post=4062"}],"curies":[{"name":"wp","href":"https:\/\/api.w.org\/{rel}","templated":true}]}}