{"id":4002,"date":"2023-03-27T19:23:14","date_gmt":"2023-03-27T18:23:14","guid":{"rendered":"https:\/\/peixateriafite.com\/?post_type=product&#038;p=4002"},"modified":"2023-04-09T16:22:22","modified_gmt":"2023-04-09T15:22:22","slug":"langostino-mediano-500g","status":"publish","type":"product","link":"https:\/\/peixateriafite.com\/index.php\/product\/langostino-mediano-500g\/","title":{"rendered":"Langostino mediano crudo congelado (2kg)"},"content":{"rendered":"<p class=\"paragraph\" data-gtm-element-container=\"modulo-texto-link\">Los\u00a0<strong>langostinos<\/strong>\u00a0son uno de los entrantes estrella en todos los banquetes. Caracterizados por su color gris\u00e1ceo cuando est\u00e1n crudos, adquieren un tono rosado una vez cocidos. No obstante, aunque estos presentan un tama\u00f1o mayor, es com\u00fan que sean<strong>\u00a0confundidos con las gambas<\/strong>. Estas presentan un rojo m\u00e1s intenso y una carne m\u00e1s jugosa.<\/p>\n<p class=\"paragraph\" data-gtm-element-container=\"modulo-texto-link\">Los langostinos se pueden usar en cocina para una infinidad de platos, ya sean cocidos como entrante o como ingrediente en salpicones, arroces o salsas. Estos son una<strong>\u00a0fuente de nutrientes y \u00e1cidos grasos<\/strong>, aunque deben comerse con moderaci\u00f3n puesto que tambi\u00e9n aportan colesterol e incrementan los niveles de \u00e1cido \u00farico.<\/p>\n<h3 class=\"subtitle\">Valor nutricional (por cada 100 gramos):<\/h3>\n<p class=\"paragraph\" data-gtm-element-container=\"modulo-texto-link\">Calor\u00edas: 93 kcal<\/p>\n<p class=\"paragraph\" data-gtm-element-container=\"modulo-texto-link\">Prote\u00ednas: 20,1 gr<\/p>\n<p class=\"paragraph\" data-gtm-element-container=\"modulo-texto-link\">Grasas: 1,4 gr<\/p>\n<p class=\"paragraph\" data-gtm-element-container=\"modulo-texto-link\">Hidratos de carbono: 0 gr<\/p>\n<p class=\"paragraph\" data-gtm-element-container=\"modulo-texto-link\">Calcio: 220 mg<\/p>\n<p class=\"paragraph\" data-gtm-element-container=\"modulo-texto-link\">Hierro: 1,9 mg<\/p>\n<p class=\"paragraph\" data-gtm-element-container=\"modulo-texto-link\">Yodo 90 mg<\/p>\n<p class=\"paragraph\" data-gtm-element-container=\"modulo-texto-link\">Magnesio: 76 mg<\/p>\n<p class=\"paragraph\" data-gtm-element-container=\"modulo-texto-link\">Potasio: 266 mg<\/p>\n<p class=\"paragraph\" data-gtm-element-container=\"modulo-texto-link\">F\u00f3sforo: 259 mg<\/p>\n<p class=\"paragraph\" data-gtm-element-container=\"modulo-texto-link\">Los langostinos son una<strong>\u00a0fuente de prote\u00ednas\u00a0<\/strong>de alto valor nutricional, necesarias para el desarrollo de unos m\u00fasculos sanos, al tiempo que su contenido en grasas y carbohidratos es escaso.<\/p>\n<p class=\"paragraph\" data-gtm-element-container=\"modulo-texto-link\">Asimismo, este marisco es rico en\u00a0<strong>\u00e1cidos grasos omega 3<\/strong>, que previenen la aparici\u00f3n de enfermedades cardiovasculares y reduce los niveles de colesterol.<\/p>\n","protected":false},"excerpt":{"rendered":"<p>Langostino mediano crudo 500gr<\/p>\n","protected":false},"featured_media":3563,"comment_status":"open","ping_status":"closed","template":"","meta":[],"product_brand":[],"product_cat":[196,41],"product_tag":[226,357,358,354,359,356,372,58,225,74,360],"class_list":{"0":"post-4002","1":"product","2":"type-product","3":"status-publish","4":"has-post-thumbnail","6":"product_cat-congelados","7":"product_cat-mariscos","8":"product_tag-aperitivo","9":"product_tag-cena","10":"product_tag-comida","11":"product_tag-crustaceos","12":"product_tag-familia","13":"product_tag-fiestas","14":"product_tag-langostino","15":"product_tag-marisco","16":"product_tag-navidad","17":"product_tag-pescado","18":"product_tag-reunion","20":"first","21":"instock","22":"taxable","23":"shipping-taxable","24":"purchasable","25":"product-type-variable"},"jetpack_sharing_enabled":true,"_links":{"self":[{"href":"https:\/\/peixateriafite.com\/index.php\/wp-json\/wp\/v2\/product\/4002","targetHints":{"allow":["GET"]}}],"collection":[{"href":"https:\/\/peixateriafite.com\/index.php\/wp-json\/wp\/v2\/product"}],"about":[{"href":"https:\/\/peixateriafite.com\/index.php\/wp-json\/wp\/v2\/types\/product"}],"replies":[{"embeddable":true,"href":"https:\/\/peixateriafite.com\/index.php\/wp-json\/wp\/v2\/comments?post=4002"}],"wp:featuredmedia":[{"embeddable":true,"href":"https:\/\/peixateriafite.com\/index.php\/wp-json\/wp\/v2\/media\/3563"}],"wp:attachment":[{"href":"https:\/\/peixateriafite.com\/index.php\/wp-json\/wp\/v2\/media?parent=4002"}],"wp:term":[{"taxonomy":"product_brand","embeddable":true,"href":"https:\/\/peixateriafite.com\/index.php\/wp-json\/wp\/v2\/product_brand?post=4002"},{"taxonomy":"product_cat","embeddable":true,"href":"https:\/\/peixateriafite.com\/index.php\/wp-json\/wp\/v2\/product_cat?post=4002"},{"taxonomy":"product_tag","embeddable":true,"href":"https:\/\/peixateriafite.com\/index.php\/wp-json\/wp\/v2\/product_tag?post=4002"}],"curies":[{"name":"wp","href":"https:\/\/api.w.org\/{rel}","templated":true}]}}