{"id":3992,"date":"2023-03-27T18:52:47","date_gmt":"2023-03-27T17:52:47","guid":{"rendered":"https:\/\/peixateriafite.com\/?post_type=product&#038;p=3992"},"modified":"2023-04-20T08:29:19","modified_gmt":"2023-04-20T07:29:19","slug":"cangrejo-azul-2kg","status":"publish","type":"product","link":"https:\/\/peixateriafite.com\/index.php\/product\/cangrejo-azul-2kg\/","title":{"rendered":"Cangrejo azul (2kg)"},"content":{"rendered":"<p>El cangrejo azul nos\u00a0<b>aporta prote\u00edna de muy buena calidad<\/b>. Tambi\u00e9n nos aporta vitaminas, en especial vitaminas del grupo A y D, pero destaca principalmente por aportar tres minerales muy importantes para nuestra salud como son el f\u00f3sforo, el calcio y el yodo.<\/p>\n<p>Nombre: Callinectes sapidus;\u00a0<b>cangrejo azul<\/b>\u00a0o jaiba.\u00a0<b>Descripci\u00f3n<\/b>: Caparaz\u00f3n liso y pardo de hasta 23 cent\u00edmetros de anchura, rematado en un afilado pico en el extremo de cada lado. Patas delanteras robustas de un vivo color\u00a0<b>azul<\/b>\u00a0y patas traseras convertidas en remos que denotan su condici\u00f3n de excelente nadador.<\/p>\n<p>La tonalidad azul se deriva de una serie de pigmentos en el caparaz\u00f3n, incluyendo la alfa-crustacianina, que interact\u00faa con un pigmento rojo, la astaxantina, para formar una coloraci\u00f3n azul verdosa. Cuando se cocina el cangrejo, la alfa-crustacianina se destruye, dejando s\u00f3lo la astaxantina, que cambia su color a un rojo anaranjado.<\/p>\n<p>En realidad, el caparaz\u00f3n de esta especie es de color pardo-verdoso moteado, y no azul, y las hembras adultas lucen destellos rojizos en las puntas de las pinzas. Las patas (ple\u00f3podos), y las pinzas tienen un color gris-azulado viol\u00e1ceo, y es esta caracter\u00edstica la que le ha dado el nombre com\u00fan de cangrejo azul. Las patas ambulatorias y nadadoras son anaranjadas<\/p>\n<p>Se trata de una especie omn\u00edvora. Se alimenta de una amplia variedad de organismos marinos como bivalvos (como\u00a0<i>Dosinia sp<\/i>, o\u00a0<i>Cerastoderma glaucum<\/i>), crust\u00e1ceos (incluyendo lo de su misma especie y otras presentes en la laguna), gusanos poliquetos, peque\u00f1os peces (incluye al caballito de mar), y carro\u00f1a. Tambi\u00e9n algas y detritus. Recientemente se ha estudiado que los bivalvos son un recurso alimenticio crucial para los cangrejos azules que proporcionan un punto clave en el control de la distribuci\u00f3n y abundancia de cangrejo.<\/p>\n","protected":false},"excerpt":{"rendered":"<p>cangrejo azul 2kg<\/p>\n","protected":false},"featured_media":6153,"comment_status":"open","ping_status":"closed","template":"","meta":[],"product_brand":[],"product_cat":[41],"product_tag":[226,369,357,358,354,359,356,58,225,74,360],"class_list":{"0":"post-3992","1":"product","2":"type-product","3":"status-publish","4":"has-post-thumbnail","6":"product_cat-mariscos","7":"product_tag-aperitivo","8":"product_tag-cangrejo-azul","9":"product_tag-cena","10":"product_tag-comida","11":"product_tag-crustaceos","12":"product_tag-familia","13":"product_tag-fiestas","14":"product_tag-marisco","15":"product_tag-navidad","16":"product_tag-pescado","17":"product_tag-reunion","19":"first","20":"instock","21":"taxable","22":"shipping-taxable","23":"purchasable","24":"product-type-variable"},"jetpack_sharing_enabled":true,"_links":{"self":[{"href":"https:\/\/peixateriafite.com\/index.php\/wp-json\/wp\/v2\/product\/3992","targetHints":{"allow":["GET"]}}],"collection":[{"href":"https:\/\/peixateriafite.com\/index.php\/wp-json\/wp\/v2\/product"}],"about":[{"href":"https:\/\/peixateriafite.com\/index.php\/wp-json\/wp\/v2\/types\/product"}],"replies":[{"embeddable":true,"href":"https:\/\/peixateriafite.com\/index.php\/wp-json\/wp\/v2\/comments?post=3992"}],"wp:featuredmedia":[{"embeddable":true,"href":"https:\/\/peixateriafite.com\/index.php\/wp-json\/wp\/v2\/media\/6153"}],"wp:attachment":[{"href":"https:\/\/peixateriafite.com\/index.php\/wp-json\/wp\/v2\/media?parent=3992"}],"wp:term":[{"taxonomy":"product_brand","embeddable":true,"href":"https:\/\/peixateriafite.com\/index.php\/wp-json\/wp\/v2\/product_brand?post=3992"},{"taxonomy":"product_cat","embeddable":true,"href":"https:\/\/peixateriafite.com\/index.php\/wp-json\/wp\/v2\/product_cat?post=3992"},{"taxonomy":"product_tag","embeddable":true,"href":"https:\/\/peixateriafite.com\/index.php\/wp-json\/wp\/v2\/product_tag?post=3992"}],"curies":[{"name":"wp","href":"https:\/\/api.w.org\/{rel}","templated":true}]}}