{"id":3988,"date":"2023-03-27T18:47:49","date_gmt":"2023-03-27T17:47:49","guid":{"rendered":"https:\/\/peixateriafite.com\/?post_type=product&#038;p=3988"},"modified":"2023-04-10T22:46:02","modified_gmt":"2023-04-10T21:46:02","slug":"necoras-frescas-talla-g-500g","status":"publish","type":"product","link":"https:\/\/peixateriafite.com\/index.php\/product\/necoras-frescas-talla-g-500g\/","title":{"rendered":"N\u00e9coras Frescas talla G (500g)"},"content":{"rendered":"<p>necora viva<\/p>\n<p>Tambi\u00e9n llamadas andaricas, es un <b>crust\u00e1ceo\u00a0<span tabindex=\"0\" role=\"tooltip\"><span class=\"c5aZPb\" tabindex=\"0\" role=\"button\" data-enable-toggle-animation=\"true\" data-extra-container-classes=\"ZLo7Eb\" data-hover-hide-delay=\"1000\" data-hover-open-delay=\"500\" data-send-open-event=\"true\" data-theme=\"0\" data-width=\"250\" data-ved=\"2ahUKEwj6rvSM1fz9AhWlg_0HHfkWDFAQmpgGegQIIBAD\"><span class=\"JPfdse\" data-bubble-link=\"\" data-segment-text=\"braquiuro\">braquiuro<\/span><\/span><\/span>\u00a0y dec\u00e1podo que pertenece a la familia Portunidae<\/b>. Vive cerca de la costa entre las rocas, piedras y grietas, incluso en fondos fangosos como bateas y de arena con cascajo. Habita hasta profundidades no superiores de 70 metros<\/p>\n<p class=\"paragraph\" data-gtm-element-container=\"modulo-texto-link\">Cocida o a la plancha, la\u00a0<strong>n\u00e9cora\u00a0<\/strong>es una pieza de\u00a0<strong>marisco\u00a0<\/strong>exquisita. Tanto su caparaz\u00f3n redondo como sus pinzas y patas se pueden comer y su color oscuro se vuelve rojo intenso una vez cocinada. Este crust\u00e1ceo, similar al cangrejo, se encuentra en aguas saladas poco profundas y se captura en la zona Atl\u00e1ntica durante la noche.<\/p>\n<p class=\"paragraph\" data-gtm-element-container=\"modulo-texto-link\">La n\u00e9cora es uno de los crust\u00e1ceos que presenta un mayor contenido\u00a0<strong>nutritivo<\/strong>, especialmente\u00a0<strong>prote\u00ednas<\/strong>. A la hora de cocinarla, bien basta con cocerla. No obstante, es un ingrediente \u00f3ptimo en la elaboraci\u00f3n de arroces y otros guisos, como caldos<\/p>\n<h3 class=\"subtitle\">Valor nutricional (por cada 100 gramos):<\/h3>\n<p class=\"paragraph\" data-gtm-element-container=\"modulo-texto-link\">Calor\u00edas: 124 kcal<\/p>\n<p class=\"paragraph\" data-gtm-element-container=\"modulo-texto-link\">Prote\u00ednas: 19,5 gr<\/p>\n<p class=\"paragraph\" data-gtm-element-container=\"modulo-texto-link\">Grasas: 5,1 gr<\/p>\n<p class=\"paragraph\" data-gtm-element-container=\"modulo-texto-link\">Hidratos de carbono: 0 gr<\/p>\n<p class=\"paragraph\" data-gtm-element-container=\"modulo-texto-link\">Colesterol: 100 mg<\/p>\n<p class=\"paragraph\" data-gtm-element-container=\"modulo-texto-link\">Calcio: 30 mg<\/p>\n<p class=\"paragraph\" data-gtm-element-container=\"modulo-texto-link\">Hierro: 1,3 mg<\/p>\n<p class=\"paragraph\" data-gtm-element-container=\"modulo-texto-link\">Yodo: 40 mg<\/p>\n<p class=\"paragraph\" data-gtm-element-container=\"modulo-texto-link\">Zinc: 3,8 mg<\/p>\n<p class=\"paragraph\" data-gtm-element-container=\"modulo-texto-link\">Potasio: 270 mg<\/p>\n<h3 class=\"subtitle\">Propiedades<\/h3>\n<p class=\"paragraph\" data-gtm-element-container=\"modulo-texto-link\">La n\u00e9cora es un alimento rico en\u00a0<strong>prote\u00ednas\u00a0<\/strong>de alto valor biol\u00f3gico y un elevado aporte de<strong>\u00a0\u00e1cidos grasos omega-3<\/strong>. No obstante, su consumo debe ser parte de una dieta sana y equilibrada, puesto que tambi\u00e9n es alto el contenido de colesterol.<\/p>\n<p class=\"paragraph\" data-gtm-element-container=\"modulo-texto-link\">Entre sus beneficios, la presencia\u00a0<strong>yodo\u00a0<\/strong>favorece la creaci\u00f3n de tejidos y el desarrollo de la gl\u00e1ndula del tiroides.<\/p>\n<p class=\"paragraph\" data-gtm-element-container=\"modulo-texto-link\">Asimismo, contiene\u00a0<strong>vitaminas\u00a0<\/strong>que se traducen en antioxidantes que retrasan el envejecimiento celular y previenen la aparici\u00f3n del c\u00e1ncer.<\/p>\n<p class=\"paragraph\" data-gtm-element-container=\"modulo-texto-link\">Tambi\u00e9n contiene\u00a0<strong>Zinc<\/strong>, indispensable en el desarrollo de los huesos y necesario en etapas de crecimiento de los ni\u00f1os. Adem\u00e1s, tambi\u00e9n tiene atributos antioxidantes.<\/p>\n","protected":false},"excerpt":{"rendered":"<p>necora viva<\/p>\n","protected":false},"featured_media":5071,"comment_status":"open","ping_status":"closed","template":"","meta":[],"product_brand":[],"product_cat":[41],"product_tag":[226,357,358,354,359,356,58,225,368,74,360],"class_list":{"0":"post-3988","1":"product","2":"type-product","3":"status-publish","4":"has-post-thumbnail","6":"product_cat-mariscos","7":"product_tag-aperitivo","8":"product_tag-cena","9":"product_tag-comida","10":"product_tag-crustaceos","11":"product_tag-familia","12":"product_tag-fiestas","13":"product_tag-marisco","14":"product_tag-navidad","15":"product_tag-necoras","16":"product_tag-pescado","17":"product_tag-reunion","19":"first","20":"instock","21":"taxable","22":"shipping-taxable","23":"purchasable","24":"product-type-variable"},"jetpack_sharing_enabled":true,"_links":{"self":[{"href":"https:\/\/peixateriafite.com\/index.php\/wp-json\/wp\/v2\/product\/3988","targetHints":{"allow":["GET"]}}],"collection":[{"href":"https:\/\/peixateriafite.com\/index.php\/wp-json\/wp\/v2\/product"}],"about":[{"href":"https:\/\/peixateriafite.com\/index.php\/wp-json\/wp\/v2\/types\/product"}],"replies":[{"embeddable":true,"href":"https:\/\/peixateriafite.com\/index.php\/wp-json\/wp\/v2\/comments?post=3988"}],"wp:featuredmedia":[{"embeddable":true,"href":"https:\/\/peixateriafite.com\/index.php\/wp-json\/wp\/v2\/media\/5071"}],"wp:attachment":[{"href":"https:\/\/peixateriafite.com\/index.php\/wp-json\/wp\/v2\/media?parent=3988"}],"wp:term":[{"taxonomy":"product_brand","embeddable":true,"href":"https:\/\/peixateriafite.com\/index.php\/wp-json\/wp\/v2\/product_brand?post=3988"},{"taxonomy":"product_cat","embeddable":true,"href":"https:\/\/peixateriafite.com\/index.php\/wp-json\/wp\/v2\/product_cat?post=3988"},{"taxonomy":"product_tag","embeddable":true,"href":"https:\/\/peixateriafite.com\/index.php\/wp-json\/wp\/v2\/product_tag?post=3988"}],"curies":[{"name":"wp","href":"https:\/\/api.w.org\/{rel}","templated":true}]}}