{"id":3980,"date":"2023-03-27T18:41:19","date_gmt":"2023-03-27T17:41:19","guid":{"rendered":"https:\/\/peixateriafite.com\/?post_type=product&#038;p=3980"},"modified":"2023-04-20T07:58:33","modified_gmt":"2023-04-20T06:58:33","slug":"buey-de-mar-fresco-500g","status":"publish","type":"product","link":"https:\/\/peixateriafite.com\/index.php\/product\/buey-de-mar-fresco-500g\/","title":{"rendered":"Buey de Mar Fresco (500g)"},"content":{"rendered":"<p>Buey de mar fresco y vivo.<\/p>\n<p>Este alimento es marisco fresco\/cocido, que aporta a nuestra dieta\u00a0<b>prote\u00ednas de alta calidad, vitaminas como la B3, B12 y A y minerales como el f\u00f3sforo y el hierro<\/b>\u00a0(moluscos). Adem\u00e1s, tambi\u00e9n contiene \u00e1cidos grasos omega 3, EPA y DHA, aunque en menor cantidad que el pescado.<\/p>\n<p>Su caparaz\u00f3n es liso y tiene forma ovalada. Es de color rojo pardo variando el tono en funci\u00f3n del estado de la muda, y el vientre es m\u00e1s blancuzco con algunos tonos rojizos. Su cuerpo es m\u00e1s ancho que largo con un tama\u00f1o medio de 9-10 cm de largo por 15 cm de ancho.<\/p>\n","protected":false},"excerpt":{"rendered":"<p>Buey de mar pieza de 500gr<\/p>\n","protected":false},"featured_media":6142,"comment_status":"open","ping_status":"closed","template":"","meta":[],"product_brand":[],"product_cat":[41],"product_tag":[226,367,357,358,354,359,356,58,225,74,360],"class_list":{"0":"post-3980","1":"product","2":"type-product","3":"status-publish","4":"has-post-thumbnail","6":"product_cat-mariscos","7":"product_tag-aperitivo","8":"product_tag-buey-de-mar","9":"product_tag-cena","10":"product_tag-comida","11":"product_tag-crustaceos","12":"product_tag-familia","13":"product_tag-fiestas","14":"product_tag-marisco","15":"product_tag-navidad","16":"product_tag-pescado","17":"product_tag-reunion","19":"first","20":"instock","21":"taxable","22":"shipping-taxable","23":"purchasable","24":"product-type-variable"},"jetpack_sharing_enabled":true,"_links":{"self":[{"href":"https:\/\/peixateriafite.com\/index.php\/wp-json\/wp\/v2\/product\/3980","targetHints":{"allow":["GET"]}}],"collection":[{"href":"https:\/\/peixateriafite.com\/index.php\/wp-json\/wp\/v2\/product"}],"about":[{"href":"https:\/\/peixateriafite.com\/index.php\/wp-json\/wp\/v2\/types\/product"}],"replies":[{"embeddable":true,"href":"https:\/\/peixateriafite.com\/index.php\/wp-json\/wp\/v2\/comments?post=3980"}],"wp:featuredmedia":[{"embeddable":true,"href":"https:\/\/peixateriafite.com\/index.php\/wp-json\/wp\/v2\/media\/6142"}],"wp:attachment":[{"href":"https:\/\/peixateriafite.com\/index.php\/wp-json\/wp\/v2\/media?parent=3980"}],"wp:term":[{"taxonomy":"product_brand","embeddable":true,"href":"https:\/\/peixateriafite.com\/index.php\/wp-json\/wp\/v2\/product_brand?post=3980"},{"taxonomy":"product_cat","embeddable":true,"href":"https:\/\/peixateriafite.com\/index.php\/wp-json\/wp\/v2\/product_cat?post=3980"},{"taxonomy":"product_tag","embeddable":true,"href":"https:\/\/peixateriafite.com\/index.php\/wp-json\/wp\/v2\/product_tag?post=3980"}],"curies":[{"name":"wp","href":"https:\/\/api.w.org\/{rel}","templated":true}]}}