{"id":3977,"date":"2023-03-27T18:31:39","date_gmt":"2023-03-27T17:31:39","guid":{"rendered":"https:\/\/peixateriafite.com\/?post_type=product&#038;p=3977"},"modified":"2023-04-20T07:59:11","modified_gmt":"2023-04-20T06:59:11","slug":"centolla-700g","status":"publish","type":"product","link":"https:\/\/peixateriafite.com\/index.php\/product\/centolla-700g\/","title":{"rendered":"Centolla (700g)"},"content":{"rendered":"<p>Son animales parecidos a los cangrejos comunes, a diferente de estos, la\u00a0<b>centolla<\/b>\u00a0poseen un par de pinzan y tres pares de patas caminadoras. Se caracteriza por su coloraci\u00f3n coral\u2014anaranjado, su caparaz\u00f3n mide en- tre los 15 y mas de 20 cm alcanzando su mayor di\u00e1metro a los 10 a\u00f1os de edad.<\/p>\n<ul class=\"i8Z77e\">\n<li class=\"TrT0Xe\">Seg\u00fan los pescadores, la centolla presiente la llegada de temporales, as\u00ed unos d\u00edas antes del temporal las centollas se encuentran entre las rocas.<\/li>\n<li class=\"TrT0Xe\">Es muy com\u00fan asociar a la centolla propiedades afrodis\u00edacas.<\/li>\n<li class=\"TrT0Xe\">Durante los meses de verano la pesca del\u00a0<b>centollo<\/b> gallego est\u00e1 prohibida<\/li>\n<\/ul>\n<p>La centolla gallega esta cubierta de algas y su color rojizo es mas fuerte en comparaci\u00f3n a sus hermanos franceses de la breta\u00f1a y brit\u00e1nicos que es m\u00e1s apagado.<\/p>\n<p>Este crust\u00e1ceo se alimenta principalmente de algas, estrellas de mar, bivalvos, equinodermos e invertebrados del fondo marino<\/p>\n<p>Este alimento es marisco fresco\/cocido, que aporta a nuestra dieta\u00a0<b>prote\u00ednas de alta calidad, vitaminas como la B3, B12 y A y minerales como el f\u00f3sforo y el hierro<\/b>\u00a0(moluscos). Adem\u00e1s, tambi\u00e9n contiene \u00e1cidos grasos omega 3, EPA y DHA, aunque en menor cantidad que el pescado.<\/p>\n","protected":false},"excerpt":{"rendered":"<p>centolla pieza de 700gr<\/p>\n<p>&nbsp;<\/p>\n","protected":false},"featured_media":6144,"comment_status":"open","ping_status":"closed","template":"","meta":[],"product_brand":[],"product_cat":[196,41],"product_tag":[226,357,365,366,358,354,359,356,58,225,74,360],"class_list":{"0":"post-3977","1":"product","2":"type-product","3":"status-publish","4":"has-post-thumbnail","6":"product_cat-congelados","7":"product_cat-mariscos","8":"product_tag-aperitivo","9":"product_tag-cena","10":"product_tag-centolla","11":"product_tag-centollo","12":"product_tag-comida","13":"product_tag-crustaceos","14":"product_tag-familia","15":"product_tag-fiestas","16":"product_tag-marisco","17":"product_tag-navidad","18":"product_tag-pescado","19":"product_tag-reunion","21":"first","22":"instock","23":"taxable","24":"shipping-taxable","25":"purchasable","26":"product-type-variable"},"jetpack_sharing_enabled":true,"_links":{"self":[{"href":"https:\/\/peixateriafite.com\/index.php\/wp-json\/wp\/v2\/product\/3977","targetHints":{"allow":["GET"]}}],"collection":[{"href":"https:\/\/peixateriafite.com\/index.php\/wp-json\/wp\/v2\/product"}],"about":[{"href":"https:\/\/peixateriafite.com\/index.php\/wp-json\/wp\/v2\/types\/product"}],"replies":[{"embeddable":true,"href":"https:\/\/peixateriafite.com\/index.php\/wp-json\/wp\/v2\/comments?post=3977"}],"wp:featuredmedia":[{"embeddable":true,"href":"https:\/\/peixateriafite.com\/index.php\/wp-json\/wp\/v2\/media\/6144"}],"wp:attachment":[{"href":"https:\/\/peixateriafite.com\/index.php\/wp-json\/wp\/v2\/media?parent=3977"}],"wp:term":[{"taxonomy":"product_brand","embeddable":true,"href":"https:\/\/peixateriafite.com\/index.php\/wp-json\/wp\/v2\/product_brand?post=3977"},{"taxonomy":"product_cat","embeddable":true,"href":"https:\/\/peixateriafite.com\/index.php\/wp-json\/wp\/v2\/product_cat?post=3977"},{"taxonomy":"product_tag","embeddable":true,"href":"https:\/\/peixateriafite.com\/index.php\/wp-json\/wp\/v2\/product_tag?post=3977"}],"curies":[{"name":"wp","href":"https:\/\/api.w.org\/{rel}","templated":true}]}}