{"id":3957,"date":"2023-03-27T18:09:35","date_gmt":"2023-03-27T17:09:35","guid":{"rendered":"https:\/\/peixateriafite.com\/?post_type=product&#038;p=3957"},"modified":"2023-04-29T16:26:44","modified_gmt":"2023-04-29T15:26:44","slug":"langosta-rosada-congelada-500g","status":"publish","type":"product","link":"https:\/\/peixateriafite.com\/index.php\/product\/langosta-rosada-congelada-500g\/","title":{"rendered":"Langosta rosada Fresca (300g )"},"content":{"rendered":"<h4>Es un crust\u00e1ceo dec\u00e1podo. Vive en fondos rocosos no demasiado profundos y escondida entre las rocas, normalmente en fondos de menos de 100 metros . A pesar de su apariencia pesada es capaz de nadar gracias a las potentes contracciones de su cola fuertemente musculada.<\/h4>\n<p>Descubre la exquisitez de la langosta rosada, una especie que habita en fondos marinos de entre 100 y 400 metros de profundidad. Su carne blanca, sabrosa y consistente, es considerada uno de los mariscos m\u00e1s saludables gracias a su bajo contenido en grasas y su riqueza en vitaminas y minerales. Su distintiva pigmentaci\u00f3n rosada se debe a la falta de luz en las profundidades en las que se encuentra. En nuestra tienda, ofrecemos langostas rosadas de distintos tama\u00f1os, que podr\u00e1s seleccionar a tu gusto en nuestro selector de opciones. An\u00edmate a probar la calidad de nuestras piezas de langosta rosada y disfruta de una experiencia gastron\u00f3mica inolvidable<\/p>\n<h4>viene en formato congelado<\/h4>\n<h4><strong>VALOR NUTRICIONAL:<br \/>\n<\/strong><\/h4>\n<p>El valor nutricional por cada 100 g es el siguiente:<\/p>\n<ul>\n<li>Calor\u00edas: 88 Kcal<\/li>\n<li>Grasas: 1,3 gr<\/li>\n<li>Prote\u00ednas: 17,8 gr<\/li>\n<li>Hidratos de carbono: 1,3 gr<\/li>\n<\/ul>\n","protected":false},"excerpt":{"rendered":"<p>Langosta rosada congelada (pieza de 500g )<\/p>\n","protected":false},"featured_media":6212,"comment_status":"open","ping_status":"closed","template":"","meta":[],"product_brand":[],"product_cat":[196,41],"product_tag":[226,357,358,364,354,359,356,363,58,225,74,360],"class_list":{"0":"post-3957","1":"product","2":"type-product","3":"status-publish","4":"has-post-thumbnail","6":"product_cat-congelados","7":"product_cat-mariscos","8":"product_tag-aperitivo","9":"product_tag-cena","10":"product_tag-comida","11":"product_tag-congelada","12":"product_tag-crustaceos","13":"product_tag-familia","14":"product_tag-fiestas","15":"product_tag-langosta","16":"product_tag-marisco","17":"product_tag-navidad","18":"product_tag-pescado","19":"product_tag-reunion","21":"first","22":"instock","23":"taxable","24":"shipping-taxable","25":"purchasable","26":"product-type-variable"},"jetpack_sharing_enabled":true,"_links":{"self":[{"href":"https:\/\/peixateriafite.com\/index.php\/wp-json\/wp\/v2\/product\/3957","targetHints":{"allow":["GET"]}}],"collection":[{"href":"https:\/\/peixateriafite.com\/index.php\/wp-json\/wp\/v2\/product"}],"about":[{"href":"https:\/\/peixateriafite.com\/index.php\/wp-json\/wp\/v2\/types\/product"}],"replies":[{"embeddable":true,"href":"https:\/\/peixateriafite.com\/index.php\/wp-json\/wp\/v2\/comments?post=3957"}],"wp:featuredmedia":[{"embeddable":true,"href":"https:\/\/peixateriafite.com\/index.php\/wp-json\/wp\/v2\/media\/6212"}],"wp:attachment":[{"href":"https:\/\/peixateriafite.com\/index.php\/wp-json\/wp\/v2\/media?parent=3957"}],"wp:term":[{"taxonomy":"product_brand","embeddable":true,"href":"https:\/\/peixateriafite.com\/index.php\/wp-json\/wp\/v2\/product_brand?post=3957"},{"taxonomy":"product_cat","embeddable":true,"href":"https:\/\/peixateriafite.com\/index.php\/wp-json\/wp\/v2\/product_cat?post=3957"},{"taxonomy":"product_tag","embeddable":true,"href":"https:\/\/peixateriafite.com\/index.php\/wp-json\/wp\/v2\/product_tag?post=3957"}],"curies":[{"name":"wp","href":"https:\/\/api.w.org\/{rel}","templated":true}]}}