{"id":3782,"date":"2023-03-26T23:19:30","date_gmt":"2023-03-26T22:19:30","guid":{"rendered":"https:\/\/peixateriafite.com\/?post_type=product&#038;p=3782"},"modified":"2023-04-14T15:14:11","modified_gmt":"2023-04-14T14:14:11","slug":"raya-del-mediterraneo-alas-peladas","status":"publish","type":"product","link":"https:\/\/peixateriafite.com\/index.php\/product\/raya-del-mediterraneo-alas-peladas\/","title":{"rendered":"Raya del mediterr\u00e1neo (alas peladas) 1kg"},"content":{"rendered":"<p>Pez demersal, marino, que habita en rangos de profundidad de 20 a 577 m. Vida<br \/>\nsedentaria en el fondo del mar, en fondos arenosos sueltos, lo que les permite esconderse<br \/>\nf\u00e1cilmente en la arena para pasar desapercibidos. Tambi\u00e9n tiene otros procedimientos<br \/>\ncomo la enorme capacidad de camuflaje, imitando f\u00e1cilmente el color y el aspecto<br \/>\nde los fondos donde viven.<br \/>\nSus \u00e1reas de distribuci\u00f3n son el Mediterr\u00e1neo, el Mar Blanco, y la costa este del<br \/>\noc\u00e9ano Atl\u00e1ntico. En las costas espa\u00f1olas se pescan m\u00e1s de una docena de rayas<br \/>\ndistintas, la mayor parte en el Mediterr\u00e1neo. La pesca se produce habitualmente de<br \/>\nforma artesanal. La \u00fanica raya que se pesca de forma semi-industrial es la raya de<br \/>\nclavos. En nuestros mercados, la mejor temporada para la raya es la primavera.<\/p>\n<p>Valoraci\u00f3n nutricional<br \/>\nLa raya es un pescado blanco con un contenido graso muy bajo: 100 g de porci\u00f3n<br \/>\ncomestible aportan menos de 1 g de grasa. No contiene cantidades muy elevadas<br \/>\nde prote\u00ednas, pero son de alto valor biol\u00f3gico ya que incluyen todos los amino\u00e1cidos<br \/>\nesenciales.<br \/>\nLa raya tambi\u00e9n aporta vitaminas y minerales. Entre las vitaminas, est\u00e1n presentes<br \/>\nen cantidades significativas la B3 o niacina, la B6 y la B12. \u00c9sta \u00faltima se detecta en una<br \/>\ncantidad superior incluso a la mayor\u00eda de las carnes y l\u00e1cteos.<\/p>\n<p>En cuanto a los minerales, selenio, f\u00f3sforo y hierro son los que est\u00e1n presentes en<br \/>\nmayor cantidad. Sin embargo, si se compara su contenido con el de otros pescados,<br \/>\nse observa que la raya posee cantidades medias de estos minerales. Cabe destacar<br \/>\nsu elevado contenido en sodio (161 mg por 100 g), pero en comparaci\u00f3n con otros<br \/>\nalimentos ricos en este mineral como los quesos (500-1.000 mg por 100 g) o las propias<br \/>\nconservas de pescado (500-800 mg por 100 g), se constata que la cantidad de sodio<br \/>\npresente en la raya no es tan relevante.<br \/>\nDe las rayas s\u00f3lo se comen las \u00abalas\u00bb, de forma triangular, elimin\u00e1ndose la cabeza,<br \/>\ncolumna vertebral y cola. Estos pescados no tienen espinas, s\u00f3lo cart\u00edlagos, lo cual los<br \/>\nconvierte en una opci\u00f3n muy interesante para comidas de ni\u00f1os y ancianos<\/p>\n","protected":false},"excerpt":{"rendered":"<p>raya del mediterr\u00e1neo pelada<\/p>\n","protected":false},"featured_media":5078,"comment_status":"open","ping_status":"closed","template":"","meta":[],"product_brand":[],"product_cat":[38],"product_tag":[349,348,233,45,84,347],"class_list":{"0":"post-3782","1":"product","2":"type-product","3":"status-publish","4":"has-post-thumbnail","6":"product_cat-pescadoblanco","7":"product_tag-estofadas","8":"product_tag-guiso","9":"product_tag-mar","10":"product_tag-mediterraneo","11":"product_tag-pescado-blanco","12":"product_tag-raya","14":"first","15":"instock","16":"taxable","17":"shipping-taxable","18":"purchasable","19":"product-type-variable"},"jetpack_sharing_enabled":true,"_links":{"self":[{"href":"https:\/\/peixateriafite.com\/index.php\/wp-json\/wp\/v2\/product\/3782","targetHints":{"allow":["GET"]}}],"collection":[{"href":"https:\/\/peixateriafite.com\/index.php\/wp-json\/wp\/v2\/product"}],"about":[{"href":"https:\/\/peixateriafite.com\/index.php\/wp-json\/wp\/v2\/types\/product"}],"replies":[{"embeddable":true,"href":"https:\/\/peixateriafite.com\/index.php\/wp-json\/wp\/v2\/comments?post=3782"}],"wp:featuredmedia":[{"embeddable":true,"href":"https:\/\/peixateriafite.com\/index.php\/wp-json\/wp\/v2\/media\/5078"}],"wp:attachment":[{"href":"https:\/\/peixateriafite.com\/index.php\/wp-json\/wp\/v2\/media?parent=3782"}],"wp:term":[{"taxonomy":"product_brand","embeddable":true,"href":"https:\/\/peixateriafite.com\/index.php\/wp-json\/wp\/v2\/product_brand?post=3782"},{"taxonomy":"product_cat","embeddable":true,"href":"https:\/\/peixateriafite.com\/index.php\/wp-json\/wp\/v2\/product_cat?post=3782"},{"taxonomy":"product_tag","embeddable":true,"href":"https:\/\/peixateriafite.com\/index.php\/wp-json\/wp\/v2\/product_tag?post=3782"}],"curies":[{"name":"wp","href":"https:\/\/api.w.org\/{rel}","templated":true}]}}