{"id":3764,"date":"2023-03-26T23:00:57","date_gmt":"2023-03-26T22:00:57","guid":{"rendered":"https:\/\/peixateriafite.com\/?post_type=product&#038;p=3764"},"modified":"2023-04-20T08:05:33","modified_gmt":"2023-04-20T07:05:33","slug":"pajel-de-costa-pieza-de-1-kg","status":"publish","type":"product","link":"https:\/\/peixateriafite.com\/index.php\/product\/pajel-de-costa-pieza-de-1-kg\/","title":{"rendered":"Pajel de costa pieza de  1 kg"},"content":{"rendered":"<p>El pajel posee una carne blanda, exquisita y muy apreciada. Se caracteriza por su color rosado, m\u00e1s intenso que en el besugo. Seg\u00fan la profundidad donde se encuentra var\u00eda de color, desde tonos m\u00e1s rojizos a mayor profundidad, a m\u00e1s plateados en zonas menos profundas.<\/p>\n<p>habita en el mar Mediterraneo ,en el oceano Atl\u00e1ntico y en el mar de Norte Se suele encontrar entre 20 y 100 m de profundidad en fondos rocosos.<\/p>\n<p>Se le conoce tambi\u00e9n con los nombres de\u00a0<b>pagel<\/b>, garapello, pajel, pagell, pachel, abret\u00e1n, bica, lamote o breka. Es un\u00a0<b>pescado<\/b>\u00a0blanco y de agua salada. Su cuerpo tiene aspecto fusiforme, delgado y ovalado<\/p>\n<p>&nbsp;<\/p>\n<p>&nbsp;<\/p>\n","protected":false},"excerpt":{"rendered":"<p>Pajel de costa del Mediterr\u00e1neo<\/p>\n","protected":false},"featured_media":6135,"comment_status":"open","ping_status":"closed","template":"","meta":[],"product_brand":[],"product_cat":[38],"product_tag":[206,344,343,340,339,84,341,342],"class_list":{"0":"post-3764","1":"product","2":"type-product","3":"status-publish","4":"has-post-thumbnail","6":"product_cat-pescadoblanco","7":"product_tag-blanco","8":"product_tag-breka","9":"product_tag-pachel","10":"product_tag-pagel","11":"product_tag-pajel","12":"product_tag-pescado-blanco","13":"product_tag-rosa","14":"product_tag-rosado","16":"first","17":"instock","18":"taxable","19":"shipping-taxable","20":"purchasable","21":"product-type-variable"},"jetpack_sharing_enabled":true,"_links":{"self":[{"href":"https:\/\/peixateriafite.com\/index.php\/wp-json\/wp\/v2\/product\/3764","targetHints":{"allow":["GET"]}}],"collection":[{"href":"https:\/\/peixateriafite.com\/index.php\/wp-json\/wp\/v2\/product"}],"about":[{"href":"https:\/\/peixateriafite.com\/index.php\/wp-json\/wp\/v2\/types\/product"}],"replies":[{"embeddable":true,"href":"https:\/\/peixateriafite.com\/index.php\/wp-json\/wp\/v2\/comments?post=3764"}],"wp:featuredmedia":[{"embeddable":true,"href":"https:\/\/peixateriafite.com\/index.php\/wp-json\/wp\/v2\/media\/6135"}],"wp:attachment":[{"href":"https:\/\/peixateriafite.com\/index.php\/wp-json\/wp\/v2\/media?parent=3764"}],"wp:term":[{"taxonomy":"product_brand","embeddable":true,"href":"https:\/\/peixateriafite.com\/index.php\/wp-json\/wp\/v2\/product_brand?post=3764"},{"taxonomy":"product_cat","embeddable":true,"href":"https:\/\/peixateriafite.com\/index.php\/wp-json\/wp\/v2\/product_cat?post=3764"},{"taxonomy":"product_tag","embeddable":true,"href":"https:\/\/peixateriafite.com\/index.php\/wp-json\/wp\/v2\/product_tag?post=3764"}],"curies":[{"name":"wp","href":"https:\/\/api.w.org\/{rel}","templated":true}]}}