{"id":3748,"date":"2023-03-26T22:46:42","date_gmt":"2023-03-26T21:46:42","guid":{"rendered":"https:\/\/peixateriafite.com\/?post_type=product&#038;p=3748"},"modified":"2023-04-14T14:56:30","modified_gmt":"2023-04-14T13:56:30","slug":"chirlas-de-costa","status":"publish","type":"product","link":"https:\/\/peixateriafite.com\/index.php\/product\/chirlas-de-costa\/","title":{"rendered":"Chirlas de costa 250gr"},"content":{"rendered":"<p>Es un producto abundante en el mercado, teniendo mayor presencia que se extrae en el Mediterr\u00e1neo. De precio asequible.<\/p>\n<p>Es un\u00a0molusco bivalvo que habita en aguas saladas. Pertenece a la familia de las\u00a0<span tabindex=\"0\" role=\"tooltip\"><span class=\"c5aZPb\" tabindex=\"0\" role=\"button\" data-enable-toggle-animation=\"true\" data-extra-container-classes=\"ZLo7Eb\" data-hover-hide-delay=\"1000\" data-hover-open-delay=\"500\" data-send-open-event=\"true\" data-theme=\"0\" data-width=\"250\" data-ved=\"2ahUKEwj8od6XyPr9AhXbVaQEHevFCZIQmpgGegQILBAD\"><span class=\"JPfdse\" data-bubble-link=\"\" data-segment-text=\"Veneridae\">Veneridae<\/span><\/span><\/span>. Se encuentran enterrados en fondos blandos de las costas de arena fina o fangosa, desde la orilla hasta una profundidad de 50 metros.<\/p>\n<p>Es una almeja popular, conocida y apreciada, muy abundante en nuestras playas hace algunos a\u00f1os. Bivalvo de concha fuerte y forma ovalada triangular, convexa en el centro. Su superficie est\u00e1 surcada de costillas cada vez m\u00e1s juntas a medida que se aproximan a la zona ventral, lo que la diferencia de otras almejas. De color blanca o gris\u00e1cea con tonos verde oliva.<\/p>\n<p>Viven en aguas poco profundas enterrada en fondos blandos, de arena fina o lamosa, ricos en los nutrientes\u00a0<em>(fitoplancton y peque\u00f1os animales)<\/em>\u00a0de los que se alimentan. Las R\u00edas de Galicia son el h\u00e1bitat ideal de la almeja chirla, por sus fondos y la abundancia de nutrientes.<\/p>\n<p>La almeja chirla se obtiene de la actividad de marisqueo.<\/p>\n","protected":false},"excerpt":{"rendered":"<p>Chirlas de costa<\/p>\n","protected":false},"featured_media":3550,"comment_status":"open","ping_status":"closed","template":"","meta":[],"product_brand":[],"product_cat":[41],"product_tag":[57,336,338,55,45,337],"class_list":{"0":"post-3748","1":"product","2":"type-product","3":"status-publish","4":"has-post-thumbnail","6":"product_cat-mariscos","7":"product_tag-almeja","8":"product_tag-chirla","9":"product_tag-costa","10":"product_tag-galicia","11":"product_tag-mediterraneo","12":"product_tag-rossellona","14":"first","15":"instock","16":"taxable","17":"shipping-taxable","18":"purchasable","19":"product-type-variable"},"jetpack_sharing_enabled":true,"_links":{"self":[{"href":"https:\/\/peixateriafite.com\/index.php\/wp-json\/wp\/v2\/product\/3748","targetHints":{"allow":["GET"]}}],"collection":[{"href":"https:\/\/peixateriafite.com\/index.php\/wp-json\/wp\/v2\/product"}],"about":[{"href":"https:\/\/peixateriafite.com\/index.php\/wp-json\/wp\/v2\/types\/product"}],"replies":[{"embeddable":true,"href":"https:\/\/peixateriafite.com\/index.php\/wp-json\/wp\/v2\/comments?post=3748"}],"wp:featuredmedia":[{"embeddable":true,"href":"https:\/\/peixateriafite.com\/index.php\/wp-json\/wp\/v2\/media\/3550"}],"wp:attachment":[{"href":"https:\/\/peixateriafite.com\/index.php\/wp-json\/wp\/v2\/media?parent=3748"}],"wp:term":[{"taxonomy":"product_brand","embeddable":true,"href":"https:\/\/peixateriafite.com\/index.php\/wp-json\/wp\/v2\/product_brand?post=3748"},{"taxonomy":"product_cat","embeddable":true,"href":"https:\/\/peixateriafite.com\/index.php\/wp-json\/wp\/v2\/product_cat?post=3748"},{"taxonomy":"product_tag","embeddable":true,"href":"https:\/\/peixateriafite.com\/index.php\/wp-json\/wp\/v2\/product_tag?post=3748"}],"curies":[{"name":"wp","href":"https:\/\/api.w.org\/{rel}","templated":true}]}}