{"id":3665,"date":"2023-03-26T21:58:03","date_gmt":"2023-03-26T20:58:03","guid":{"rendered":"https:\/\/peixateriafite.com\/?post_type=product&#038;p=3665"},"modified":"2023-04-18T13:31:56","modified_gmt":"2023-04-18T12:31:56","slug":"mini-colitas-de-rape-del-mediterraneo","status":"publish","type":"product","link":"https:\/\/peixateriafite.com\/index.php\/product\/mini-colitas-de-rape-del-mediterraneo\/","title":{"rendered":"Mini colitas de rape (del mediterr\u00e1neo) 500gr"},"content":{"rendered":"<p>Peque\u00f1as, rosadas, y muy sabrosas, as\u00ed son nuestras colitas de rape del mediterr\u00e1neo. Se pueden cocinar enharinadas y fritas y obtienen una textura excelente, de forma que se deshacen en la boca.<\/p>\n<p>Colitas de rape rubia de piel negra del <em>Mediterr\u00e1neo<\/em>\u00a0del 98% de zero anisakis certificado, sin cabeza pero con piel. Se venden enteras a peso.<\/p>\n","protected":false},"excerpt":{"rendered":"<p>Colitas de rape rubia de piel negra del <em>Mediterr\u00e1neo<\/em>\u00a0del 98% de zero anisakis certificado<\/p>\n","protected":false},"featured_media":6097,"comment_status":"open","ping_status":"closed","template":"","meta":[],"product_brand":[],"product_cat":[38],"product_tag":[286,326,328,165,171,327],"class_list":{"0":"post-3665","1":"product","2":"type-product","3":"status-publish","4":"has-post-thumbnail","6":"product_cat-pescadoblanco","7":"product_tag-anisakis","8":"product_tag-colita","9":"product_tag-enharinadas","10":"product_tag-rape","11":"product_tag-rape-sin-anisakis","12":"product_tag-zero","14":"first","15":"instock","16":"taxable","17":"shipping-taxable","18":"purchasable","19":"product-type-variable"},"jetpack_sharing_enabled":true,"_links":{"self":[{"href":"https:\/\/peixateriafite.com\/index.php\/wp-json\/wp\/v2\/product\/3665","targetHints":{"allow":["GET"]}}],"collection":[{"href":"https:\/\/peixateriafite.com\/index.php\/wp-json\/wp\/v2\/product"}],"about":[{"href":"https:\/\/peixateriafite.com\/index.php\/wp-json\/wp\/v2\/types\/product"}],"replies":[{"embeddable":true,"href":"https:\/\/peixateriafite.com\/index.php\/wp-json\/wp\/v2\/comments?post=3665"}],"wp:featuredmedia":[{"embeddable":true,"href":"https:\/\/peixateriafite.com\/index.php\/wp-json\/wp\/v2\/media\/6097"}],"wp:attachment":[{"href":"https:\/\/peixateriafite.com\/index.php\/wp-json\/wp\/v2\/media?parent=3665"}],"wp:term":[{"taxonomy":"product_brand","embeddable":true,"href":"https:\/\/peixateriafite.com\/index.php\/wp-json\/wp\/v2\/product_brand?post=3665"},{"taxonomy":"product_cat","embeddable":true,"href":"https:\/\/peixateriafite.com\/index.php\/wp-json\/wp\/v2\/product_cat?post=3665"},{"taxonomy":"product_tag","embeddable":true,"href":"https:\/\/peixateriafite.com\/index.php\/wp-json\/wp\/v2\/product_tag?post=3665"}],"curies":[{"name":"wp","href":"https:\/\/api.w.org\/{rel}","templated":true}]}}