{"id":3445,"date":"2023-03-25T19:09:18","date_gmt":"2023-03-25T18:09:18","guid":{"rendered":"https:\/\/peixateriafite.com\/?post_type=product&#038;p=3445"},"modified":"2023-04-19T08:44:54","modified_gmt":"2023-04-19T07:44:54","slug":"dorada-estero-nacional","status":"publish","type":"product","link":"https:\/\/peixateriafite.com\/index.php\/product\/dorada-estero-nacional\/","title":{"rendered":"Dorada piscifactoria  del Delta de l\u2019Ebre 400\/600gr"},"content":{"rendered":"<p>Si est\u00e1s buscando una opci\u00f3n saludable y respetuosa con el medio ambiente para tu pr\u00f3xima comida, te presentamos la dorada ecol\u00f3gica. Con su carne blanca y suave, este pescado es una elecci\u00f3n ideal para los paladares m\u00e1s exigentes que tambi\u00e9n buscan cuidar de la naturaleza.<\/p>\n<p>En nuestra tienda online encontrar\u00e1s dorada ecol\u00f3gica de la mejor calidad, criada en piscifactor\u00edas ecol\u00f3gicas y sostenibles, que garantizan la salud y el bienestar de los peces y del medio ambiente. Nuestros expertos pescadores seleccionan cuidadosamente cada ejemplar para asegurar que llegue a tu mesa en las mejores condiciones.<\/p>\n<p>La dorada ecol\u00f3gica es una excelente fuente de prote\u00ednas y \u00e1cidos grasos Omega-3, que son esenciales para mantener una buena salud cardiovascular y reducir el riesgo de enfermedades cr\u00f3nicas. Adem\u00e1s, su carne blanca y suave se presta a una gran variedad de recetas y preparaciones, desde la parrilla hasta el horno, pasando por el ceviche o el sushi.<\/p>\n<p>En nuestra tienda online, encontrar\u00e1s dorada ecol\u00f3gica fresca y lista para ser cocinada, as\u00ed como filetes y porciones listas para asar o preparar a la plancha. Y si lo prefieres, tambi\u00e9n puedes elegir entre nuestra selecci\u00f3n de productos gourmet, como la dorada ahumada o en escabeche.<\/p>\n<p>No lo pienses m\u00e1s y a\u00f1ade la dorada ecol\u00f3gica a tu carrito de compras. Disfruta de la frescura y calidad que te ofrecemos en cada uno de nuestros productos y convi\u00e9rtete en un amante del buen pescado y de la naturaleza. \u00a1Haz tu pedido ahora y disfruta de una experiencia gastron\u00f3mica inigualable!<\/p>\n","protected":false},"excerpt":{"rendered":"<p>Si est\u00e1s buscando una opci\u00f3n saludable y respetuosa con el medio ambiente para tu pr\u00f3xima comida, te presentamos la dorada ecol\u00f3gica. Con su carne blanca y suave, este pescado es una elecci\u00f3n ideal para los paladares m\u00e1s exigentes que tambi\u00e9n buscan cuidar de la naturaleza. En nuestra tienda online encontrar\u00e1s dorada ecol\u00f3gica de la mejor [&hellip;]<\/p>\n","protected":false},"featured_media":6113,"comment_status":"open","ping_status":"closed","template":"","meta":[],"product_brand":[],"product_cat":[38],"product_tag":[47,49,51,208,177,284],"class_list":{"0":"post-3445","1":"product","2":"type-product","3":"status-publish","4":"has-post-thumbnail","6":"product_cat-pescadoblanco","7":"product_tag-calidad","8":"product_tag-dorada","9":"product_tag-estero","10":"product_tag-horno","11":"product_tag-plancha","12":"product_tag-vapor","14":"first","15":"instock","16":"taxable","17":"shipping-taxable","18":"purchasable","19":"product-type-variable"},"jetpack_sharing_enabled":true,"_links":{"self":[{"href":"https:\/\/peixateriafite.com\/index.php\/wp-json\/wp\/v2\/product\/3445","targetHints":{"allow":["GET"]}}],"collection":[{"href":"https:\/\/peixateriafite.com\/index.php\/wp-json\/wp\/v2\/product"}],"about":[{"href":"https:\/\/peixateriafite.com\/index.php\/wp-json\/wp\/v2\/types\/product"}],"replies":[{"embeddable":true,"href":"https:\/\/peixateriafite.com\/index.php\/wp-json\/wp\/v2\/comments?post=3445"}],"wp:featuredmedia":[{"embeddable":true,"href":"https:\/\/peixateriafite.com\/index.php\/wp-json\/wp\/v2\/media\/6113"}],"wp:attachment":[{"href":"https:\/\/peixateriafite.com\/index.php\/wp-json\/wp\/v2\/media?parent=3445"}],"wp:term":[{"taxonomy":"product_brand","embeddable":true,"href":"https:\/\/peixateriafite.com\/index.php\/wp-json\/wp\/v2\/product_brand?post=3445"},{"taxonomy":"product_cat","embeddable":true,"href":"https:\/\/peixateriafite.com\/index.php\/wp-json\/wp\/v2\/product_cat?post=3445"},{"taxonomy":"product_tag","embeddable":true,"href":"https:\/\/peixateriafite.com\/index.php\/wp-json\/wp\/v2\/product_tag?post=3445"}],"curies":[{"name":"wp","href":"https:\/\/api.w.org\/{rel}","templated":true}]}}