{"id":3359,"date":"2023-03-23T21:38:02","date_gmt":"2023-03-23T20:38:02","guid":{"rendered":"https:\/\/peixateriafite.com\/?post_type=product&#038;p=3359"},"modified":"2023-04-14T15:14:52","modified_gmt":"2023-04-14T14:14:52","slug":"morralla-especial-para-fumet","status":"publish","type":"product","link":"https:\/\/peixateriafite.com\/index.php\/product\/morralla-especial-para-fumet\/","title":{"rendered":"Morralla para fumet 1kg"},"content":{"rendered":"<p>La\u00a0<b>morralla<\/b>\u00a0es un variado de\u00a0<b>pescados<\/b>\u00a0ideales para hacer caldo, que suelen ser de tama\u00f1o peque\u00f1o e incluyen\u00a0<b>pescados<\/b>\u00a0de roca peque\u00f1os de especies variadas como la gallineta, las cintas, pargos, m\u00fajoles, ara\u00f1as y algunos mariscos sueltos como galeras etc. que aportan un gran sabor a los caldos y fumets.<\/p>\n<p>Esta proviene del mar mediterr\u00e1neo y es necesario conservarla a 15\u00ba C para que se mantenga en buen estado es usual\u00a0verlos en la gastronom\u00eda mediterr\u00e1nea y su sabor es indiscutible.<\/p>\n<p>Suele ser muy vendida puesto que con ello puedes realizar deliciosas recetas para variar tu men\u00fa en las comidas.<\/p>\n<p>Con la\u00a0<strong>morralla de pescado<\/strong>\u00a0puedes realizar recetas como:<\/p>\n<ul>\n<li>Arroz a la banda<\/li>\n<li>Suquets<\/li>\n<li>Fumets<\/li>\n<li>Caldos<\/li>\n<li>Estofados<\/li>\n<\/ul>\n<p>No est\u00e1 de m\u00e1s recordar que la\u00a0<strong>morralla de pescado\u00a0<\/strong>tiene una inmensa cantidad de nutrientes que ayudan al fortalecimiento y alimentaci\u00f3n del ser humano. Es un manjar exquisito que complementar\u00e1 cualquier dieta perfectamente. \u00a0Su presentaci\u00f3n tambi\u00e9n es fant\u00e1stica, y es f\u00e1cil de adquirir en peixateria fite\u00a0sin problema alguno.<\/p>\n","protected":false},"excerpt":{"rendered":"<p>La\u00a0morralla\u00a0es un variado de\u00a0pescados\u00a0ideales para hacer caldo, que suelen ser de tama\u00f1o peque\u00f1o e incluyen\u00a0pescados\u00a0de roca peque\u00f1os de especies variadas como la gallineta, las cintas, pargos, m\u00fajoles, ara\u00f1as y algunos mariscos sueltos como galeras etc. que aportan un gran sabor a los caldos y fumets. Esta proviene del mar mediterr\u00e1neo y es necesario conservarla a [&hellip;]<\/p>\n","protected":false},"featured_media":4428,"comment_status":"open","ping_status":"closed","template":"","meta":[],"product_brand":[],"product_cat":[38],"product_tag":[45,238,296,295,167,165],"class_list":{"0":"post-3359","1":"product","2":"type-product","3":"status-publish","4":"has-post-thumbnail","6":"product_cat-pescadoblanco","7":"product_tag-mediterraneo","8":"product_tag-morralla","9":"product_tag-peix-de-sopa","10":"product_tag-pescado-de-sopa","11":"product_tag-rap","12":"product_tag-rape","14":"first","15":"instock","16":"taxable","17":"shipping-taxable","18":"purchasable","19":"product-type-variable"},"jetpack_sharing_enabled":true,"_links":{"self":[{"href":"https:\/\/peixateriafite.com\/index.php\/wp-json\/wp\/v2\/product\/3359","targetHints":{"allow":["GET"]}}],"collection":[{"href":"https:\/\/peixateriafite.com\/index.php\/wp-json\/wp\/v2\/product"}],"about":[{"href":"https:\/\/peixateriafite.com\/index.php\/wp-json\/wp\/v2\/types\/product"}],"replies":[{"embeddable":true,"href":"https:\/\/peixateriafite.com\/index.php\/wp-json\/wp\/v2\/comments?post=3359"}],"wp:featuredmedia":[{"embeddable":true,"href":"https:\/\/peixateriafite.com\/index.php\/wp-json\/wp\/v2\/media\/4428"}],"wp:attachment":[{"href":"https:\/\/peixateriafite.com\/index.php\/wp-json\/wp\/v2\/media?parent=3359"}],"wp:term":[{"taxonomy":"product_brand","embeddable":true,"href":"https:\/\/peixateriafite.com\/index.php\/wp-json\/wp\/v2\/product_brand?post=3359"},{"taxonomy":"product_cat","embeddable":true,"href":"https:\/\/peixateriafite.com\/index.php\/wp-json\/wp\/v2\/product_cat?post=3359"},{"taxonomy":"product_tag","embeddable":true,"href":"https:\/\/peixateriafite.com\/index.php\/wp-json\/wp\/v2\/product_tag?post=3359"}],"curies":[{"name":"wp","href":"https:\/\/api.w.org\/{rel}","templated":true}]}}