{"id":2754,"date":"2023-03-23T13:40:47","date_gmt":"2023-03-23T12:40:47","guid":{"rendered":"https:\/\/peixateriafite.com\/?post_type=product&#038;p=2754"},"modified":"2023-04-20T07:50:01","modified_gmt":"2023-04-20T06:50:01","slug":"molleras","status":"publish","type":"product","link":"https:\/\/peixateriafite.com\/index.php\/product\/molleras\/","title":{"rendered":"Molleras de playa 1kg"},"content":{"rendered":"<p>Las molleras del mediterr\u00e1neo son un producto del mar muy apreciado por su sabor y propiedades nutricionales. Estos tienen una carne blanca y delicada, rica en prote\u00ednas de alta calidad, vitaminas B y minerales como el hierro y el calcio.<\/p>\n<p>Adem\u00e1s, las molleras del mediterr\u00e1neo son una excelente fuente de \u00e1cidos grasos omega-3, que son beneficiosas para la salud del coraz\u00f3n y el cerebro. Tambi\u00e9n son bajas en grasas saturadas y colesterol, lo que las convierte en una opci\u00f3n saludable para incluir en una dieta equilibrada.<\/p>\n<p>En nuestra p\u00e1gina web, puedes encontrar molleras del mediterr\u00e1neo frescas y de alta calidad, listas para ser cocinadas y disfrutadas en tu mesa. No pierdas la oportunidad de probar este delicioso y nutritivo producto del mar.<\/p>\n<p>Haz clic en el bot\u00f3n de compra para a\u00f1adir las molleras del mediterr\u00e1neo a tu carrito y disfrutar de su sabor y beneficios para la salud.<\/p>\n","protected":false},"excerpt":{"rendered":"<p>molleras de playa<\/p>\n<p>&nbsp;<\/p>\n","protected":false},"featured_media":6151,"comment_status":"open","ping_status":"closed","template":"","meta":[],"product_brand":[],"product_cat":[38],"product_tag":[199,45,281,282,74],"class_list":{"0":"post-2754","1":"product","2":"type-product","3":"status-publish","4":"has-post-thumbnail","6":"product_cat-pescadoblanco","7":"product_tag-fresco","8":"product_tag-mediterraneo","9":"product_tag-molleras","10":"product_tag-pequeno","11":"product_tag-pescado","13":"first","14":"instock","15":"taxable","16":"shipping-taxable","17":"purchasable","18":"product-type-variable"},"jetpack_sharing_enabled":true,"_links":{"self":[{"href":"https:\/\/peixateriafite.com\/index.php\/wp-json\/wp\/v2\/product\/2754","targetHints":{"allow":["GET"]}}],"collection":[{"href":"https:\/\/peixateriafite.com\/index.php\/wp-json\/wp\/v2\/product"}],"about":[{"href":"https:\/\/peixateriafite.com\/index.php\/wp-json\/wp\/v2\/types\/product"}],"replies":[{"embeddable":true,"href":"https:\/\/peixateriafite.com\/index.php\/wp-json\/wp\/v2\/comments?post=2754"}],"wp:featuredmedia":[{"embeddable":true,"href":"https:\/\/peixateriafite.com\/index.php\/wp-json\/wp\/v2\/media\/6151"}],"wp:attachment":[{"href":"https:\/\/peixateriafite.com\/index.php\/wp-json\/wp\/v2\/media?parent=2754"}],"wp:term":[{"taxonomy":"product_brand","embeddable":true,"href":"https:\/\/peixateriafite.com\/index.php\/wp-json\/wp\/v2\/product_brand?post=2754"},{"taxonomy":"product_cat","embeddable":true,"href":"https:\/\/peixateriafite.com\/index.php\/wp-json\/wp\/v2\/product_cat?post=2754"},{"taxonomy":"product_tag","embeddable":true,"href":"https:\/\/peixateriafite.com\/index.php\/wp-json\/wp\/v2\/product_tag?post=2754"}],"curies":[{"name":"wp","href":"https:\/\/api.w.org\/{rel}","templated":true}]}}