{"id":2668,"date":"2023-03-23T13:00:52","date_gmt":"2023-03-23T12:00:52","guid":{"rendered":"https:\/\/peixateriafite.com\/?post_type=product&#038;p=2668"},"modified":"2023-04-14T14:30:08","modified_gmt":"2023-04-14T13:30:08","slug":"lenguado-de-playa-piezas-de-400gr-500gr-800gr","status":"publish","type":"product","link":"https:\/\/peixateriafite.com\/index.php\/product\/lenguado-de-playa-piezas-de-400gr-500gr-800gr\/","title":{"rendered":"Lenguado de playa (Piezas de 400gr-600g)"},"content":{"rendered":"<p>El lenguado del Mediterr\u00e1neo es un pescado que no te puedes perder si eres un amante de la buena comida. Su carne blanca, tierna y jugosa es un verdadero placer para los sentidos. Adem\u00e1s, su sabor suave y delicado lo hace perfecto para cualquier tipo de preparaci\u00f3n culinaria, ya sea a la plancha, al horno o en salsa.<\/p>\n<p>Pero el lenguado del Mediterr\u00e1neo no solo es delicioso, tambi\u00e9n es altamente nutritivo. Este pescado es rico en prote\u00ednas de alta calidad y en vitaminas y minerales esenciales para el correcto funcionamiento del organismo. Adem\u00e1s, es bajo en grasas y calor\u00edas, lo que lo hace ideal para aquellos que buscan cuidar su figura sin sacrificar el sabor.<\/p>\n<p>Pero eso no es todo, el lenguado del Mediterr\u00e1neo tambi\u00e9n es beneficioso para la salud. Su consumo regular ayuda a fortalecer el sistema cardiovascular, mejorar la salud \u00f3sea y prevenir la anemia, entre otros beneficios para la salud.<\/p>\n<p>En nuestra tienda online, nos aseguramos de ofrecerte solo el mejor lenguado del Mediterr\u00e1neo. Capturado de manera sostenible y con una calidad insuperable, cada uno de nuestros productos es cuidadosamente seleccionado para garantizar que recibas solo lo mejor.<\/p>\n<p>No esperes m\u00e1s para disfrutar del sabor y los beneficios del lenguado del Mediterr\u00e1neo. Haz tu pedido ahora y descubre por qu\u00e9 este pescado es uno de los favoritos de los amantes de la buena comida. \u00a1Te garantizamos que no te arrepentir\u00e1s!<\/p>\n","protected":false},"excerpt":{"rendered":"<p>lenguado del mediterraneo<\/p>\n","protected":false},"featured_media":711,"comment_status":"open","ping_status":"closed","template":"","meta":[],"product_brand":[],"product_cat":[38],"product_tag":[98,102,99,100,101,84],"class_list":{"0":"post-2668","1":"product","2":"type-product","3":"status-publish","4":"has-post-thumbnail","6":"product_cat-pescadoblanco","7":"product_tag-lenguado","8":"product_tag-lenguado-calidad","9":"product_tag-lenguado-mediterraneo","10":"product_tag-llenguado","11":"product_tag-llenguado-mediterrani","12":"product_tag-pescado-blanco","14":"first","15":"instock","16":"taxable","17":"shipping-taxable","18":"purchasable","19":"product-type-variable"},"jetpack_sharing_enabled":true,"_links":{"self":[{"href":"https:\/\/peixateriafite.com\/index.php\/wp-json\/wp\/v2\/product\/2668","targetHints":{"allow":["GET"]}}],"collection":[{"href":"https:\/\/peixateriafite.com\/index.php\/wp-json\/wp\/v2\/product"}],"about":[{"href":"https:\/\/peixateriafite.com\/index.php\/wp-json\/wp\/v2\/types\/product"}],"replies":[{"embeddable":true,"href":"https:\/\/peixateriafite.com\/index.php\/wp-json\/wp\/v2\/comments?post=2668"}],"wp:featuredmedia":[{"embeddable":true,"href":"https:\/\/peixateriafite.com\/index.php\/wp-json\/wp\/v2\/media\/711"}],"wp:attachment":[{"href":"https:\/\/peixateriafite.com\/index.php\/wp-json\/wp\/v2\/media?parent=2668"}],"wp:term":[{"taxonomy":"product_brand","embeddable":true,"href":"https:\/\/peixateriafite.com\/index.php\/wp-json\/wp\/v2\/product_brand?post=2668"},{"taxonomy":"product_cat","embeddable":true,"href":"https:\/\/peixateriafite.com\/index.php\/wp-json\/wp\/v2\/product_cat?post=2668"},{"taxonomy":"product_tag","embeddable":true,"href":"https:\/\/peixateriafite.com\/index.php\/wp-json\/wp\/v2\/product_tag?post=2668"}],"curies":[{"name":"wp","href":"https:\/\/api.w.org\/{rel}","templated":true}]}}