{"id":2659,"date":"2023-03-23T12:55:16","date_gmt":"2023-03-23T11:55:16","guid":{"rendered":"https:\/\/peixateriafite.com\/?post_type=product&#038;p=2659"},"modified":"2023-04-14T15:16:33","modified_gmt":"2023-04-14T14:16:33","slug":"loritos-temporada","status":"publish","type":"product","link":"https:\/\/peixateriafite.com\/index.php\/product\/loritos-temporada\/","title":{"rendered":"Loritos (temporada) 1kg"},"content":{"rendered":"<p>Este preciado pescado se cocina con las escamas (sin quitarselas) y se hace frito.<\/p>\n<p>&nbsp;<\/p>\n<p><strong>Raor<\/strong>, loro, lorito, gal\u00e1n, pez navaja, peine, roso o\u00a0<em>pejepeine<\/em>. Estos son algunos de los nombres con los que se conoce<\/p>\n<p>&nbsp;<\/p>\n<p>Frito o a la plancha, su piel y su carne son exquisitas, y tiene un sabor parecido al salmonete y una textura pr\u00f3xima al lenguado. Con una medida de entre 10 y 17 cm, el macho es un pelo m\u00e1s gordo y gris y la hembra m\u00e1s menuda y rojiza<\/p>\n<p>La temporada de este pescado aut\u00f3ctono del Mediterr\u00e1neo empieza en verano y se alarga hasta el mes de diciembre, cuando se levanta la veda. Las zonas donde se encuentra son las Baleares, la costa del Maresme y Almer\u00eda, pero en las Islas su pesca est\u00e1 controlada<\/p>\n","protected":false},"excerpt":{"rendered":"<p>Delicioso pescado de carne suave es un pescado muy preciado.<\/p>\n<p>&nbsp;<\/p>\n","protected":false},"featured_media":4435,"comment_status":"open","ping_status":"closed","template":"","meta":[],"product_brand":[],"product_cat":[38],"product_tag":[275,45,276,277],"class_list":{"0":"post-2659","1":"product","2":"type-product","3":"status-publish","4":"has-post-thumbnail","6":"product_cat-pescadoblanco","7":"product_tag-lorito","8":"product_tag-mediterraneo","9":"product_tag-raor","10":"product_tag-temporada","12":"first","13":"instock","14":"taxable","15":"shipping-taxable","16":"purchasable","17":"product-type-variable"},"jetpack_sharing_enabled":true,"_links":{"self":[{"href":"https:\/\/peixateriafite.com\/index.php\/wp-json\/wp\/v2\/product\/2659","targetHints":{"allow":["GET"]}}],"collection":[{"href":"https:\/\/peixateriafite.com\/index.php\/wp-json\/wp\/v2\/product"}],"about":[{"href":"https:\/\/peixateriafite.com\/index.php\/wp-json\/wp\/v2\/types\/product"}],"replies":[{"embeddable":true,"href":"https:\/\/peixateriafite.com\/index.php\/wp-json\/wp\/v2\/comments?post=2659"}],"wp:featuredmedia":[{"embeddable":true,"href":"https:\/\/peixateriafite.com\/index.php\/wp-json\/wp\/v2\/media\/4435"}],"wp:attachment":[{"href":"https:\/\/peixateriafite.com\/index.php\/wp-json\/wp\/v2\/media?parent=2659"}],"wp:term":[{"taxonomy":"product_brand","embeddable":true,"href":"https:\/\/peixateriafite.com\/index.php\/wp-json\/wp\/v2\/product_brand?post=2659"},{"taxonomy":"product_cat","embeddable":true,"href":"https:\/\/peixateriafite.com\/index.php\/wp-json\/wp\/v2\/product_cat?post=2659"},{"taxonomy":"product_tag","embeddable":true,"href":"https:\/\/peixateriafite.com\/index.php\/wp-json\/wp\/v2\/product_tag?post=2659"}],"curies":[{"name":"wp","href":"https:\/\/api.w.org\/{rel}","templated":true}]}}