{"id":2651,"date":"2023-03-23T12:35:53","date_gmt":"2023-03-23T11:35:53","guid":{"rendered":"https:\/\/peixateriafite.com\/?post_type=product&#038;p=2651"},"modified":"2023-03-25T20:50:39","modified_gmt":"2023-03-25T19:50:39","slug":"gallo-800gr-1kg-la-pieza","status":"publish","type":"product","link":"https:\/\/peixateriafite.com\/index.php\/product\/gallo-800gr-1kg-la-pieza\/","title":{"rendered":"Gallo 800gr \/1kg la pieza"},"content":{"rendered":"<p align=\"justify\">Es un pescado ideal para la dieta de los m\u00e1s peque\u00f1os, por su textura y sabor suaves (en este caso, pidenos que te quitemos\u00a0 sus espinas con cuidado indicando que es para ni\u00f1os).<\/p>\n<p align=\"justify\"><span style=\"font-size: large;\">Propiedades nutricionales del gallo<\/span><\/p>\n<p align=\"justify\">El gallo es un pescado blanco (este grupo de alimentos tambi\u00e9n son conocidos con el nombre de pescados magros), de forma que su contenido graso es realmente bajo: 100 gramos de gallo aportan 1,9 grasas y s\u00f3lo 80 calor\u00edas, algo m\u00e1s que otros pescados blancos como el lenguado o la merluza.<\/p>\n<p align=\"justify\">Aporta una mayor cantidad de prote\u00ednas de alto valor biol\u00f3gico en comparaci\u00f3n con otros pescados magros, aunque en relaci\u00f3n a su aporte en vitaminas lo cierto es que s\u00f3lo aporta \u00e1cido f\u00f3lico y vitamina B6.<\/p>\n<p align=\"justify\">Respecto a la presencia de minerales, podemos nombrar el yodo, f\u00f3sforo, sodio, potasio, magnesio y hierro.<\/p>\n","protected":false},"excerpt":{"rendered":"<p>El gallo es ideal en filetes para ni\u00f1os por su textura y sabor suaves<\/p>\n","protected":false},"featured_media":3460,"comment_status":"open","ping_status":"closed","template":"","meta":[],"product_brand":[],"product_cat":[38],"product_tag":[207,269,45,272,271],"class_list":{"0":"post-2651","1":"product","2":"type-product","3":"status-publish","4":"has-post-thumbnail","6":"product_cat-pescadoblanco","7":"product_tag-filete","8":"product_tag-gallo","9":"product_tag-mediterraneo","10":"product_tag-ninos","11":"product_tag-vigo","13":"first","14":"instock","15":"taxable","16":"shipping-taxable","17":"purchasable","18":"product-type-variable"},"jetpack_sharing_enabled":true,"_links":{"self":[{"href":"https:\/\/peixateriafite.com\/index.php\/wp-json\/wp\/v2\/product\/2651","targetHints":{"allow":["GET"]}}],"collection":[{"href":"https:\/\/peixateriafite.com\/index.php\/wp-json\/wp\/v2\/product"}],"about":[{"href":"https:\/\/peixateriafite.com\/index.php\/wp-json\/wp\/v2\/types\/product"}],"replies":[{"embeddable":true,"href":"https:\/\/peixateriafite.com\/index.php\/wp-json\/wp\/v2\/comments?post=2651"}],"wp:featuredmedia":[{"embeddable":true,"href":"https:\/\/peixateriafite.com\/index.php\/wp-json\/wp\/v2\/media\/3460"}],"wp:attachment":[{"href":"https:\/\/peixateriafite.com\/index.php\/wp-json\/wp\/v2\/media?parent=2651"}],"wp:term":[{"taxonomy":"product_brand","embeddable":true,"href":"https:\/\/peixateriafite.com\/index.php\/wp-json\/wp\/v2\/product_brand?post=2651"},{"taxonomy":"product_cat","embeddable":true,"href":"https:\/\/peixateriafite.com\/index.php\/wp-json\/wp\/v2\/product_cat?post=2651"},{"taxonomy":"product_tag","embeddable":true,"href":"https:\/\/peixateriafite.com\/index.php\/wp-json\/wp\/v2\/product_tag?post=2651"}],"curies":[{"name":"wp","href":"https:\/\/api.w.org\/{rel}","templated":true}]}}