{"id":2581,"date":"2023-03-22T22:52:12","date_gmt":"2023-03-22T21:52:12","guid":{"rendered":"https:\/\/peixateriafite.com\/?post_type=product&#038;p=2581"},"modified":"2023-04-14T15:11:40","modified_gmt":"2023-04-14T14:11:40","slug":"cazon-en-adobo-850e-unidad-1e","status":"publish","type":"product","link":"https:\/\/peixateriafite.com\/index.php\/product\/cazon-en-adobo-850e-unidad-1e\/","title":{"rendered":"Caz\u00f3n en Adobo 500gr"},"content":{"rendered":"<p>es una de las tapas m\u00e1s agradables que puede uno tomar a la hora del aperitivo.<\/p>\n<p>voy a contaros\u00a0<strong>c\u00f3mo se hace el caz\u00f3n en adobo<\/strong> para que todos pod\u00e1is disfrutarlo en vuestra casa, otra de las ventajas de hacer este plato con caz\u00f3n, porque la receta ser\u00e1, adem\u00e1s de sencilla, una receta bien econ\u00f3mica, con la que podr\u00e9is alegrar a la familia o a los amigos cualquier d\u00eda de la semana.<\/p>\n<p>El caz\u00f3n, es un pez de la familia de los escualos o tiburones, que se encuentra f\u00e1cilmente y a buen precio en los mercados. Su carne blanca y jugosa, es id\u00f3nea para consumir rebozado en tacos .<\/p>\n<p>Hay que coger el preparado del adobo, sacamos las tajadas de caz\u00f3n, y las escurrimos bien en papel absorbente. Pasamos por harina, mejor si utilizamos una\u00a0<strong>especial para frituras<\/strong>\u00a0de pescado, y fre\u00edmos en aceite de oliva virgen extra bien caliente, para que se doren por fuera y queden jugosos por dentro.<\/p>\n","protected":false},"excerpt":{"rendered":"<p>Caz\u00f3n en adobo , delicioso<\/p>\n","protected":false},"featured_media":4434,"comment_status":"open","ping_status":"closed","template":"","meta":[],"product_brand":[],"product_cat":[469],"product_tag":[218,248,217],"class_list":{"0":"post-2581","1":"product","2":"type-product","3":"status-publish","4":"has-post-thumbnail","6":"product_cat-elaborados","7":"product_tag-adobo","8":"product_tag-andaluz","9":"product_tag-cazon","11":"first","12":"instock","13":"taxable","14":"shipping-taxable","15":"purchasable","16":"product-type-simple"},"jetpack_sharing_enabled":true,"_links":{"self":[{"href":"https:\/\/peixateriafite.com\/index.php\/wp-json\/wp\/v2\/product\/2581","targetHints":{"allow":["GET"]}}],"collection":[{"href":"https:\/\/peixateriafite.com\/index.php\/wp-json\/wp\/v2\/product"}],"about":[{"href":"https:\/\/peixateriafite.com\/index.php\/wp-json\/wp\/v2\/types\/product"}],"replies":[{"embeddable":true,"href":"https:\/\/peixateriafite.com\/index.php\/wp-json\/wp\/v2\/comments?post=2581"}],"wp:featuredmedia":[{"embeddable":true,"href":"https:\/\/peixateriafite.com\/index.php\/wp-json\/wp\/v2\/media\/4434"}],"wp:attachment":[{"href":"https:\/\/peixateriafite.com\/index.php\/wp-json\/wp\/v2\/media?parent=2581"}],"wp:term":[{"taxonomy":"product_brand","embeddable":true,"href":"https:\/\/peixateriafite.com\/index.php\/wp-json\/wp\/v2\/product_brand?post=2581"},{"taxonomy":"product_cat","embeddable":true,"href":"https:\/\/peixateriafite.com\/index.php\/wp-json\/wp\/v2\/product_cat?post=2581"},{"taxonomy":"product_tag","embeddable":true,"href":"https:\/\/peixateriafite.com\/index.php\/wp-json\/wp\/v2\/product_tag?post=2581"}],"curies":[{"name":"wp","href":"https:\/\/api.w.org\/{rel}","templated":true}]}}