{"id":2565,"date":"2023-03-22T22:32:29","date_gmt":"2023-03-22T21:32:29","guid":{"rendered":"https:\/\/peixateriafite.com\/?post_type=product&#038;p=2565"},"modified":"2023-04-10T21:07:44","modified_gmt":"2023-04-10T20:07:44","slug":"cabeza-de-rape","status":"publish","type":"product","link":"https:\/\/peixateriafite.com\/index.php\/product\/cabeza-de-rape\/","title":{"rendered":"Cabeza de rape de 1,200Kg"},"content":{"rendered":"<p>La cabeza de rape es una base muy buena para realizar sopas de pescado o fumet. Perfecto para paellas y arroces a base de pescado.<br \/>\nIgualmente se recomienda a\u00f1adir algo m\u00e1s a nuestros caldos. La morralla de pescado ser\u00eda perfecta para que nuestros caldos ganen algo m\u00e1s de fuerza y sabor.<\/p>\n","protected":false},"excerpt":{"rendered":"<p>Cabeza de rape para sopa, caldo de pescado &#8230;<\/p>\n","protected":false},"featured_media":5043,"comment_status":"open","ping_status":"closed","template":"","meta":[],"product_brand":[],"product_cat":[38],"product_tag":[237,236,238,176],"class_list":{"0":"post-2565","1":"product","2":"type-product","3":"status-publish","4":"has-post-thumbnail","6":"product_cat-pescadoblanco","7":"product_tag-caldo","8":"product_tag-fumet","9":"product_tag-morralla","10":"product_tag-pescado-para-sopa","12":"first","13":"instock","14":"taxable","15":"shipping-taxable","16":"purchasable","17":"product-type-variable"},"jetpack_sharing_enabled":true,"_links":{"self":[{"href":"https:\/\/peixateriafite.com\/index.php\/wp-json\/wp\/v2\/product\/2565","targetHints":{"allow":["GET"]}}],"collection":[{"href":"https:\/\/peixateriafite.com\/index.php\/wp-json\/wp\/v2\/product"}],"about":[{"href":"https:\/\/peixateriafite.com\/index.php\/wp-json\/wp\/v2\/types\/product"}],"replies":[{"embeddable":true,"href":"https:\/\/peixateriafite.com\/index.php\/wp-json\/wp\/v2\/comments?post=2565"}],"wp:featuredmedia":[{"embeddable":true,"href":"https:\/\/peixateriafite.com\/index.php\/wp-json\/wp\/v2\/media\/5043"}],"wp:attachment":[{"href":"https:\/\/peixateriafite.com\/index.php\/wp-json\/wp\/v2\/media?parent=2565"}],"wp:term":[{"taxonomy":"product_brand","embeddable":true,"href":"https:\/\/peixateriafite.com\/index.php\/wp-json\/wp\/v2\/product_brand?post=2565"},{"taxonomy":"product_cat","embeddable":true,"href":"https:\/\/peixateriafite.com\/index.php\/wp-json\/wp\/v2\/product_cat?post=2565"},{"taxonomy":"product_tag","embeddable":true,"href":"https:\/\/peixateriafite.com\/index.php\/wp-json\/wp\/v2\/product_tag?post=2565"}],"curies":[{"name":"wp","href":"https:\/\/api.w.org\/{rel}","templated":true}]}}