{"id":2563,"date":"2023-03-22T22:18:36","date_gmt":"2023-03-22T21:18:36","guid":{"rendered":"https:\/\/peixateriafite.com\/?post_type=product&#038;p=2563"},"modified":"2023-04-18T13:28:27","modified_gmt":"2023-04-18T12:28:27","slug":"bacalao-entero-1590e-kg","status":"publish","type":"product","link":"https:\/\/peixateriafite.com\/index.php\/product\/bacalao-entero-1590e-kg\/","title":{"rendered":"Bacalao entero pieza de 1,5kg"},"content":{"rendered":"<p>El bacalao entero es un verdadero manjar para los amantes del buen pescado. Se trata de un producto de alta calidad, cuidadosamente seleccionado y preparado para que puedas disfrutar de todo su sabor y textura.<\/p>\n<p>Nuestro bacalao entero se caracteriza por su frescura y por su carne firme y sabrosa. Es perfecto para cocinarlo de muchas maneras diferentes: a la plancha, al horno, en guisos&#8230; \u00a1Las posibilidades son infinitas!<\/p>\n<p>Adem\u00e1s, el bacalao es un pescado muy saludable y nutritivo. Es rico en prote\u00ednas de alta calidad y en \u00e1cidos grasos omega-3, que son esenciales para mantener una buena salud<\/p>\n","protected":false},"excerpt":{"rendered":"<p>bacalao entero pieza de 1,5 kg<\/p>\n<p>&nbsp;<\/p>\n","protected":false},"featured_media":6104,"comment_status":"open","ping_status":"closed","template":"","meta":[],"product_brand":[],"product_cat":[38],"product_tag":[85,104,86],"class_list":{"0":"post-2563","1":"product","2":"type-product","3":"status-publish","4":"has-post-thumbnail","6":"product_cat-pescadoblanco","7":"product_tag-bacalao","8":"product_tag-bacalao-de-calidad","9":"product_tag-bacalao-fresco","11":"first","12":"instock","13":"taxable","14":"shipping-taxable","15":"purchasable","16":"product-type-variable"},"jetpack_sharing_enabled":true,"_links":{"self":[{"href":"https:\/\/peixateriafite.com\/index.php\/wp-json\/wp\/v2\/product\/2563","targetHints":{"allow":["GET"]}}],"collection":[{"href":"https:\/\/peixateriafite.com\/index.php\/wp-json\/wp\/v2\/product"}],"about":[{"href":"https:\/\/peixateriafite.com\/index.php\/wp-json\/wp\/v2\/types\/product"}],"replies":[{"embeddable":true,"href":"https:\/\/peixateriafite.com\/index.php\/wp-json\/wp\/v2\/comments?post=2563"}],"wp:featuredmedia":[{"embeddable":true,"href":"https:\/\/peixateriafite.com\/index.php\/wp-json\/wp\/v2\/media\/6104"}],"wp:attachment":[{"href":"https:\/\/peixateriafite.com\/index.php\/wp-json\/wp\/v2\/media?parent=2563"}],"wp:term":[{"taxonomy":"product_brand","embeddable":true,"href":"https:\/\/peixateriafite.com\/index.php\/wp-json\/wp\/v2\/product_brand?post=2563"},{"taxonomy":"product_cat","embeddable":true,"href":"https:\/\/peixateriafite.com\/index.php\/wp-json\/wp\/v2\/product_cat?post=2563"},{"taxonomy":"product_tag","embeddable":true,"href":"https:\/\/peixateriafite.com\/index.php\/wp-json\/wp\/v2\/product_tag?post=2563"}],"curies":[{"name":"wp","href":"https:\/\/api.w.org\/{rel}","templated":true}]}}