{"id":6378,"date":"2023-05-02T10:24:46","date_gmt":"2023-05-02T09:24:46","guid":{"rendered":"https:\/\/peixateriafite.com\/?page_id=6378"},"modified":"2023-05-02T10:27:17","modified_gmt":"2023-05-02T09:27:17","slug":"quienes-somos","status":"publish","type":"page","link":"https:\/\/peixateriafite.com\/index.php\/quienes-somos\/","title":{"rendered":"Quienes somos"},"content":{"rendered":"\t\t<div data-elementor-type=\"wp-page\" data-elementor-id=\"6378\" class=\"elementor elementor-6378\" data-elementor-post-type=\"page\">\n\t\t\t\t\t\t<section class=\"elementor-section elementor-top-section elementor-element elementor-element-6ab9d90 elementor-section-boxed elementor-section-height-default elementor-section-height-default\" data-id=\"6ab9d90\" data-element_type=\"section\" data-e-type=\"section\">\n\t\t\t\t\t\t<div class=\"elementor-container elementor-column-gap-default\">\n\t\t\t\t\t<div class=\"elementor-column elementor-col-100 elementor-top-column elementor-element elementor-element-fd3f4de\" data-id=\"fd3f4de\" data-element_type=\"column\" data-e-type=\"column\">\n\t\t\t<div class=\"elementor-widget-wrap\">\n\t\t\t\t\t\t\t<\/div>\n\t\t<\/div>\n\t\t\t\t\t<\/div>\n\t\t<\/section>\n\t\t\t\t<section class=\"elementor-section elementor-top-section elementor-element elementor-element-cd6117a elementor-section-boxed elementor-section-height-default elementor-section-height-default\" data-id=\"cd6117a\" data-element_type=\"section\" data-e-type=\"section\">\n\t\t\t\t\t\t<div class=\"elementor-container elementor-column-gap-default\">\n\t\t\t\t\t<div class=\"elementor-column elementor-col-50 elementor-top-column elementor-element elementor-element-a1174b1\" data-id=\"a1174b1\" data-element_type=\"column\" data-e-type=\"column\">\n\t\t\t<div class=\"elementor-widget-wrap\">\n\t\t\t\t\t\t\t<\/div>\n\t\t<\/div>\n\t\t\t\t<div class=\"elementor-column elementor-col-50 elementor-top-column elementor-element elementor-element-1c7a527\" data-id=\"1c7a527\" data-element_type=\"column\" data-e-type=\"column\">\n\t\t\t<div class=\"elementor-widget-wrap\">\n\t\t\t\t\t\t\t<\/div>\n\t\t<\/div>\n\t\t\t\t\t<\/div>\n\t\t<\/section>\n\t\t\t\t<section class=\"elementor-section elementor-top-section elementor-element elementor-element-590c7b4 elementor-section-boxed elementor-section-height-default elementor-section-height-default\" data-id=\"590c7b4\" data-element_type=\"section\" data-e-type=\"section\" data-settings=\"{&quot;background_background&quot;:&quot;classic&quot;}\">\n\t\t\t\t\t\t\t<div class=\"elementor-background-overlay\"><\/div>\n\t\t\t\t\t\t\t<div class=\"elementor-container elementor-column-gap-default\">\n\t\t\t\t\t<div class=\"elementor-column elementor-col-33 elementor-top-column elementor-element elementor-element-80500a7\" data-id=\"80500a7\" data-element_type=\"column\" data-e-type=\"column\">\n\t\t\t<div class=\"elementor-widget-wrap elementor-element-populated\">\n\t\t\t\t\t\t<div class=\"elementor-element elementor-element-9893ca8 elementor-widget elementor-widget-image\" data-id=\"9893ca8\" data-element_type=\"widget\" data-e-type=\"widget\" data-widget_type=\"image.default\">\n\t\t\t\t<div class=\"elementor-widget-container\">\n\t\t\t\t\t\t\t\t\t\t\t\t\t\t\t<img fetchpriority=\"high\" decoding=\"async\" width=\"800\" height=\"864\" src=\"https:\/\/peixateriafite.com\/wp-content\/uploads\/2023\/03\/IMG_0081-e1681676483496-948x1024.jpg\" class=\"attachment-large size-large wp-image-733\" alt=\"\" srcset=\"https:\/\/peixateriafite.com\/wp-content\/uploads\/2023\/03\/IMG_0081-e1681676483496-948x1024.jpg 948w, https:\/\/peixateriafite.com\/wp-content\/uploads\/2023\/03\/IMG_0081-e1681676483496-600x648.jpg 600w, https:\/\/peixateriafite.com\/wp-content\/uploads\/2023\/03\/IMG_0081-e1681676483496-278x300.jpg 278w, https:\/\/peixateriafite.com\/wp-content\/uploads\/2023\/03\/IMG_0081-e1681676483496-768x829.jpg 768w, https:\/\/peixateriafite.com\/wp-content\/uploads\/2023\/03\/IMG_0081-e1681676483496-1423x1536.jpg 1423w, https:\/\/peixateriafite.com\/wp-content\/uploads\/2023\/03\/IMG_0081-e1681676483496-1320x1425.jpg 1320w, https:\/\/peixateriafite.com\/wp-content\/uploads\/2023\/03\/IMG_0081-e1681676483496-64x69.jpg 64w, https:\/\/peixateriafite.com\/wp-content\/uploads\/2023\/03\/IMG_0081-e1681676483496.jpg 1531w\" sizes=\"(max-width: 800px) 100vw, 800px\" \/>\t\t\t\t\t\t\t\t\t\t\t\t\t\t\t<\/div>\n\t\t\t\t<\/div>\n\t\t\t\t\t<\/div>\n\t\t<\/div>\n\t\t\t\t<div class=\"elementor-column elementor-col-66 elementor-top-column elementor-element elementor-element-9dc2590\" data-id=\"9dc2590\" data-element_type=\"column\" data-e-type=\"column\">\n\t\t\t<div class=\"elementor-widget-wrap elementor-element-populated\">\n\t\t\t\t\t\t<div class=\"elementor-element elementor-element-94a5d92 elementor-widget elementor-widget-text-editor\" data-id=\"94a5d92\" data-element_type=\"widget\" data-e-type=\"widget\" data-widget_type=\"text-editor.default\">\n\t\t\t\t<div class=\"elementor-widget-container\">\n\t\t\t\t\t\t\t\t\t<h2><span style=\"color: #178a8a;\"><strong><span style=\"text-decoration: underline;\">\u00bfQuien\u00e9s somos?<\/span><\/strong><\/span><\/h2><p>Peixateria Fit\u00e9 es una pescader\u00eda ubicada en el coraz\u00f3n del barrio de Sants en Barcelona. Nos especializamos en ofrecer pescado fresco y de alta calidad, siempre buscando las mejores opciones de proximidad y sostenibilidad.<\/p><p>En Peixateria Fit\u00e9, nos enorgullece ofrecer una amplia variedad de especies y presentaciones, desde el cl\u00e1sico salm\u00f3n hasta la deliciosa dorada fresca del mediterr\u00e1neo. Nos preocupamos por seleccionar cuidadosamente el mejor pescado disponible en el mercado, trabajando con proveedores locales y comprometidos con pr\u00e1cticas de pesca sostenibles y responsables.<\/p><p>Nuestro equipo de expertos en pescader\u00eda est\u00e1 siempre a disposici\u00f3n para brindar asesoramiento y recomendaciones, desde la selecci\u00f3n y preparaci\u00f3n del pescado hasta las mejores pr\u00e1cticas de almacenamiento y conservaci\u00f3n. Con una pasi\u00f3n por la frescura y la calidad de los productos, en Peixateria Fit\u00e9 nos esforzamos por ofrecer un servicio excepcional a nuestros clientes, garantizando una experiencia culinaria deliciosa y saludable.<\/p><p>\u00a1Gracias por visitarnos en Peixateria Fit\u00e9!<\/p>\t\t\t\t\t\t\t\t<\/div>\n\t\t\t\t<\/div>\n\t\t\t\t\t<\/div>\n\t\t<\/div>\n\t\t\t\t\t<\/div>\n\t\t<\/section>\n\t\t\t\t<\/div>\n\t\t","protected":false},"excerpt":{"rendered":"<p>\u00bfQuien\u00e9s somos? Peixateria Fit\u00e9 es una pescader\u00eda ubicada en el coraz\u00f3n del barrio de Sants en Barcelona. Nos especializamos en ofrecer pescado fresco y de alta calidad, siempre buscando las mejores opciones de proximidad y sostenibilidad. En Peixateria Fit\u00e9, nos enorgullece ofrecer una amplia variedad de especies y presentaciones, desde el cl\u00e1sico salm\u00f3n hasta la [&hellip;]<\/p>\n","protected":false},"author":2,"featured_media":0,"parent":0,"menu_order":0,"comment_status":"closed","ping_status":"closed","template":"elementor_theme","meta":{"footnotes":""},"class_list":["post-6378","page","type-page","status-publish","hentry"],"jetpack_sharing_enabled":true,"_links":{"self":[{"href":"https:\/\/peixateriafite.com\/index.php\/wp-json\/wp\/v2\/pages\/6378","targetHints":{"allow":["GET"]}}],"collection":[{"href":"https:\/\/peixateriafite.com\/index.php\/wp-json\/wp\/v2\/pages"}],"about":[{"href":"https:\/\/peixateriafite.com\/index.php\/wp-json\/wp\/v2\/types\/page"}],"author":[{"embeddable":true,"href":"https:\/\/peixateriafite.com\/index.php\/wp-json\/wp\/v2\/users\/2"}],"replies":[{"embeddable":true,"href":"https:\/\/peixateriafite.com\/index.php\/wp-json\/wp\/v2\/comments?post=6378"}],"version-history":[{"count":5,"href":"https:\/\/peixateriafite.com\/index.php\/wp-json\/wp\/v2\/pages\/6378\/revisions"}],"predecessor-version":[{"id":6383,"href":"https:\/\/peixateriafite.com\/index.php\/wp-json\/wp\/v2\/pages\/6378\/revisions\/6383"}],"wp:attachment":[{"href":"https:\/\/peixateriafite.com\/index.php\/wp-json\/wp\/v2\/media?parent=6378"}],"curies":[{"name":"wp","href":"https:\/\/api.w.org\/{rel}","templated":true}]}}