{"id":4024,"date":"2023-03-27T19:47:42","date_gmt":"2023-03-27T18:47:42","guid":{"rendered":"https:\/\/peixateriafite.com\/?page_id=4024"},"modified":"2024-02-25T18:05:43","modified_gmt":"2024-02-25T17:05:43","slug":"como-comprar","status":"publish","type":"page","link":"https:\/\/peixateriafite.com\/index.php\/como-comprar\/","title":{"rendered":"Como comprar"},"content":{"rendered":"\t\t<div data-elementor-type=\"wp-page\" data-elementor-id=\"4024\" class=\"elementor elementor-4024\" data-elementor-post-type=\"page\">\n\t\t\t\t\t\t<section class=\"elementor-section elementor-top-section elementor-element elementor-element-63cda22 elementor-section-boxed elementor-section-height-default elementor-section-height-default\" data-id=\"63cda22\" data-element_type=\"section\" data-e-type=\"section\" data-settings=\"{&quot;background_background&quot;:&quot;classic&quot;}\">\n\t\t\t\t\t\t<div class=\"elementor-container elementor-column-gap-default\">\n\t\t\t\t\t<div class=\"elementor-column elementor-col-100 elementor-top-column elementor-element elementor-element-af76143\" data-id=\"af76143\" data-element_type=\"column\" data-e-type=\"column\" data-settings=\"{&quot;background_background&quot;:&quot;classic&quot;}\">\n\t\t\t<div class=\"elementor-widget-wrap elementor-element-populated\">\n\t\t\t\t\t\t<div class=\"elementor-element elementor-element-d0fe848 elementor-widget elementor-widget-heading\" data-id=\"d0fe848\" data-element_type=\"widget\" data-e-type=\"widget\" data-widget_type=\"heading.default\">\n\t\t\t\t<div class=\"elementor-widget-container\">\n\t\t\t\t\t<h1 class=\"elementor-heading-title elementor-size-default\"><u>\u00bfC\u00f3mo comprar?<\/u><\/h1>\t\t\t\t<\/div>\n\t\t\t\t<\/div>\n\t\t\t\t<div class=\"elementor-element elementor-element-596d267 elementor-widget elementor-widget-spacer\" data-id=\"596d267\" data-element_type=\"widget\" data-e-type=\"widget\" data-widget_type=\"spacer.default\">\n\t\t\t\t<div class=\"elementor-widget-container\">\n\t\t\t\t\t\t\t<div class=\"elementor-spacer\">\n\t\t\t<div class=\"elementor-spacer-inner\"><\/div>\n\t\t<\/div>\n\t\t\t\t\t\t<\/div>\n\t\t\t\t<\/div>\n\t\t\t\t\t<\/div>\n\t\t<\/div>\n\t\t\t\t\t<\/div>\n\t\t<\/section>\n\t\t\t\t<section class=\"elementor-section elementor-top-section elementor-element elementor-element-6d1c0d1 elementor-section-boxed elementor-section-height-default elementor-section-height-default\" data-id=\"6d1c0d1\" data-element_type=\"section\" data-e-type=\"section\" data-settings=\"{&quot;background_background&quot;:&quot;classic&quot;}\">\n\t\t\t\t\t\t<div class=\"elementor-container elementor-column-gap-default\">\n\t\t\t\t\t<div class=\"elementor-column elementor-col-100 elementor-top-column elementor-element elementor-element-360724d\" data-id=\"360724d\" data-element_type=\"column\" data-e-type=\"column\">\n\t\t\t<div class=\"elementor-widget-wrap elementor-element-populated\">\n\t\t\t\t\t\t<div class=\"elementor-element elementor-element-0784f3c elementor-widget elementor-widget-text-editor\" data-id=\"0784f3c\" data-element_type=\"widget\" data-e-type=\"widget\" data-widget_type=\"text-editor.default\">\n\t\t\t\t<div class=\"elementor-widget-container\">\n\t\t\t\t\t\t\t\t\t<p>Te lo ponemos muy f\u00e1cil. Los pedidos se pueden realizar de diferentes formas:<\/p><p><strong>En tienda on-line www.peixateriafite.com<\/strong><\/p><p>\u00a0<\/p><p><strong>Por WhatsApp 670693426<\/strong><\/p><p><strong><span style=\"color: #139ca8;\">Para realizar el pedido a trav\u00e9s de la tienda on-line peixateriafite.com<\/span><\/strong><\/p><p>1. Navega por nuestra tienda y consulta los productos que m\u00e1s te interesan. Accediendo a cada producto podr\u00e1s ver toda la informaci\u00f3n y precio con detalle. Dependiendo del producto seleccionado tambi\u00e9n podr\u00e1s indicar c\u00f3mo quieres que te lo preparemos (eviscerado, sin espinas, a filetes\u2026).<\/p>\t\t\t\t\t\t\t\t<\/div>\n\t\t\t\t<\/div>\n\t\t\t\t\t<\/div>\n\t\t<\/div>\n\t\t\t\t\t<\/div>\n\t\t<\/section>\n\t\t\t\t<section class=\"elementor-section elementor-top-section elementor-element elementor-element-686d9ad elementor-section-boxed elementor-section-height-default elementor-section-height-default\" data-id=\"686d9ad\" data-element_type=\"section\" data-e-type=\"section\" data-settings=\"{&quot;background_background&quot;:&quot;classic&quot;}\">\n\t\t\t\t\t\t<div class=\"elementor-container elementor-column-gap-default\">\n\t\t\t\t\t<div class=\"elementor-column elementor-col-100 elementor-top-column elementor-element elementor-element-9e35e26\" data-id=\"9e35e26\" data-element_type=\"column\" data-e-type=\"column\">\n\t\t\t<div class=\"elementor-widget-wrap elementor-element-populated\">\n\t\t\t\t\t\t<div class=\"elementor-element elementor-element-ca9e6c2 elementor-widget elementor-widget-image\" data-id=\"ca9e6c2\" data-element_type=\"widget\" data-e-type=\"widget\" data-widget_type=\"image.default\">\n\t\t\t\t<div class=\"elementor-widget-container\">\n\t\t\t\t\t\t\t\t\t\t\t\t\t\t\t<img decoding=\"async\" width=\"150\" height=\"150\" src=\"https:\/\/peixateriafite.com\/wp-content\/uploads\/2023\/04\/7c83f53f-1ad5-4a3f-a387-0f975583b481-150x150.png\" class=\"attachment-thumbnail size-thumbnail wp-image-4963\" alt=\"\" srcset=\"https:\/\/peixateriafite.com\/wp-content\/uploads\/2023\/04\/7c83f53f-1ad5-4a3f-a387-0f975583b481-150x150.png 150w, https:\/\/peixateriafite.com\/wp-content\/uploads\/2023\/04\/7c83f53f-1ad5-4a3f-a387-0f975583b481-100x100.png 100w\" sizes=\"(max-width: 150px) 100vw, 150px\" \/>\t\t\t\t\t\t\t\t\t\t\t\t\t\t\t<\/div>\n\t\t\t\t<\/div>\n\t\t\t\t\t<\/div>\n\t\t<\/div>\n\t\t\t\t\t<\/div>\n\t\t<\/section>\n\t\t\t\t<section class=\"elementor-section elementor-top-section elementor-element elementor-element-2ba3ed4 elementor-section-boxed elementor-section-height-default elementor-section-height-default\" data-id=\"2ba3ed4\" data-element_type=\"section\" data-e-type=\"section\" data-settings=\"{&quot;background_background&quot;:&quot;classic&quot;}\">\n\t\t\t\t\t\t<div class=\"elementor-container elementor-column-gap-default\">\n\t\t\t\t\t<div class=\"elementor-column elementor-col-100 elementor-top-column elementor-element elementor-element-dd7f18c\" data-id=\"dd7f18c\" data-element_type=\"column\" data-e-type=\"column\">\n\t\t\t<div class=\"elementor-widget-wrap elementor-element-populated\">\n\t\t\t\t\t\t<div class=\"elementor-element elementor-element-064d1ef elementor-widget__width-initial elementor-widget elementor-widget-text-editor\" data-id=\"064d1ef\" data-element_type=\"widget\" data-e-type=\"widget\" data-widget_type=\"text-editor.default\">\n\t\t\t\t<div class=\"elementor-widget-container\">\n\t\t\t\t\t\t\t\t\t<p>2. Con un solo clic, puedes indicar la cantidad y a\u00f1adir el producto al carrito.<\/p>\t\t\t\t\t\t\t\t<\/div>\n\t\t\t\t<\/div>\n\t\t\t\t<div class=\"elementor-element elementor-element-204b406 elementor-widget elementor-widget-text-editor\" data-id=\"204b406\" data-element_type=\"widget\" data-e-type=\"widget\" data-widget_type=\"text-editor.default\">\n\t\t\t\t<div class=\"elementor-widget-container\">\n\t\t\t\t\t\t\t\t\t<p>3. Cuando hayas a\u00f1adido al carrito todos tus productos, puedes consultar tu pedido dirigi\u00e9ndote al carrito (parte superior derecha de la p\u00e1gina).<\/p>\t\t\t\t\t\t\t\t<\/div>\n\t\t\t\t<\/div>\n\t\t\t\t\t<\/div>\n\t\t<\/div>\n\t\t\t\t\t<\/div>\n\t\t<\/section>\n\t\t\t\t<section class=\"elementor-section elementor-top-section elementor-element elementor-element-736f81e elementor-section-boxed elementor-section-height-default elementor-section-height-default\" data-id=\"736f81e\" data-element_type=\"section\" data-e-type=\"section\" data-settings=\"{&quot;background_background&quot;:&quot;classic&quot;}\">\n\t\t\t\t\t\t<div class=\"elementor-container elementor-column-gap-default\">\n\t\t\t\t\t<div class=\"elementor-column elementor-col-100 elementor-top-column elementor-element elementor-element-c1f574a\" data-id=\"c1f574a\" data-element_type=\"column\" data-e-type=\"column\">\n\t\t\t<div class=\"elementor-widget-wrap elementor-element-populated\">\n\t\t\t\t\t\t<div class=\"elementor-element elementor-element-9f2455a elementor-widget elementor-widget-image\" data-id=\"9f2455a\" data-element_type=\"widget\" data-e-type=\"widget\" data-widget_type=\"image.default\">\n\t\t\t\t<div class=\"elementor-widget-container\">\n\t\t\t\t\t\t\t\t\t\t\t\t\t\t\t<img decoding=\"async\" width=\"150\" height=\"150\" src=\"https:\/\/peixateriafite.com\/wp-content\/uploads\/2023\/04\/89dc7393-2ad3-4525-addd-703e90c370a0-150x150.png\" class=\"attachment-thumbnail size-thumbnail wp-image-4964\" alt=\"\" srcset=\"https:\/\/peixateriafite.com\/wp-content\/uploads\/2023\/04\/89dc7393-2ad3-4525-addd-703e90c370a0-150x150.png 150w, https:\/\/peixateriafite.com\/wp-content\/uploads\/2023\/04\/89dc7393-2ad3-4525-addd-703e90c370a0-100x100.png 100w\" sizes=\"(max-width: 150px) 100vw, 150px\" \/>\t\t\t\t\t\t\t\t\t\t\t\t\t\t\t<\/div>\n\t\t\t\t<\/div>\n\t\t\t\t\t<\/div>\n\t\t<\/div>\n\t\t\t\t\t<\/div>\n\t\t<\/section>\n\t\t\t\t<section class=\"elementor-section elementor-top-section elementor-element elementor-element-adc13b3 elementor-section-boxed elementor-section-height-default elementor-section-height-default\" data-id=\"adc13b3\" data-element_type=\"section\" data-e-type=\"section\" data-settings=\"{&quot;background_background&quot;:&quot;classic&quot;}\">\n\t\t\t\t\t\t<div class=\"elementor-container elementor-column-gap-default\">\n\t\t\t\t\t<div class=\"elementor-column elementor-col-100 elementor-top-column elementor-element elementor-element-1a4f055\" data-id=\"1a4f055\" data-element_type=\"column\" data-e-type=\"column\">\n\t\t\t<div class=\"elementor-widget-wrap\">\n\t\t\t\t\t\t\t<\/div>\n\t\t<\/div>\n\t\t\t\t\t<\/div>\n\t\t<\/section>\n\t\t\t\t<section class=\"elementor-section elementor-top-section elementor-element elementor-element-79c3621 elementor-section-boxed elementor-section-height-default elementor-section-height-default\" data-id=\"79c3621\" data-element_type=\"section\" data-e-type=\"section\" data-settings=\"{&quot;background_background&quot;:&quot;classic&quot;}\">\n\t\t\t\t\t\t<div class=\"elementor-container elementor-column-gap-default\">\n\t\t\t\t\t<div class=\"elementor-column elementor-col-100 elementor-top-column elementor-element elementor-element-644b53f\" data-id=\"644b53f\" data-element_type=\"column\" data-e-type=\"column\">\n\t\t\t<div class=\"elementor-widget-wrap elementor-element-populated\">\n\t\t\t\t\t\t<div class=\"elementor-element elementor-element-53f9d9e elementor-widget elementor-widget-text-editor\" data-id=\"53f9d9e\" data-element_type=\"widget\" data-e-type=\"widget\" data-widget_type=\"text-editor.default\">\n\t\t\t\t<div class=\"elementor-widget-container\">\n\t\t\t\t\t\t\t\t\t<p>4. Si est\u00e1 todo correcto y quieres tramitar el pedido, dirigirte a \u201cfinalizar compra\u201d. En este apartado podr\u00e1s rellenar todos tus datos, la fecha y hora en la que quieres recibir tu pedido, a\u00f1adir una nota con informaci\u00f3n adicional sobre tu pedido, canjear un vale de descuento (si dispones de alguno) y la forma de pago.<\/p>\t\t\t\t\t\t\t\t<\/div>\n\t\t\t\t<\/div>\n\t\t\t\t\t<\/div>\n\t\t<\/div>\n\t\t\t\t\t<\/div>\n\t\t<\/section>\n\t\t\t\t<section class=\"elementor-section elementor-top-section elementor-element elementor-element-7d44da8 elementor-section-boxed elementor-section-height-default elementor-section-height-default\" data-id=\"7d44da8\" data-element_type=\"section\" data-e-type=\"section\" data-settings=\"{&quot;background_background&quot;:&quot;classic&quot;}\">\n\t\t\t\t\t\t<div class=\"elementor-container elementor-column-gap-default\">\n\t\t\t\t\t<div class=\"elementor-column elementor-col-100 elementor-top-column elementor-element elementor-element-10e0dc8\" data-id=\"10e0dc8\" data-element_type=\"column\" data-e-type=\"column\">\n\t\t\t<div class=\"elementor-widget-wrap elementor-element-populated\">\n\t\t\t\t\t\t<div class=\"elementor-element elementor-element-e5de836 elementor-widget elementor-widget-image\" data-id=\"e5de836\" data-element_type=\"widget\" data-e-type=\"widget\" data-widget_type=\"image.default\">\n\t\t\t\t<div class=\"elementor-widget-container\">\n\t\t\t\t\t\t\t\t\t\t\t\t\t\t\t<img decoding=\"async\" width=\"150\" height=\"150\" src=\"https:\/\/peixateriafite.com\/wp-content\/uploads\/2023\/04\/3b2b6d14-24e6-4054-89be-d8c22954441f-150x150.png\" class=\"attachment-thumbnail size-thumbnail wp-image-4966\" alt=\"\" srcset=\"https:\/\/peixateriafite.com\/wp-content\/uploads\/2023\/04\/3b2b6d14-24e6-4054-89be-d8c22954441f-150x150.png 150w, https:\/\/peixateriafite.com\/wp-content\/uploads\/2023\/04\/3b2b6d14-24e6-4054-89be-d8c22954441f-100x100.png 100w\" sizes=\"(max-width: 150px) 100vw, 150px\" \/>\t\t\t\t\t\t\t\t\t\t\t\t\t\t\t<\/div>\n\t\t\t\t<\/div>\n\t\t\t\t\t<\/div>\n\t\t<\/div>\n\t\t\t\t\t<\/div>\n\t\t<\/section>\n\t\t\t\t<section class=\"elementor-section elementor-top-section elementor-element elementor-element-3f2400e elementor-section-boxed elementor-section-height-default elementor-section-height-default\" data-id=\"3f2400e\" data-element_type=\"section\" data-e-type=\"section\" data-settings=\"{&quot;background_background&quot;:&quot;classic&quot;}\">\n\t\t\t\t\t\t<div class=\"elementor-container elementor-column-gap-default\">\n\t\t\t\t\t<div class=\"elementor-column elementor-col-100 elementor-top-column elementor-element elementor-element-66166db\" data-id=\"66166db\" data-element_type=\"column\" data-e-type=\"column\">\n\t\t\t<div class=\"elementor-widget-wrap elementor-element-populated\">\n\t\t\t\t\t\t<div class=\"elementor-element elementor-element-75a2380 elementor-widget elementor-widget-text-editor\" data-id=\"75a2380\" data-element_type=\"widget\" data-e-type=\"widget\" data-widget_type=\"text-editor.default\">\n\t\t\t\t<div class=\"elementor-widget-container\">\n\t\t\t\t\t\t\t\t\t<p>5. Una vez que hayas introducido todos los datos, comprueba que est\u00e9 todo correcto y pulsa \u201cRealizar el pedido\u201d. La confidencialidad de tus datos y la seguridad de la transacci\u00f3n est\u00e1 100% garantizada.<\/p>\t\t\t\t\t\t\t\t<\/div>\n\t\t\t\t<\/div>\n\t\t\t\t\t<\/div>\n\t\t<\/div>\n\t\t\t\t\t<\/div>\n\t\t<\/section>\n\t\t\t\t<section class=\"elementor-section elementor-top-section elementor-element elementor-element-4823a2a elementor-section-boxed elementor-section-height-default elementor-section-height-default\" data-id=\"4823a2a\" data-element_type=\"section\" data-e-type=\"section\" data-settings=\"{&quot;background_background&quot;:&quot;classic&quot;}\">\n\t\t\t\t\t\t<div class=\"elementor-container elementor-column-gap-default\">\n\t\t\t\t\t<div class=\"elementor-column elementor-col-100 elementor-top-column elementor-element elementor-element-45f5b9b\" data-id=\"45f5b9b\" data-element_type=\"column\" data-e-type=\"column\">\n\t\t\t<div class=\"elementor-widget-wrap elementor-element-populated\">\n\t\t\t\t\t\t<div class=\"elementor-element elementor-element-ef610f9 elementor-widget elementor-widget-text-editor\" data-id=\"ef610f9\" data-element_type=\"widget\" data-e-type=\"widget\" data-widget_type=\"text-editor.default\">\n\t\t\t\t<div class=\"elementor-widget-container\">\n\t\t\t\t\t\t\t\t\t<p>6. Recibir\u00e1s un email en tu bandeja de entrada con la confirmaci\u00f3n de tu pedido.<\/p>\t\t\t\t\t\t\t\t<\/div>\n\t\t\t\t<\/div>\n\t\t\t\t\t<\/div>\n\t\t<\/div>\n\t\t\t\t\t<\/div>\n\t\t<\/section>\n\t\t\t\t<section class=\"elementor-section elementor-top-section elementor-element elementor-element-4605e90 elementor-section-boxed elementor-section-height-default elementor-section-height-default\" data-id=\"4605e90\" data-element_type=\"section\" data-e-type=\"section\" data-settings=\"{&quot;background_background&quot;:&quot;classic&quot;}\">\n\t\t\t\t\t\t<div class=\"elementor-container elementor-column-gap-default\">\n\t\t\t\t\t<div class=\"elementor-column elementor-col-100 elementor-top-column elementor-element elementor-element-8b7b725\" data-id=\"8b7b725\" data-element_type=\"column\" data-e-type=\"column\">\n\t\t\t<div class=\"elementor-widget-wrap elementor-element-populated\">\n\t\t\t\t\t\t<div class=\"elementor-element elementor-element-1bb7867 elementor-widget elementor-widget-text-editor\" data-id=\"1bb7867\" data-element_type=\"widget\" data-e-type=\"widget\" data-widget_type=\"text-editor.default\">\n\t\t\t\t<div class=\"elementor-widget-container\">\n\t\t\t\t\t\t\t\t\t<p><strong><span style=\"color: #139ca8;\">Para realizar el pedido por tel\u00e9fono, WhatsApp o email<\/span><\/strong><\/p><p>Si te resulta m\u00e1s f\u00e1cil, puedes ponerte en contacto con nosotros para realizar tu pedido por WhatsApp en el tel\u00e9fono 670693426 y realizar el pago por via bizum.<\/p>\t\t\t\t\t\t\t\t<\/div>\n\t\t\t\t<\/div>\n\t\t\t\t\t<\/div>\n\t\t<\/div>\n\t\t\t\t\t<\/div>\n\t\t<\/section>\n\t\t\t\t<section class=\"elementor-section elementor-top-section elementor-element elementor-element-078b2be elementor-section-boxed elementor-section-height-default elementor-section-height-default\" data-id=\"078b2be\" data-element_type=\"section\" data-e-type=\"section\" data-settings=\"{&quot;background_background&quot;:&quot;classic&quot;}\">\n\t\t\t\t\t\t<div class=\"elementor-container elementor-column-gap-default\">\n\t\t\t\t\t<div class=\"elementor-column elementor-col-100 elementor-top-column elementor-element elementor-element-e81b943\" data-id=\"e81b943\" data-element_type=\"column\" data-e-type=\"column\">\n\t\t\t<div class=\"elementor-widget-wrap elementor-element-populated\">\n\t\t\t\t\t\t<div class=\"elementor-element elementor-element-5683abb elementor-widget elementor-widget-image\" data-id=\"5683abb\" data-element_type=\"widget\" data-e-type=\"widget\" data-widget_type=\"image.default\">\n\t\t\t\t<div class=\"elementor-widget-container\">\n\t\t\t\t\t\t\t\t\t\t\t\t\t\t\t<img loading=\"lazy\" decoding=\"async\" width=\"150\" height=\"150\" src=\"https:\/\/peixateriafite.com\/wp-content\/uploads\/2023\/04\/3588020d-6fcc-4c48-bcea-7936c22cd04d-150x150.png\" class=\"attachment-thumbnail size-thumbnail wp-image-4970\" alt=\"\" srcset=\"https:\/\/peixateriafite.com\/wp-content\/uploads\/2023\/04\/3588020d-6fcc-4c48-bcea-7936c22cd04d-150x150.png 150w, https:\/\/peixateriafite.com\/wp-content\/uploads\/2023\/04\/3588020d-6fcc-4c48-bcea-7936c22cd04d-100x100.png 100w\" sizes=\"(max-width: 150px) 100vw, 150px\" \/>\t\t\t\t\t\t\t\t\t\t\t\t\t\t\t<\/div>\n\t\t\t\t<\/div>\n\t\t\t\t\t<\/div>\n\t\t<\/div>\n\t\t\t\t\t<\/div>\n\t\t<\/section>\n\t\t\t\t<section class=\"elementor-section elementor-top-section elementor-element elementor-element-202206b elementor-section-boxed elementor-section-height-default elementor-section-height-default\" data-id=\"202206b\" data-element_type=\"section\" data-e-type=\"section\" data-settings=\"{&quot;background_background&quot;:&quot;classic&quot;}\">\n\t\t\t\t\t\t<div class=\"elementor-container elementor-column-gap-default\">\n\t\t\t\t\t<div class=\"elementor-column elementor-col-100 elementor-top-column elementor-element elementor-element-e5c11e4\" data-id=\"e5c11e4\" data-element_type=\"column\" data-e-type=\"column\">\n\t\t\t<div class=\"elementor-widget-wrap elementor-element-populated\">\n\t\t\t\t\t\t<div class=\"elementor-element elementor-element-0a289a0 elementor-widget elementor-widget-text-editor\" data-id=\"0a289a0\" data-element_type=\"widget\" data-e-type=\"widget\" data-widget_type=\"text-editor.default\">\n\t\t\t\t<div class=\"elementor-widget-container\">\n\t\t\t\t\t\t\t\t\t<h2><span style=\"color: #139ca8;\">\u00bfCu\u00e1ndo recibir\u00e9 mi pedido?<\/span><\/h2><p>Puedes elegir la fecha exacta. Al finalizar el proceso de compra podr\u00e1s seleccionar en el calendario el d\u00eda y hora que quieras recibirlo.<\/p><p>Si el transportista no te localiza en tu domicilio, no te preocupes, se pondr\u00e1 en contacto contigo para concertar una hora de entrega.<\/p><p>Trabajamos con marisco y pescado fresco del d\u00eda, compramos tus productos en la lonja el d\u00eda antes de recibirlo en tu casa. Por este motivo tus pedidos llegar\u00e1n 48h despu\u00e9s de preparar tu pedido (a no ser que nos indiques una fecha diferente) y solo hacemos entregas de mi\u00e9rcoles a s\u00e1bado.<\/p><p><strong>Si necesitas que te mandemos tu pedido con mucha urgencia, ponte en contacto con nosotros antes de hacer tu pedido y veremos que podemos hacer.<\/strong><\/p><p>Ll\u00e1manos al 670693426 si ves que no cogemos el tel\u00e9fono d\u00e9janos un mensaje en el buz\u00f3n de voz y nos pondremos en contacto en la mayor brevedad posible.<\/p>\t\t\t\t\t\t\t\t<\/div>\n\t\t\t\t<\/div>\n\t\t\t\t\t<\/div>\n\t\t<\/div>\n\t\t\t\t\t<\/div>\n\t\t<\/section>\n\t\t\t\t<\/div>\n\t\t","protected":false},"excerpt":{"rendered":"<p>\u00bfC\u00f3mo comprar? Te lo ponemos muy f\u00e1cil. Los pedidos se pueden realizar de diferentes formas: En tienda on-line www.peixateriafite.com \u00a0 Por WhatsApp 670693426 Para realizar el pedido a trav\u00e9s de la tienda on-line peixateriafite.com 1. Navega por nuestra tienda y consulta los productos que m\u00e1s te interesan. Accediendo a cada producto podr\u00e1s ver toda la [&hellip;]<\/p>\n","protected":false},"author":2,"featured_media":0,"parent":0,"menu_order":0,"comment_status":"closed","ping_status":"closed","template":"elementor_theme","meta":{"footnotes":""},"class_list":["post-4024","page","type-page","status-publish","hentry"],"jetpack_sharing_enabled":true,"_links":{"self":[{"href":"https:\/\/peixateriafite.com\/index.php\/wp-json\/wp\/v2\/pages\/4024","targetHints":{"allow":["GET"]}}],"collection":[{"href":"https:\/\/peixateriafite.com\/index.php\/wp-json\/wp\/v2\/pages"}],"about":[{"href":"https:\/\/peixateriafite.com\/index.php\/wp-json\/wp\/v2\/types\/page"}],"author":[{"embeddable":true,"href":"https:\/\/peixateriafite.com\/index.php\/wp-json\/wp\/v2\/users\/2"}],"replies":[{"embeddable":true,"href":"https:\/\/peixateriafite.com\/index.php\/wp-json\/wp\/v2\/comments?post=4024"}],"version-history":[{"count":67,"href":"https:\/\/peixateriafite.com\/index.php\/wp-json\/wp\/v2\/pages\/4024\/revisions"}],"predecessor-version":[{"id":7304,"href":"https:\/\/peixateriafite.com\/index.php\/wp-json\/wp\/v2\/pages\/4024\/revisions\/7304"}],"wp:attachment":[{"href":"https:\/\/peixateriafite.com\/index.php\/wp-json\/wp\/v2\/media?parent=4024"}],"curies":[{"name":"wp","href":"https:\/\/api.w.org\/{rel}","templated":true}]}}