{"id":3812,"date":"2023-03-27T10:25:50","date_gmt":"2023-03-27T09:25:50","guid":{"rendered":"https:\/\/peixateriafite.com\/?page_id=3812"},"modified":"2025-04-06T18:38:14","modified_gmt":"2025-04-06T17:38:14","slug":"preguntas-frecuentes","status":"publish","type":"page","link":"https:\/\/peixateriafite.com\/index.php\/preguntas-frecuentes\/","title":{"rendered":"Preguntas frecuentes"},"content":{"rendered":"\t\t<div data-elementor-type=\"wp-page\" data-elementor-id=\"3812\" class=\"elementor elementor-3812\" data-elementor-post-type=\"page\">\n\t\t\t\t\t\t<section class=\"elementor-section elementor-top-section elementor-element elementor-element-a727b91 elementor-section-boxed elementor-section-height-default elementor-section-height-default\" data-id=\"a727b91\" data-element_type=\"section\" data-e-type=\"section\">\n\t\t\t\t\t\t<div class=\"elementor-container elementor-column-gap-default\">\n\t\t\t\t\t<div class=\"elementor-column elementor-col-100 elementor-top-column elementor-element elementor-element-f4979cf\" data-id=\"f4979cf\" data-element_type=\"column\" data-e-type=\"column\">\n\t\t\t<div class=\"elementor-widget-wrap elementor-element-populated\">\n\t\t\t\t\t\t<div class=\"elementor-element elementor-element-654e5fb elementor-widget elementor-widget-spacer\" data-id=\"654e5fb\" data-element_type=\"widget\" data-e-type=\"widget\" data-widget_type=\"spacer.default\">\n\t\t\t\t<div class=\"elementor-widget-container\">\n\t\t\t\t\t\t\t<div class=\"elementor-spacer\">\n\t\t\t<div class=\"elementor-spacer-inner\"><\/div>\n\t\t<\/div>\n\t\t\t\t\t\t<\/div>\n\t\t\t\t<\/div>\n\t\t\t\t<div class=\"elementor-element elementor-element-6690e5c elementor-widget elementor-widget-heading\" data-id=\"6690e5c\" data-element_type=\"widget\" data-e-type=\"widget\" data-widget_type=\"heading.default\">\n\t\t\t\t<div class=\"elementor-widget-container\">\n\t\t\t\t\t<h1 class=\"elementor-heading-title elementor-size-default\"><u>Preguntas Frecuentes<\/u><\/h1>\t\t\t\t<\/div>\n\t\t\t\t<\/div>\n\t\t\t\t\t<\/div>\n\t\t<\/div>\n\t\t\t\t\t<\/div>\n\t\t<\/section>\n\t\t\t\t<section class=\"elementor-section elementor-top-section elementor-element elementor-element-751d19f elementor-section-boxed elementor-section-height-default elementor-section-height-default\" data-id=\"751d19f\" data-element_type=\"section\" data-e-type=\"section\" data-settings=\"{&quot;background_background&quot;:&quot;classic&quot;}\">\n\t\t\t\t\t\t<div class=\"elementor-container elementor-column-gap-default\">\n\t\t\t\t\t<div class=\"elementor-column elementor-col-100 elementor-top-column elementor-element elementor-element-bf439fd\" data-id=\"bf439fd\" data-element_type=\"column\" data-e-type=\"column\">\n\t\t\t<div class=\"elementor-widget-wrap elementor-element-populated\">\n\t\t\t\t\t\t<div class=\"elementor-element elementor-element-2f150c9 elementor-widget elementor-widget-text-editor\" data-id=\"2f150c9\" data-element_type=\"widget\" data-e-type=\"widget\" data-widget_type=\"text-editor.default\">\n\t\t\t\t<div class=\"elementor-widget-container\">\n\t\t\t\t\t\t\t\t\t<h2><span style=\"color: #139ca8;\">\u00bfC\u00f3mo se garantiza la frescura del pescado?<\/span><\/h2><p>En cuanto a la pregunta de c\u00f3mo garantizamos la frescura de nuestros productos, podemos asegurarle que nuestro proceso de selecci\u00f3n y cadena de suministro se centra en ofrecer productos de la mejor calidad posible.<\/p><p>Trabajamos con proveedores cuidadosamente seleccionados y confiables que nos entregan el pescado directamente despu\u00e9s de ser capturado. Adem\u00e1s, nuestros expertos en pescado realizan inspecciones rigurosas para asegurarse de que el producto est\u00e9 en las mejores condiciones antes de que sea enviado a nuestros clientes.<\/p>\t\t\t\t\t\t\t\t<\/div>\n\t\t\t\t<\/div>\n\t\t\t\t\t<\/div>\n\t\t<\/div>\n\t\t\t\t\t<\/div>\n\t\t<\/section>\n\t\t\t\t<section class=\"elementor-section elementor-top-section elementor-element elementor-element-68e3c27 elementor-section-boxed elementor-section-height-default elementor-section-height-default\" data-id=\"68e3c27\" data-element_type=\"section\" data-e-type=\"section\" data-settings=\"{&quot;background_background&quot;:&quot;classic&quot;}\">\n\t\t\t\t\t\t<div class=\"elementor-container elementor-column-gap-default\">\n\t\t\t\t\t<div class=\"elementor-column elementor-col-100 elementor-top-column elementor-element elementor-element-9171a98\" data-id=\"9171a98\" data-element_type=\"column\" data-e-type=\"column\">\n\t\t\t<div class=\"elementor-widget-wrap elementor-element-populated\">\n\t\t\t\t\t\t<div class=\"elementor-element elementor-element-ec3d8c1 elementor-widget elementor-widget-text-editor\" data-id=\"ec3d8c1\" data-element_type=\"widget\" data-e-type=\"widget\" data-widget_type=\"text-editor.default\">\n\t\t\t\t<div class=\"elementor-widget-container\">\n\t\t\t\t\t\t\t\t\t<h2><span style=\"color: #139ca8;\">\u00bfC\u00f3mo se empaca el pescado para su env\u00edo?<\/span><\/h2><p style=\"text-align: left;\">Todos nuestros productos vienen en bolsas envasadas al vacio individuales por producto especiales para pescado que conservan su frescor y calidad del producto adquirido, de esta forma cu\u00e1ndo llegue su pescado podr\u00e1 guardarlo en la nevera o congelarlo directamente. Se colocar\u00e1n estas en cajas de Porexpan con hielo en el interior que conservar\u00e1n el producto en frio ya que viene en furg\u00f3n de Seur Fr\u00edo refrigerado a la temperatura que especifica la normativa de sanidad de la cadena de fr\u00edo. (aunque la caja es isot\u00e9rmica usted tendr\u00e1 que sacar los sobres de la caja y guardar el pescado que le llegue con la mayor brevedad en la nevera o en el congelador para que no se ponga malo el mismo). El marisco vendr\u00e1 envasado en malla y en bolsa de pl\u00e1stico para evitar que pierdan<br \/>su frescor.<\/p>\t\t\t\t\t\t\t\t<\/div>\n\t\t\t\t<\/div>\n\t\t\t\t\t<\/div>\n\t\t<\/div>\n\t\t\t\t\t<\/div>\n\t\t<\/section>\n\t\t\t\t<section class=\"elementor-section elementor-top-section elementor-element elementor-element-5cbba80 elementor-section-boxed elementor-section-height-default elementor-section-height-default\" data-id=\"5cbba80\" data-element_type=\"section\" data-e-type=\"section\" data-settings=\"{&quot;background_background&quot;:&quot;classic&quot;}\">\n\t\t\t\t\t\t<div class=\"elementor-container elementor-column-gap-default\">\n\t\t\t\t\t<div class=\"elementor-column elementor-col-100 elementor-top-column elementor-element elementor-element-b7d1795\" data-id=\"b7d1795\" data-element_type=\"column\" data-e-type=\"column\">\n\t\t\t<div class=\"elementor-widget-wrap elementor-element-populated\">\n\t\t\t\t\t\t<div class=\"elementor-element elementor-element-ca16e70 elementor-widget elementor-widget-text-editor\" data-id=\"ca16e70\" data-element_type=\"widget\" data-e-type=\"widget\" data-widget_type=\"text-editor.default\">\n\t\t\t\t<div class=\"elementor-widget-container\">\n\t\t\t\t\t\t\t\t\t<h2><span style=\"color: #139ca8;\">\u00bfQu\u00e9 tipos de pescado est\u00e1n disponibles y en qu\u00e9 presentaciones?<\/span><\/h2><p>En nuestra pescader\u00eda en l\u00ednea ofrecemos una amplia variedad de pescados y mariscos frescos y de la m\u00e1xima calidad, trabajamos con diferentes especies seg\u00fan la temporada y disponibilidad.<\/p><p>Adem\u00e1s, ofrecemos diferentes presentaciones y cortes para adaptarnos a las necesidades y preferencias de nuestros clientes. Algunas de las opciones m\u00e1s populares incluyen filetes, lomos, rodajas, mariscos enteros, y mucho m\u00e1s.<\/p><p>En nuestra pescader\u00eda en l\u00ednea, nos enorgullece ofrecer pescado fresco y de m\u00e1xima calidad, y nos esforzamos por satisfacer las necesidades de todos nuestros clientes. Si hay alg\u00fan tipo de pescado o presentaci\u00f3n que no encuentras en nuestro sitio web, no dudes en contactarnos y haremos todo lo posible para satisfacer tu solicitud.<\/p>\t\t\t\t\t\t\t\t<\/div>\n\t\t\t\t<\/div>\n\t\t\t\t\t<\/div>\n\t\t<\/div>\n\t\t\t\t\t<\/div>\n\t\t<\/section>\n\t\t\t\t<section class=\"elementor-section elementor-top-section elementor-element elementor-element-f36c118 elementor-section-boxed elementor-section-height-default elementor-section-height-default\" data-id=\"f36c118\" data-element_type=\"section\" data-e-type=\"section\" data-settings=\"{&quot;background_background&quot;:&quot;classic&quot;}\">\n\t\t\t\t\t\t<div class=\"elementor-container elementor-column-gap-default\">\n\t\t\t\t\t<div class=\"elementor-column elementor-col-100 elementor-top-column elementor-element elementor-element-8c7fb0e\" data-id=\"8c7fb0e\" data-element_type=\"column\" data-e-type=\"column\">\n\t\t\t<div class=\"elementor-widget-wrap elementor-element-populated\">\n\t\t\t\t\t\t<div class=\"elementor-element elementor-element-b63574e elementor-widget elementor-widget-text-editor\" data-id=\"b63574e\" data-element_type=\"widget\" data-e-type=\"widget\" data-widget_type=\"text-editor.default\">\n\t\t\t\t<div class=\"elementor-widget-container\">\n\t\t\t\t\t\t\t\t\t<h2><span style=\"color: #139ca8;\">\u00bfSi un producto no pesa lo mismo que pone en la tienda, cobr\u00e1is lo mismo?<\/span><\/h2><p>En nuestra pescader\u00eda solo pagar\u00e1s por el peso exacto, seg\u00fan el tipo de pescado puede variar por la merma del mismo como son la cabeza, espina, tripa, etc. Haremos todo lo posible para\u00a0 aproximarnos al peso que a pedido siempre, pero en el caso de que sea mayor usted no tendr\u00e1 que pagar de m\u00e1s y en el caso contrario si pesa menos le devolveremos la diferencia en el mismo m\u00e9todo de pago en el que haya realizado la compra.<\/p>\t\t\t\t\t\t\t\t<\/div>\n\t\t\t\t<\/div>\n\t\t\t\t\t<\/div>\n\t\t<\/div>\n\t\t\t\t\t<\/div>\n\t\t<\/section>\n\t\t\t\t<section class=\"elementor-section elementor-top-section elementor-element elementor-element-d3da37f elementor-section-boxed elementor-section-height-default elementor-section-height-default\" data-id=\"d3da37f\" data-element_type=\"section\" data-e-type=\"section\" data-settings=\"{&quot;background_background&quot;:&quot;classic&quot;}\">\n\t\t\t\t\t\t\t<div class=\"elementor-background-overlay\"><\/div>\n\t\t\t\t\t\t\t<div class=\"elementor-container elementor-column-gap-default\">\n\t\t\t\t\t<div class=\"elementor-column elementor-col-100 elementor-top-column elementor-element elementor-element-d6276a9\" data-id=\"d6276a9\" data-element_type=\"column\" data-e-type=\"column\">\n\t\t\t<div class=\"elementor-widget-wrap elementor-element-populated\">\n\t\t\t\t\t\t<div class=\"elementor-element elementor-element-f210901 elementor-widget elementor-widget-text-editor\" data-id=\"f210901\" data-element_type=\"widget\" data-e-type=\"widget\" data-widget_type=\"text-editor.default\">\n\t\t\t\t<div class=\"elementor-widget-container\">\n\t\t\t\t\t\t\t\t\t<h2><span style=\"color: #139ca8;\">\u00bfEl peso de cada producto es sin limpiar?<\/span><\/h2><p>Como siempre ha sido en la pescader\u00eda tradicional, el peso del producto que pagas en sin manipular ni limpiar. Siendo as\u00ed, ten en cuenta que el peso del pescado limpio siempre ser\u00e1 inferior.\u00a0<\/p>\t\t\t\t\t\t\t\t<\/div>\n\t\t\t\t<\/div>\n\t\t\t\t\t<\/div>\n\t\t<\/div>\n\t\t\t\t\t<\/div>\n\t\t<\/section>\n\t\t\t\t<section class=\"elementor-section elementor-top-section elementor-element elementor-element-b6f69ac elementor-section-boxed elementor-section-height-default elementor-section-height-default\" data-id=\"b6f69ac\" data-element_type=\"section\" data-e-type=\"section\" data-settings=\"{&quot;background_background&quot;:&quot;classic&quot;}\">\n\t\t\t\t\t\t<div class=\"elementor-container elementor-column-gap-default\">\n\t\t\t\t\t<div class=\"elementor-column elementor-col-100 elementor-top-column elementor-element elementor-element-e315b28\" data-id=\"e315b28\" data-element_type=\"column\" data-e-type=\"column\">\n\t\t\t<div class=\"elementor-widget-wrap elementor-element-populated\">\n\t\t\t\t\t\t<div class=\"elementor-element elementor-element-2a43c57 elementor-widget elementor-widget-text-editor\" data-id=\"2a43c57\" data-element_type=\"widget\" data-e-type=\"widget\" data-widget_type=\"text-editor.default\">\n\t\t\t\t<div class=\"elementor-widget-container\">\n\t\t\t\t\t\t\t\t\t<h2 class=\"et_pb_toggle_title\"><span style=\"color: #139ca8;\">\u00bfHay un importe m\u00ednimo de pedido?<\/span><\/h2><p>Si. el importe m\u00ednimo\u00a0 para realizar un pedido es de 50\u20ac (IVA Incluido). Sin incluir los Gastos de transporte.<\/p>\t\t\t\t\t\t\t\t<\/div>\n\t\t\t\t<\/div>\n\t\t\t\t\t<\/div>\n\t\t<\/div>\n\t\t\t\t\t<\/div>\n\t\t<\/section>\n\t\t\t\t<section class=\"elementor-section elementor-top-section elementor-element elementor-element-37c392b elementor-section-boxed elementor-section-height-default elementor-section-height-default\" data-id=\"37c392b\" data-element_type=\"section\" data-e-type=\"section\">\n\t\t\t\t\t\t\t<div class=\"elementor-background-overlay\"><\/div>\n\t\t\t\t\t\t\t<div class=\"elementor-container elementor-column-gap-default\">\n\t\t\t\t\t<div class=\"elementor-column elementor-col-100 elementor-top-column elementor-element elementor-element-1745daf\" data-id=\"1745daf\" data-element_type=\"column\" data-e-type=\"column\">\n\t\t\t<div class=\"elementor-widget-wrap elementor-element-populated\">\n\t\t\t\t\t\t<div class=\"elementor-element elementor-element-6ab0d03 elementor-widget__width-initial elementor-widget elementor-widget-text-editor\" data-id=\"6ab0d03\" data-element_type=\"widget\" data-e-type=\"widget\" data-widget_type=\"text-editor.default\">\n\t\t\t\t<div class=\"elementor-widget-container\">\n\t\t\t\t\t\t\t\t\t<h2><span style=\"color: #139ca8;\">\u00bfCu\u00e1les son las zonas, los d\u00edas y los horariosde reparto?<\/span><\/h2><p>Nuestra zona de reparto es a toda la pen\u00ednsula ib\u00e9rica.<\/p><p>Los d\u00edas y horarios para las zonas de reparto<br \/>son los siguientes:<br \/>Repartos a Barcelona capital, resto de la comunidad de Catalu\u00f1a y toda la pen\u00ednsula: <strong>De mi\u00e9rcoles a s\u00e1bado<\/strong><br \/>El pedido se recibir\u00e1 en 48h a partir de que procedamos a preparar su pedido, normalmente le llegar\u00e1 a su casa en 24-48 horas, pero si hay mucha demanda de pedidos o alguna circunstancia externa que nos lo impida c\u00f3mo podr\u00eda ser datos err\u00f3neos de destino, fechas especiales como navidad y fin de a\u00f1o, que no<br \/>encontr\u00e1semos el producto que nos pide, o que sea festivo en Catalu\u00f1a y mercabarna estuviese cerrado, etc. podr\u00eda tardar 24 horas m\u00e1s.<br \/>En ese caso nos pondr\u00edamos en contacto con usted y le informar\u00edamos del problema que pudiese surgir y buscar\u00edamos una soluci\u00f3n y formalizaremos un nuevo d\u00eda de entrega.<\/p><h5><strong><span style=\"color: #139ca8;\">\u00bfA que hora recibir\u00e9 mi pedido?<\/span><\/strong><\/h5><p>Todos los servicios en SEUR FRIO 13:30 podr\u00edan ser recibidos en su domicilio entre las 9:00h a 14:00h (depender\u00e1 de la hoja de ruta del transportista de SEUR)<\/p><p><b>Ejemplo<\/b>: Si hace una compra un martes hasta las 16:00, lo recibir\u00e1 el jueves con servicio 13:30 por<br \/>defecto.<br \/><b>Nota<\/b>: Todos los pedidos efectuados a partir del mi\u00e9rcoles a las 16:00 hasta el lunes a las<br \/>16:00h ser\u00e1n entregados el mi\u00e9rcoles siguiente con servicio 13:30 por defecto, a menos que se<br \/>haya seleccionado la pesta\u00f1a de extra de env\u00edo \u00abentrega en s\u00e1bado\u00bb (suplemento del precio estandard).<\/p><p><b>SEUR FR\u00cdO 10:00 (suplemento adicional), (entrega antes de las 10:00 y<br \/>s\u00e1bados)<\/b><\/p><p>Recuerde hacer previsi\u00f3n el d\u00eda de la entrega para que haya alguien en la direcci\u00f3n de entrega entre esas horas comprendidas. Los horarios de entrega se podr\u00edan ver afectados por situaciones extraordinarias ajenas a nuestra empresa, en ese caso nos pondremos en contacto con usted para formalizar el d\u00eda de entrega. Si la entrega la hiciera la empresa de transporte SEUR FRIO y no se encontrar\u00e1 en su domicilio, ser\u00e1 devuelto a las dependencias de SEUR donde permanecer\u00e1 en una c\u00e1mara frigor\u00edfica hasta el d\u00eda siguiente que ser\u00e1 cuando lo vuelvan a poner en reparto. Peixateria Fit\u00e9 no se responsabilizar\u00e1 de los productos adquiridos en el caso de que el cliente no se encuentre en su domicilio y con ello genere retardos en la entrega.<\/p><h3><strong><span style=\"color: #139ca8;\"><u>AVISO<\/u><\/span><\/strong><\/h3><p>Tanto los horarios como las zonas de reparto o los portes podr\u00edan sufrir futuras modificaciones en funci\u00f3n de la demanda de los clientes ajust\u00e1ndolo a<br \/>nuevas exigencias.<\/p><h5><span style=\"color: #000000;\"><b>\u00a1\u00a1IMPORTANTE!!<\/b><\/span><\/h5><p>En el caso de que no le cuadre ninguno de los horarios aqu\u00ed expuestos, contacte con nosotros en el tel\u00e9fono 670693426 (Por WhatsApp y nos pondremos en contacto con usted en la mayor brevedad disponible) e intentaremos dentro de lo posible ponernos de acuerdo para que pueda recibir su pedido.<\/p>\t\t\t\t\t\t\t\t<\/div>\n\t\t\t\t<\/div>\n\t\t\t\t\t<\/div>\n\t\t<\/div>\n\t\t\t\t\t<\/div>\n\t\t<\/section>\n\t\t\t\t<\/div>\n\t\t","protected":false},"excerpt":{"rendered":"<p>Preguntas Frecuentes \u00bfC\u00f3mo se garantiza la frescura del pescado? En cuanto a la pregunta de c\u00f3mo garantizamos la frescura de nuestros productos, podemos asegurarle que nuestro proceso de selecci\u00f3n y cadena de suministro se centra en ofrecer productos de la mejor calidad posible. Trabajamos con proveedores cuidadosamente seleccionados y confiables que nos entregan el pescado [&hellip;]<\/p>\n","protected":false},"author":2,"featured_media":0,"parent":0,"menu_order":0,"comment_status":"closed","ping_status":"closed","template":"elementor_theme","meta":{"footnotes":""},"class_list":["post-3812","page","type-page","status-publish","hentry"],"jetpack_sharing_enabled":true,"_links":{"self":[{"href":"https:\/\/peixateriafite.com\/index.php\/wp-json\/wp\/v2\/pages\/3812","targetHints":{"allow":["GET"]}}],"collection":[{"href":"https:\/\/peixateriafite.com\/index.php\/wp-json\/wp\/v2\/pages"}],"about":[{"href":"https:\/\/peixateriafite.com\/index.php\/wp-json\/wp\/v2\/types\/page"}],"author":[{"embeddable":true,"href":"https:\/\/peixateriafite.com\/index.php\/wp-json\/wp\/v2\/users\/2"}],"replies":[{"embeddable":true,"href":"https:\/\/peixateriafite.com\/index.php\/wp-json\/wp\/v2\/comments?post=3812"}],"version-history":[{"count":43,"href":"https:\/\/peixateriafite.com\/index.php\/wp-json\/wp\/v2\/pages\/3812\/revisions"}],"predecessor-version":[{"id":7384,"href":"https:\/\/peixateriafite.com\/index.php\/wp-json\/wp\/v2\/pages\/3812\/revisions\/7384"}],"wp:attachment":[{"href":"https:\/\/peixateriafite.com\/index.php\/wp-json\/wp\/v2\/media?parent=3812"}],"curies":[{"name":"wp","href":"https:\/\/api.w.org\/{rel}","templated":true}]}}